{"id":33773,"date":"2020-09-11T13:39:44","date_gmt":"2020-09-11T12:39:44","guid":{"rendered":"http:\/\/jrrtestate.wpengine.com\/john-d-rateliff-the-hobbit-a-cornerstone\/"},"modified":"2022-02-23T16:01:09","modified_gmt":"2022-02-23T16:01:09","slug":"john-d-rateliff-el-hobbit-una-piedra-angular","status":"publish","type":"page","link":"https:\/\/www.tolkienestate.com\/es\/escribir\/john-d-rateliff-el-hobbit-una-piedra-angular\/","title":{"rendered":"John D. Rateliff, \u2018El Hobbit, una Piedra Angular\u2019"},"content":{"rendered":"<p>[et_pb_section fb_built=\u00bb1&#8243; _builder_version=\u00bb4.5.6&#8243; _module_preset=\u00bbdefault\u00bb background_color=\u00bb#2f3534&#8243; custom_margin=\u00bb||||false|false\u00bb custom_padding=\u00bb0px||0px||false|false\u00bb animation_direction=\u00bbtop\u00bb saved_tabs=\u00bball\u00bb global_colors_info=\u00bb{}\u00bb][et_pb_row _builder_version=\u00bb4.5.6&#8243; _module_preset=\u00bbdefault\u00bb custom_padding=\u00bb20px||20px||false|false\u00bb global_colors_info=\u00bb{}\u00bb][et_pb_column type=\u00bb4_4&#8243; _builder_version=\u00bb4.5.6&#8243; _module_preset=\u00bbdefault\u00bb global_colors_info=\u00bb{}\u00bb][et_pb_text module_class=\u00bbyoastBC\u00bb _builder_version=\u00bb4.5.6&#8243; _module_preset=\u00bbdefault\u00bb text_font=\u00bb|||on|||||\u00bb text_text_color=\u00bb#9f8d60&#8243; link_text_color=\u00bb#9f8d60&#8243; text_orientation=\u00bbcenter\u00bb global_colors_info=\u00bb{}\u00bb]<span><span><a href=\"https:\/\/www.tolkienestate.com\/es\/\">Home<\/a><\/span><\/span>[\/et_pb_text][\/et_pb_column][\/et_pb_row][\/et_pb_section][et_pb_section fb_built=\u00bb1&#8243; custom_padding_last_edited=\u00bbon|phone\u00bb _builder_version=\u00bb4.14.8&#8243; _module_preset=\u00bbdefault\u00bb background_image=\u00bbhttps:\/\/www.tolkienestate.com\/wp-content\/uploads\/2020\/12\/hobbit-banner.png\u00bb custom_padding=\u00bb220px||220px||false|false\u00bb custom_padding_tablet=\u00bb\u00bb custom_padding_phone=\u00bb100px||100px||false|false\u00bb hover_enabled=\u00bb0&#8243; locked=\u00bboff\u00bb global_colors_info=\u00bb{}\u00bb use_background_color_gradient=\u00bbon\u00bb background_color_gradient_start=\u00bbrgba(0,0,0,0.22)\u00bb background_color_gradient_end=\u00bbrgba(0,0,0,0.24)\u00bb background_color_gradient_overlays_image=\u00bbon\u00bb sticky_enabled=\u00bb0&#8243;][et_pb_row _builder_version=\u00bb4.6.1&#8243; _module_preset=\u00bbdefault\u00bb width=\u00bb100%\u00bb global_colors_info=\u00bb{}\u00bb][et_pb_column type=\u00bb4_4&#8243; _builder_version=\u00bb4.5.6&#8243; _module_preset=\u00bbdefault\u00bb global_colors_info=\u00bb{}\u00bb][et_pb_text _builder_version=\u00bb4.6.1&#8243; _dynamic_attributes=\u00bbcontent\u00bb _module_preset=\u00bbdefault\u00bb header_text_align=\u00bbcenter\u00bb header_text_color=\u00bb#ffffff\u00bb header_font_size=\u00bb60px\u00bb header_letter_spacing=\u00bb8px\u00bb width=\u00bb95%\u00bb module_alignment=\u00bbcenter\u00bb header_font_size_tablet=\u00bb40px\u00bb header_font_size_phone=\u00bb40px\u00bb header_font_size_last_edited=\u00bbon|tablet\u00bb header_letter_spacing_tablet=\u00bb1px\u00bb header_letter_spacing_phone=\u00bb1px\u00bb header_letter_spacing_last_edited=\u00bbon|phone\u00bb global_colors_info=\u00bb{}\u00bb]@ET-DC@eyJkeW5hbWljIjp0cnVlLCJjb250ZW50IjoicG9zdF90aXRsZSIsInNldHRpbmdzIjp7ImJlZm9yZSI6IjxoMT4iLCJhZnRlciI6IjwvaDE+In19@[\/et_pb_text][\/et_pb_column][\/et_pb_row][\/et_pb_section][et_pb_section fb_built=\u00bb1&#8243; _builder_version=\u00bb4.5.6&#8243; _module_preset=\u00bbdefault\u00bb background_color=\u00bb#f7f7f1&#8243; global_colors_info=\u00bb{}\u00bb][et_pb_row _builder_version=\u00bb4.5.6&#8243; _module_preset=\u00bbdefault\u00bb global_colors_info=\u00bb{}\u00bb][et_pb_column type=\u00bb4_4&#8243; _builder_version=\u00bb4.5.6&#8243; _module_preset=\u00bbdefault\u00bb global_colors_info=\u00bb{}\u00bb][et_pb_text _builder_version=\u00bb4.6.1&#8243; text_font_size=\u00bb20px\u00bb text_line_height=\u00bb1.6em\u00bb link_text_color=\u00bb#9f8d60&#8243; width=\u00bb66%\u00bb module_alignment=\u00bbcenter\u00bb animation_style=\u00bbfade\u00bb animation_duration=\u00bb1500ms\u00bb locked=\u00bboff\u00bb global_colors_info=\u00bb{}\u00bb]<\/p>\n<p>Art\u00edculo escrito por John D. Rateliff, autor de The History of The Hobbit.\u00a0Para conocer otro enfoque sobre El Hobbit, les invitamos a leer, su art\u00edculo asociado. ~<\/p>\n<p>[\/et_pb_text][\/et_pb_column][\/et_pb_row][\/et_pb_section][et_pb_section fb_built=\u00bb1&#8243; _builder_version=\u00bb4.5.6&#8243; _module_preset=\u00bbdefault\u00bb global_colors_info=\u00bb{}\u00bb][et_pb_row _builder_version=\u00bb4.3.4&#8243; width=\u00bb50%\u00bb width_tablet=\u00bb80%\u00bb width_phone=\u00bb80%\u00bb width_last_edited=\u00bbon|tablet\u00bb locked=\u00bboff\u00bb global_colors_info=\u00bb{}\u00bb][et_pb_column type=\u00bb4_4&#8243; _builder_version=\u00bb4.3.4&#8243; global_colors_info=\u00bb{}\u00bb][et_pb_text _builder_version=\u00bb4.6.1&#8243; text_line_height=\u00bb1.9em\u00bb module_alignment=\u00bbcenter\u00bb animation_style=\u00bbfade\u00bb animation_duration=\u00bb1500ms\u00bb global_colors_info=\u00bb{}\u00bb]<\/p>\n<p><em><strong>El Hobbit<\/strong><\/em> es el libro a partir del cual muchos lectores se inician en la obra de J.R.R. Tolkien. Se trata de una elecci\u00f3n acertada, puesto que el libro contiene, en una sola historia, todos los elementos que hacen a Tolkien tan excepcional. Nos introduce en el fascinante universo de la Tierra Media, en sus m\u00e1gicos paisajes y en su propia historia interna. Narra una aventura inesperada y cautivadora, que transcurre en un mundo poblado por extra\u00f1as criaturas, procedentes del folclore y de los cuentos de hadas, a los que Tolkien dot\u00f3, sin embargo, de rasgos tan peculiares que cada uno era \u00fanico. Pero lo que destaca ante todo es el tono narrativo, desprovisto de toda pretensi\u00f3n, que muestra c\u00f3mo una persona ordinaria puede llegar a convertirse en un h\u00e9roe: el mism\u00edsimo hobbit Bilbo Bols\u00f3n. En el periodo en que apareci\u00f3 <em>El Hobbit<\/em>, la edad de oro de la literatura juvenil brit\u00e1nica estaba llegando a su fin; pero cuando los lectores descubrieron esta historia, pidieron \u00ab\u00a1m\u00e1s historias de hobbits!\u00bb. Lleg\u00f3 entonces <em>El Se\u00f1or de los Anillos<\/em> y el mundo imaginario en el que Bilbo evoluciona se convirti\u00f3 en uno de los m\u00e1s famosos de todos los tiempos.<\/p>\n<p>[\/et_pb_text][et_pb_image src=\u00bbhttps:\/\/www.tolkienestate.com\/wp-content\/uploads\/2020\/12\/529-azz0115.jpg\u00bb title_text=\u00bb529 azz0115&#8243; _builder_version=\u00bb4.6.1&#8243; _module_preset=\u00bbdefault\u00bb locked=\u00bboff\u00bb global_colors_info=\u00bb{}\u00bb][\/et_pb_image][et_pb_text _builder_version=\u00bb4.6.1&#8243; _module_preset=\u00bbdefault\u00bb text_font=\u00bb||on||||||\u00bb text_orientation=\u00bbcenter\u00bb locked=\u00bboff\u00bb global_colors_info=\u00bb{}\u00bb]Thror\u2019s Map with special instructions written in runes.[\/et_pb_text][et_pb_text _builder_version=\u00bb4.6.1&#8243; text_line_height=\u00bb1.9em\u00bb module_alignment=\u00bbcenter\u00bb animation_style=\u00bbfade\u00bb animation_duration=\u00bb1500ms\u00bb global_colors_info=\u00bb{}\u00bb]<\/p>\n<p><strong>La Edad de Oro<\/strong><\/p>\n<p><em>El Hobbit<\/em> se enmarca en la gran tradici\u00f3n brit\u00e1nica de fantas\u00eda literaria juvenil, del mismo modo que Las aventuras de Alicia en el pa\u00eds de las maravillas de Lewis Carroll (1865), El viento en los sauces de Kenneth Grahame (1908), Los Viajes del Doctor Dolittle de Hugh Lofting (1922), o Winny de Puh de A. A. Milne (1926). [consulten nuestra secci\u00f3n Enlaces para m\u00e1s informaci\u00f3n.] Pero (salvo por su gran calidad) esta historia es completamente diferente de las obras de la tradici\u00f3n a la que pertenece, ya que crea un mundo imaginario \u00fanico, que, al mismo tiempo, se aparta y se asemeja a la existencia cotidiana del lector. Cada una de estas obras es incomparable y tiene valor en s\u00ed misma; sin embargo, muchas de ellas dieron lugar a secuelas o a otras historias en las que se introdujeron de nuevo personajes o paisajes ya conocidos. M\u00e1s notable a\u00fan es que fueron escritas para dos tipos de lectores: j\u00f3venes y adultos. En lo que se refiere a <em>El Hobbit<\/em>, es la picard\u00eda del narrador la que sirve de puente entre los dos tipos de lectores, ya que le permite informar, recordar, provocar y tranquilizar a los mismos.<\/p>\n<p>[\/et_pb_text][et_pb_text _builder_version=\u00bb4.6.1&#8243; text_line_height=\u00bb1.9em\u00bb module_alignment=\u00bbcenter\u00bb animation_style=\u00bbfade\u00bb animation_duration=\u00bb1500ms\u00bb global_colors_info=\u00bb{}\u00bb]<\/p>\n<p><strong>\u00abYa no es el hobbit que era antes\u00bb<\/strong><\/p>\n<p>En la mayor\u00eda de las historias antes mencionadas, el personaje protagonista no evoluciona, a pesar de sus vivencias: la ni\u00f1a que sale del espejo al final de Al otro lado del espejo no es muy diferente de la que cae al interior de la guarida del conejo al principio de Las aventuras de Alicia en el pa\u00eds de las maravillas; asimismo, Winnie y el doctor Dolittle tienen una capacidad entra\u00f1able para seguir siendo los mismos, sea donde sea y pase lo que pase.<\/p>\n<p><em>El Hobbit<\/em> es inusual debido a que Bilbo se transforma notablemente a lo largo de la historia, experimentando una serie de emocionantes aventuras y de inesperados encuentros que explotan toda la magia de su maravilloso mundo. <em>El Hobbit<\/em> cuenta la historia de un individuo ordinario, que, de repente, se ve llamado a hacer cosas extraordinarias. Y descubre, no sin disfrutarlo, que, sorprendentemente y a pesar de sus dificultades al comienzo de su aventura, tiene un gran talento para lograr con \u00e9xito sus objetivos.<\/p>\n<p>\u00a0Aunque sea demasiado modesto para darse cuenta de ello, Bilbo se convierte en un verdadero h\u00e9roe, dispuesto a sacrificar la recompensa prometida para ir a salvar a sus amigos y evitar una batalla sin sentido. Al final regresa a casa, sin cambios aparentes, pero confiando en su propio juicio y dispuesto a abandonarse a su suerte, entablar amistad con personajes poco convencionales y vivir su vida sin importarle lo que piensen los vecinos, sinti\u00e9ndose \u00abmuy feliz hasta el fin de sus d\u00edas, que fueron extraordinariamente largos\u00bb, una frase muy parecida a la f\u00f3rmula \u00abvivieron felices para siempre\u00bb, que suele encontrarse en los cuentos.<\/p>\n<p>[\/et_pb_text][et_pb_text _builder_version=\u00bb4.6.1&#8243; text_line_height=\u00bb1.9em\u00bb module_alignment=\u00bbcenter\u00bb animation_style=\u00bbfade\u00bb animation_duration=\u00bb1500ms\u00bb global_colors_info=\u00bb{}\u00bb]<\/p>\n<p><strong>\u00abEntrar en el mundo de la epopeya\u00bb<\/strong><\/p>\n<p>Muchos lectores notaron un cambio en el tono de la historia, cuando Thorin y compa\u00f1\u00eda llegan a la Monta\u00f1a Solitaria. De hecho, la \u00faltima parte del libro parece diferente, m\u00e1s seria que la narraci\u00f3n, a veces espantosa y otras divertida, de las aventuras de Bilbo en su viaje hacia el este. Este cambio es debido en parte a que llegamos al cl\u00edmax de la historia: la amenaza del drag\u00f3n supera, como se ha de esperar, a todas las que se han enfrentado nuestros h\u00e9roes anteriormente. Pero tambi\u00e9n es debido a la decisi\u00f3n deliberada de Tolkien de incorporar las ideas que iban surgiendo en su mente mientras escrib\u00eda el libro, dejando de lado la concepci\u00f3n original (en la que Bilbo mata al drag\u00f3n), a favor de una resoluci\u00f3n m\u00e1s compleja.<\/p>\n<p>Por tanto, el cl\u00edmax de la obra no se desencadena realmente con la aparici\u00f3n de Smaug, el drag\u00f3n, aunque \u00e9sta sea impresionante, sino cuando \u00e9ste maldice el tesoro, el cual hab\u00eda atra\u00eddo poco a poco a casi todos los amigos y enemigos a los que Bilbo hab\u00eda encontrado desde que sali\u00f3 de las Monta\u00f1as Nubladas, en una terrible batalla motivada por la posesi\u00f3n del tesoro de Smaug. La imprevisible muerte de varios personajes, e incluso de algunos de los m\u00e1s simp\u00e1ticos compa\u00f1eros de Bilbo, trae consigo una gran lecci\u00f3n: el precio que hay que pagar para conseguir suprimir un gran mal, y el hecho de que quienes contribuyen a alcanzar un mundo mejor, no siempre tienen la suerte de vivir para verlo.<\/p>\n<p>[\/et_pb_text][et_pb_text _builder_version=\u00bb4.6.1&#8243; text_line_height=\u00bb1.9em\u00bb module_alignment=\u00bbcenter\u00bb animation_style=\u00bbfade\u00bb animation_duration=\u00bb1500ms\u00bb global_colors_info=\u00bb{}\u00bb]<\/p>\n<p><strong>\u00abM\u00e1s historias sobre Hobbits\u00bb (El vasto mundo)<\/strong><\/p>\n<p>Adem\u00e1s de todas sus cualidades intr\u00ednsecas: el m\u00edtico encuentro con Gollum (el cual constituye una de las mejores escenas escritas por Tolkien), la fant\u00e1stica descripci\u00f3n de Smaug (\u00abla m\u00e1s importante, la m\u00e1s grande de las Calamidades\u00bb), el inicio de nuestra propia amistad con el gran Gandalf el Gris, el car\u00e1cter obstinado pero leal de Thorin Escudo de Roble y de sus compa\u00f1eros de exilio, y por supuesto, la figura de Bilbo en s\u00ed; <em>El Hobbit<\/em> ha originado grandes cosas.<\/p>\n<p>De hecho, abri\u00f3 paso a otra formidable obra literaria de Tolkien: <em>El Se\u00f1or de los Anillos<\/em>, surgida a ra\u00edz de la petici\u00f3n de sus editores, quienes ante el \u00e9xito del primero quisieron continuaci\u00f3n, o al menos, otro libro acerca de hobbits. Cuando Tolkien escribi\u00f3 <em>El Hobbit<\/em>, llevaba ya unos quince a\u00f1os creando relatos cuya acci\u00f3n se ubicaba en lo que m\u00e1s tarde se llamar\u00eda la Tierra Media. La historia de Bilbo le mostr\u00f3 el camino para introducir su propia mitolog\u00eda a un p\u00fablico m\u00e1s amplio. El hecho de explorar el mundo de Bilbo Bols\u00f3n, de contar m\u00e1s sobre los hobbits, y de buscar respuestas en los detalles inexplicados de la primera aventura, le llev\u00f3 a escribir su obra maestra, la que hizo de \u00e9l un autor imprescindible: <em>El Se\u00f1or de los Anillos<\/em>.<\/p>\n<p>[\/et_pb_text][\/et_pb_column][\/et_pb_row][\/et_pb_section]<\/p>\n","protected":false},"excerpt":{"rendered":"<p><span><span><a href=\"https:\/\/www.tolkienestate.com\/es\/\">Home<\/a><\/span><\/span>Art\u00edculo escrito por John D. Rateliff, autor de The History of The Hobbit.\u00a0Para conocer otro enfoque sobre El Hobbit, les invitamos a leer, su art\u00edculo asociado. ~El Hobbit es el libro a partir del cual muchos lectores se inician en la obra de J.R.R. Tolkien. Se trata de una elecci\u00f3n acertada, puesto que el libro [&hellip;]<\/p>\n","protected":false},"author":1,"featured_media":0,"parent":33810,"menu_order":0,"comment_status":"closed","ping_status":"closed","template":"","meta":{"_et_pb_use_builder":"on","_et_pb_old_content":"","_et_gb_content_width":"","footnotes":""},"class_list":["post-33773","page","type-page","status-publish","hentry"],"yoast_head":"<!-- This site is optimized with the Yoast SEO plugin v27.5 - https:\/\/yoast.com\/product\/yoast-seo-wordpress\/ -->\n<title>John D. Rateliff, \u2018El Hobbit, una Piedra Angular\u2019 - The Tolkien Estate<\/title>\n<meta name=\"robots\" content=\"index, follow, max-snippet:-1, max-image-preview:large, max-video-preview:-1\" \/>\n<link rel=\"canonical\" href=\"https:\/\/www.tolkienestate.com\/es\/escribir\/john-d-rateliff-el-hobbit-una-piedra-angular\/\" \/>\n<meta property=\"og:locale\" content=\"es_ES\" \/>\n<meta property=\"og:type\" content=\"article\" \/>\n<meta property=\"og:title\" content=\"John D. Rateliff, \u2018El Hobbit, una Piedra Angular\u2019 - The Tolkien Estate\" \/>\n<meta property=\"og:description\" content=\"Art\u00edculo escrito por John D. Rateliff, autor de The History of The Hobbit.\u00a0Para conocer otro enfoque sobre El Hobbit, les invitamos a leer, su art\u00edculo asociado. ~El Hobbit es el libro a partir del cual muchos lectores se inician en la obra de J.R.R. Tolkien. Se trata de una elecci\u00f3n acertada, puesto que el libro [&hellip;]\" \/>\n<meta property=\"og:url\" content=\"https:\/\/www.tolkienestate.com\/es\/escribir\/john-d-rateliff-el-hobbit-una-piedra-angular\/\" \/>\n<meta property=\"og:site_name\" content=\"The Tolkien Estate\" \/>\n<meta property=\"article:modified_time\" content=\"2022-02-23T16:01:09+00:00\" \/>\n<meta name=\"twitter:card\" content=\"summary_large_image\" \/>\n<meta name=\"twitter:label1\" content=\"Tiempo de lectura\" \/>\n\t<meta name=\"twitter:data1\" content=\"9 minutos\" \/>\n<script type=\"application\/ld+json\" class=\"yoast-schema-graph\">{\"@context\":\"https:\\\/\\\/schema.org\",\"@graph\":[{\"@type\":\"WebPage\",\"@id\":\"https:\\\/\\\/www.tolkienestate.com\\\/es\\\/escribir\\\/john-d-rateliff-el-hobbit-una-piedra-angular\\\/\",\"url\":\"https:\\\/\\\/www.tolkienestate.com\\\/es\\\/escribir\\\/john-d-rateliff-el-hobbit-una-piedra-angular\\\/\",\"name\":\"John D. Rateliff, \u2018El Hobbit, una Piedra Angular\u2019 - The Tolkien Estate\",\"isPartOf\":{\"@id\":\"https:\\\/\\\/www.tolkienestate.com\\\/#website\"},\"datePublished\":\"2020-09-11T12:39:44+00:00\",\"dateModified\":\"2022-02-23T16:01:09+00:00\",\"breadcrumb\":{\"@id\":\"https:\\\/\\\/www.tolkienestate.com\\\/es\\\/escribir\\\/john-d-rateliff-el-hobbit-una-piedra-angular\\\/#breadcrumb\"},\"inLanguage\":\"es\",\"potentialAction\":[{\"@type\":\"ReadAction\",\"target\":[\"https:\\\/\\\/www.tolkienestate.com\\\/es\\\/escribir\\\/john-d-rateliff-el-hobbit-una-piedra-angular\\\/\"]}]},{\"@type\":\"BreadcrumbList\",\"@id\":\"https:\\\/\\\/www.tolkienestate.com\\\/es\\\/escribir\\\/john-d-rateliff-el-hobbit-una-piedra-angular\\\/#breadcrumb\",\"itemListElement\":[{\"@type\":\"ListItem\",\"position\":1,\"name\":\"Home\",\"item\":\"https:\\\/\\\/www.tolkienestate.com\\\/es\\\/\"},{\"@type\":\"ListItem\",\"position\":2,\"name\":\"Escribir\",\"item\":\"https:\\\/\\\/www.tolkienestate.com\\\/es\\\/escribir\\\/\"},{\"@type\":\"ListItem\",\"position\":3,\"name\":\"John D. Rateliff, \u2018El Hobbit, una Piedra Angular\u2019\"}]},{\"@type\":\"WebSite\",\"@id\":\"https:\\\/\\\/www.tolkienestate.com\\\/#website\",\"url\":\"https:\\\/\\\/www.tolkienestate.com\\\/\",\"name\":\"The Tolkien Estate\",\"description\":\"\",\"potentialAction\":[{\"@type\":\"SearchAction\",\"target\":{\"@type\":\"EntryPoint\",\"urlTemplate\":\"https:\\\/\\\/www.tolkienestate.com\\\/?s={search_term_string}\"},\"query-input\":{\"@type\":\"PropertyValueSpecification\",\"valueRequired\":true,\"valueName\":\"search_term_string\"}}],\"inLanguage\":\"es\"}]}<\/script>\n<!-- \/ Yoast SEO plugin. -->","yoast_head_json":{"title":"John D. Rateliff, \u2018El Hobbit, una Piedra Angular\u2019 - The Tolkien Estate","robots":{"index":"index","follow":"follow","max-snippet":"max-snippet:-1","max-image-preview":"max-image-preview:large","max-video-preview":"max-video-preview:-1"},"canonical":"https:\/\/www.tolkienestate.com\/es\/escribir\/john-d-rateliff-el-hobbit-una-piedra-angular\/","og_locale":"es_ES","og_type":"article","og_title":"John D. Rateliff, \u2018El Hobbit, una Piedra Angular\u2019 - The Tolkien Estate","og_description":"Art\u00edculo escrito por John D. Rateliff, autor de The History of The Hobbit.\u00a0Para conocer otro enfoque sobre El Hobbit, les invitamos a leer, su art\u00edculo asociado. ~El Hobbit es el libro a partir del cual muchos lectores se inician en la obra de J.R.R. Tolkien. Se trata de una elecci\u00f3n acertada, puesto que el libro [&hellip;]","og_url":"https:\/\/www.tolkienestate.com\/es\/escribir\/john-d-rateliff-el-hobbit-una-piedra-angular\/","og_site_name":"The Tolkien Estate","article_modified_time":"2022-02-23T16:01:09+00:00","twitter_card":"summary_large_image","twitter_misc":{"Tiempo de lectura":"9 minutos"},"schema":{"@context":"https:\/\/schema.org","@graph":[{"@type":"WebPage","@id":"https:\/\/www.tolkienestate.com\/es\/escribir\/john-d-rateliff-el-hobbit-una-piedra-angular\/","url":"https:\/\/www.tolkienestate.com\/es\/escribir\/john-d-rateliff-el-hobbit-una-piedra-angular\/","name":"John D. Rateliff, \u2018El Hobbit, una Piedra Angular\u2019 - The Tolkien Estate","isPartOf":{"@id":"https:\/\/www.tolkienestate.com\/#website"},"datePublished":"2020-09-11T12:39:44+00:00","dateModified":"2022-02-23T16:01:09+00:00","breadcrumb":{"@id":"https:\/\/www.tolkienestate.com\/es\/escribir\/john-d-rateliff-el-hobbit-una-piedra-angular\/#breadcrumb"},"inLanguage":"es","potentialAction":[{"@type":"ReadAction","target":["https:\/\/www.tolkienestate.com\/es\/escribir\/john-d-rateliff-el-hobbit-una-piedra-angular\/"]}]},{"@type":"BreadcrumbList","@id":"https:\/\/www.tolkienestate.com\/es\/escribir\/john-d-rateliff-el-hobbit-una-piedra-angular\/#breadcrumb","itemListElement":[{"@type":"ListItem","position":1,"name":"Home","item":"https:\/\/www.tolkienestate.com\/es\/"},{"@type":"ListItem","position":2,"name":"Escribir","item":"https:\/\/www.tolkienestate.com\/es\/escribir\/"},{"@type":"ListItem","position":3,"name":"John D. Rateliff, \u2018El Hobbit, una Piedra Angular\u2019"}]},{"@type":"WebSite","@id":"https:\/\/www.tolkienestate.com\/#website","url":"https:\/\/www.tolkienestate.com\/","name":"The Tolkien Estate","description":"","potentialAction":[{"@type":"SearchAction","target":{"@type":"EntryPoint","urlTemplate":"https:\/\/www.tolkienestate.com\/?s={search_term_string}"},"query-input":{"@type":"PropertyValueSpecification","valueRequired":true,"valueName":"search_term_string"}}],"inLanguage":"es"}]}},"_links":{"self":[{"href":"https:\/\/www.tolkienestate.com\/es\/wp-json\/wp\/v2\/pages\/33773","targetHints":{"allow":["GET"]}}],"collection":[{"href":"https:\/\/www.tolkienestate.com\/es\/wp-json\/wp\/v2\/pages"}],"about":[{"href":"https:\/\/www.tolkienestate.com\/es\/wp-json\/wp\/v2\/types\/page"}],"author":[{"embeddable":true,"href":"https:\/\/www.tolkienestate.com\/es\/wp-json\/wp\/v2\/users\/1"}],"replies":[{"embeddable":true,"href":"https:\/\/www.tolkienestate.com\/es\/wp-json\/wp\/v2\/comments?post=33773"}],"version-history":[{"count":0,"href":"https:\/\/www.tolkienestate.com\/es\/wp-json\/wp\/v2\/pages\/33773\/revisions"}],"up":[{"embeddable":true,"href":"https:\/\/www.tolkienestate.com\/es\/wp-json\/wp\/v2\/pages\/33810"}],"wp:attachment":[{"href":"https:\/\/www.tolkienestate.com\/es\/wp-json\/wp\/v2\/media?parent=33773"}],"curies":[{"name":"wp","href":"https:\/\/api.w.org\/{rel}","templated":true}]}}