{"id":33786,"date":"2020-09-11T13:54:30","date_gmt":"2020-09-11T12:54:30","guid":{"rendered":"http:\/\/jrrtestate.wpengine.com\/tom-shippey-the-lord-of-the-rings-book-of-the-century\/"},"modified":"2021-10-18T15:59:43","modified_gmt":"2021-10-18T14:59:43","slug":"tom-shippey-el-senor-de-los-anillos-el-libro-del-siglo","status":"publish","type":"page","link":"https:\/\/www.tolkienestate.com\/es\/escribir\/tom-shippey-el-senor-de-los-anillos-el-libro-del-siglo\/","title":{"rendered":"Tom Shippey, \u2018El Se\u00f1or de los Anillos, El Libro del Siglo\u2019"},"content":{"rendered":"<p>[et_pb_section fb_built=\u00bb1&#8243; _builder_version=\u00bb4.5.6&#8243; _module_preset=\u00bbdefault\u00bb background_color=\u00bb#2f3534&#8243; custom_margin=\u00bb||||false|false\u00bb custom_padding=\u00bb0px||0px||false|false\u00bb animation_direction=\u00bbtop\u00bb saved_tabs=\u00bball\u00bb global_colors_info=\u00bb{}\u00bb][et_pb_row _builder_version=\u00bb4.5.6&#8243; _module_preset=\u00bbdefault\u00bb custom_padding=\u00bb20px||20px||false|false\u00bb global_colors_info=\u00bb{}\u00bb][et_pb_column type=\u00bb4_4&#8243; _builder_version=\u00bb4.5.6&#8243; _module_preset=\u00bbdefault\u00bb global_colors_info=\u00bb{}\u00bb][et_pb_text module_class=\u00bbyoastBC\u00bb _builder_version=\u00bb4.5.6&#8243; _module_preset=\u00bbdefault\u00bb text_font=\u00bb|||on|||||\u00bb text_text_color=\u00bb#9f8d60&#8243; link_text_color=\u00bb#9f8d60&#8243; text_orientation=\u00bbcenter\u00bb global_colors_info=\u00bb{}\u00bb]<span><span><a href=\"https:\/\/www.tolkienestate.com\/es\/\">Home<\/a><\/span><\/span>[\/et_pb_text][\/et_pb_column][\/et_pb_row][\/et_pb_section][et_pb_section fb_built=\u00bb1&#8243; _builder_version=\u00bb4.5.6&#8243; _module_preset=\u00bbdefault\u00bb background_image=\u00bbhttps:\/\/www.tolkienestate.com\/wp-content\/uploads\/2020\/08\/Asset-1.png\u00bb custom_padding=\u00bb125px||126px|||\u00bb global_colors_info=\u00bb{}\u00bb][et_pb_row _builder_version=\u00bb4.5.6&#8243; _module_preset=\u00bbdefault\u00bb global_colors_info=\u00bb{}\u00bb][et_pb_column type=\u00bb4_4&#8243; _builder_version=\u00bb4.5.6&#8243; _module_preset=\u00bbdefault\u00bb global_colors_info=\u00bb{}\u00bb][et_pb_text _builder_version=\u00bb4.5.6&#8243; _dynamic_attributes=\u00bbcontent\u00bb _module_preset=\u00bbdefault\u00bb header_text_align=\u00bbcenter\u00bb header_text_color=\u00bb#ffffff\u00bb header_font_size=\u00bb60px\u00bb header_letter_spacing=\u00bb8px\u00bb width=\u00bb72%\u00bb module_alignment=\u00bbcenter\u00bb global_colors_info=\u00bb{}\u00bb]@ET-DC@eyJkeW5hbWljIjp0cnVlLCJjb250ZW50IjoicG9zdF90aXRsZSIsInNldHRpbmdzIjp7ImJlZm9yZSI6IjxoMT4iLCJhZnRlciI6IjwvaDE+In19@[\/et_pb_text][\/et_pb_column][\/et_pb_row][\/et_pb_section][et_pb_section fb_built=\u00bb1&#8243; _builder_version=\u00bb4.5.6&#8243; _module_preset=\u00bbdefault\u00bb background_color=\u00bb#f7f7f1&#8243; global_colors_info=\u00bb{}\u00bb][et_pb_row _builder_version=\u00bb4.5.6&#8243; _module_preset=\u00bbdefault\u00bb global_colors_info=\u00bb{}\u00bb][et_pb_column type=\u00bb4_4&#8243; _builder_version=\u00bb4.5.6&#8243; _module_preset=\u00bbdefault\u00bb global_colors_info=\u00bb{}\u00bb][et_pb_text _builder_version=\u00bb4.11.2&#8243; text_font_size=\u00bb20px\u00bb text_line_height=\u00bb1.6em\u00bb link_text_color=\u00bb#9f8d60&#8243; width=\u00bb66%\u00bb module_alignment=\u00bbcenter\u00bb animation_style=\u00bbfade\u00bb animation_duration=\u00bb1500ms\u00bb locked=\u00bboff\u00bb global_colors_info=\u00bb{}\u00bb]<\/p>\n<p><b>Tom Shippey<\/b><span style=\"font-weight: 400;\">, autor de <\/span><i><span style=\"font-weight: 400;\">J.R.R. Tolkien: Autor del siglo<\/span><\/i><span style=\"font-weight: 400;\">, comenta las razones del atractivo de <\/span><i><span style=\"font-weight: 400;\">El Se\u00f1or de los Anillos<\/span><\/i><span style=\"font-weight: 400;\">, una de las obras literarias m\u00e1s queridas del siglo pasado.<\/span><\/p>\n<p>[\/et_pb_text][\/et_pb_column][\/et_pb_row][\/et_pb_section][et_pb_section fb_built=\u00bb1&#8243; _builder_version=\u00bb4.5.6&#8243; _module_preset=\u00bbdefault\u00bb global_colors_info=\u00bb{}\u00bb][et_pb_row _builder_version=\u00bb4.3.4&#8243; locked=\u00bboff\u00bb global_colors_info=\u00bb{}\u00bb][et_pb_column type=\u00bb4_4&#8243; _builder_version=\u00bb4.3.4&#8243; global_colors_info=\u00bb{}\u00bb][et_pb_text _builder_version=\u00bb4.11.2&#8243; text_line_height=\u00bb1.9em\u00bb width=\u00bb66%\u00bb module_alignment=\u00bbcenter\u00bb animation_style=\u00bbfade\u00bb animation_duration=\u00bb1500ms\u00bb hover_enabled=\u00bb0&#8243; global_colors_info=\u00bb{}\u00bb sticky_enabled=\u00bb0&#8243;]El Se\u00f1or de los Anillos es la obra de ficci\u00f3n m\u00e1s querida del siglo XX. Esta afirmaci\u00f3n no se fundamenta solo en el n\u00famero de ejemplares vendidos, sino en las reacciones de los lectores. Muchos que han le\u00eddo El Se\u00f1or de los Anillos vuelven a leerlo una y otra vez, a veces haciendo de ello un evento anual. Otros se toman la molestia de leerlo en voz alta a sus hijos o a sus nietos. Una respuesta com\u00fan es terminarlo, y despu\u00e9s tratar de escribir algo parecido: muchos escritores prominentes de literatura fant\u00e1stica han admitido que fue as\u00ed c\u00f3mo comenzaron sus carreras. Una de ellas declar\u00f3 que se sinti\u00f3 abatida al terminarlo, porque se tem\u00eda que nunca fuera a encontrar nada que pudiera satisfacerla de la misma manera. Este \u00e9xito no se debe a campa\u00f1as publicitarias en los medios de comunicaci\u00f3n, ni a su adherencia a una moda, y desde luego no se debe al apoyo de las instituciones educativas. Es el resultado de una respuesta genuina, sincera y popular, tan inesperada como impredecible.<\/p>\n<p>Una de las razones de la popularidad de esta obra seguramente reside en la creaci\u00f3n de la propia Tierra Media, un nuevo continente imaginativo en el que, seg\u00fan parece, todav\u00eda quedan cosas por explorar. La Tierra Media est\u00e1 llena de civilizaciones y razas \u2014Gondor y los Jinetes, Elfos y Enanos, Ents y Trolls, cada una con su propia historia\u2014 que podr\u00edan proporcionar a\u00fan m\u00e1s relatos y m\u00e1s historias; tal es nuestra sensaci\u00f3n como lectores, y es la que Tolkien quer\u00eda generar en nosotros. La Tierra Media tambi\u00e9n est\u00e1 llena de maravillas, como el Bosque Negro y Fangorn, las Cuevas Centelleantes de Aglarond, Lothl\u00f3rien y la Ci\u00e9naga de los Muertos, los Senderos de los Muertos, Moria y las Grietas del Destino. \u00bfA qui\u00e9n no le gustar\u00eda irse de vacaciones a Ithilien, hacer senderismo en Acebeda, o visitar (adecuadamente escoltado por Montaraces) los Muros de los Muertos, que una vez fue Norburgo de los Reyes, o Fornost Erain? Adem\u00e1s, m\u00e1s all\u00e1 de lo visible, se junta lo medio visible: los Tumularios, el Viejo Hombre-Sauce y los ucornos, Bombadil y Baya de Oro y los seres que env\u00edan la tormenta de nieve sobre Caradhras el Cruel. Las preguntas planteadas en la historia engendran m\u00e1s historias, al igual que lo hacen las muchas historias meramente insinuadas, medio narradas a lo largo de la obra: historias sobre Gil-galad, Beren, Durin, los gatos de la Reina Ber\u00fathiel. La Tierra Media ha resultado ser inagotable.<\/p>\n<p><img loading=\"lazy\" decoding=\"async\" src=\"https:\/\/www.tolkienestate.com\/wp-content\/uploads\/2021\/04\/660azz0123.jpg\" width=\"717\" height=\"1000\" alt=\"\" class=\"wp-image-34701 aligncenter size-full\" srcset=\"https:\/\/jrrtestate.wpenginepowered.com\/wp-content\/uploads\/2021\/04\/660azz0123.jpg 717w, https:\/\/jrrtestate.wpenginepowered.com\/wp-content\/uploads\/2021\/04\/660azz0123-215x300.jpg 215w, https:\/\/jrrtestate.wpenginepowered.com\/wp-content\/uploads\/2021\/04\/660azz0123-86x120.jpg 86w, https:\/\/jrrtestate.wpenginepowered.com\/wp-content\/uploads\/2021\/04\/660azz0123-480x669.jpg 480w\" sizes=\"(max-width: 717px) 100vw, 717px\" \/><br \/>\n<center><em>Tolkien\u2019s illustration of Mallorn trees in Lothl\u00f3rien.<\/em><\/center><\/p>\n<p>Tolkien habr\u00eda sido el primero en reconocer que la Tierra Media no era del todo su propia invenci\u00f3n, porque incorpora muchos elementos de la tradici\u00f3n popular de Inglaterra y el antiguo mundo n\u00f3rdico, del que Tolkien sab\u00eda tanto. Sin embargo, un elemento de su imaginaci\u00f3n completamente novedoso es la raza de los Hobbits. Resulta significativo que no se mencionen en los anales de los Elfos; ni siquiera los Ents, con su memoria enciclop\u00e9dica, los conocen. Los Hobbits son criaturas insospechadas, dif\u00edciles de encontrar en la fantas\u00eda \u00e9pica, siendo peque\u00f1os, notablemente pac\u00edficos \u2014a lo largo de toda la historia de la Comarca, ning\u00fan hobbit ha matado nunca a otro intencionadamente\u2014 y adem\u00e1s no tienen habilidades especiales en el arte de la magia o la autodefensa. Lo mejor que uno puede decir de ellos \u2014y resulta m\u00e1s bien suficiente\u2014 es que no se rinden nunca, y es dif\u00edcil suprimir su sentido de humor por mucho tiempo; ni siquiera en Mordor, en manos de los Orcos, o en las Escaleras de Cirith Ungol. Proporcionan un modelo de hero\u00edsmo completamente nuevo para el siglo XX.<\/p>\n<p>Al mismo tiempo, y en un siglo cuyos modos literarios a menudo han estado marcados por la iron\u00eda, el escepticismo o la desilusi\u00f3n, El Se\u00f1or de los Anillos asume la tarea de presentar modelos de hero\u00edsmo mucho m\u00e1s tradicionales. Aqu\u00ed, la competencia es intensa; va desde Aquiles en la Il\u00edada, pasando por Eneas, Beowulf, Rold\u00e1n y Lanzarote, y abarca gran parte de la historia literaria temprana. Sin embargo, Aragorn, Boromir y \u00c9omer, cada uno de una manera diferente, no quedan derrotados en esta comparaci\u00f3n. La muerte del Rey Th\u00e9oden en la Batalla de los Campos del Pelennor no tiene rival en cuanto a virtuosismo o patetismo. Muchos lectores han visto en El Se\u00f1or de los Anillos un grito de guerra contra la desilusi\u00f3n, la p\u00e9rdida de la fe y de la esperanza. \u201cA pesar de todo, debemos mantener la esperanza\u201d dice Gandalf, y sus palabras han servido de inspiraci\u00f3n para mucha gente en el mundo real.<\/p>\n<p><img loading=\"lazy\" decoding=\"async\" src=\"https:\/\/www.tolkienestate.com\/wp-content\/uploads\/2021\/04\/634jpeg-cropped.jpg\" width=\"1057\" height=\"1017\" alt=\"\" class=\"wp-image-35959 aligncenter size-full\" srcset=\"https:\/\/jrrtestate.wpenginepowered.com\/wp-content\/uploads\/2021\/04\/634jpeg-cropped.jpg 1057w, https:\/\/jrrtestate.wpenginepowered.com\/wp-content\/uploads\/2021\/04\/634jpeg-cropped-300x289.jpg 300w, https:\/\/jrrtestate.wpenginepowered.com\/wp-content\/uploads\/2021\/04\/634jpeg-cropped-1024x985.jpg 1024w, https:\/\/jrrtestate.wpenginepowered.com\/wp-content\/uploads\/2021\/04\/634jpeg-cropped-768x739.jpg 768w, https:\/\/jrrtestate.wpenginepowered.com\/wp-content\/uploads\/2021\/04\/634jpeg-cropped-120x115.jpg 120w, https:\/\/jrrtestate.wpenginepowered.com\/wp-content\/uploads\/2021\/04\/634jpeg-cropped-980x943.jpg 980w, https:\/\/jrrtestate.wpenginepowered.com\/wp-content\/uploads\/2021\/04\/634jpeg-cropped-480x462.jpg 480w\" sizes=\"(max-width: 1057px) 100vw, 1057px\" \/><br \/>\n<center><em>Bird\u2019s eye view of Mordor and Mount Doom<\/em><\/center><\/p>\n<p>Por lo dem\u00e1s, el mundo real nunca est\u00e1 muy alejado de El Se\u00f1or de los Anillos. La vida de Tolkien fue ensombrecida por dos guerras mundiales, y por el auge de poderosas dictaduras. La obra de Tolkien versa sobre asuntos fundamentales: \u00bfcu\u00e1l es el origen del mal? \u00bfPor qu\u00e9 es capaz de volver despu\u00e9s de cada derrota? \u00bfDe qu\u00e9 sirve resistirlo, si parece irreprimible? En el n\u00facleo de su obra est\u00e1 la convicci\u00f3n de que nadie puede llevar el Anillo sin caer bajo su poder, ni siquiera Gandalf o Galadriel, ni tampoco (al final) Frodo. Cualquiera que comience a usar el Anillo se convertir\u00e1 en un Espectro del Anillo al final. Ninguna buena intenci\u00f3n puede perdurar. La aplicabilidad de todo esto al siglo XX, y m\u00e1s all\u00e1, resulta evidente, y ha convencido a muchos autores. Los lectores tambi\u00e9n aprecian en la obra avisos prof\u00e9ticos sobre los peligros para el medioambiente. En el lado positivo, se podr\u00eda decir que \u2014a pesar de que en la obra no existen referencias expl\u00edcitas al Cristianismo y apenas hay referencias a religiones de ninguna clase\u2014 a trav\u00e9s de su estructura global, extremadamente compleja, expresa una idea consistente acerca de la naturaleza de la Providencia: Gandalf es tanto un senescal como un mensajero, y se percibe una fuerte presencia de poderes que operan desde m\u00e1s all\u00e1 de los confines de la Tierra Media, aunque act\u00faan a trav\u00e9s de lo que para nosotros parece ser la casualidad, y sin reducir el libre albedr\u00edo y la responsabilidad de los personajes.<\/p>\n<p>Un \u00faltimo apunte sobre El Se\u00f1or de los Anillos es que ha sido imitado m\u00e1s que ninguna otra obra literaria de sus tiempos, pero sigue siendo \u00fanica. \u00bfCu\u00e1l es su g\u00e9nero? Tiene muchas de las cualidades de la \u00e9pica, especialmente la sensaci\u00f3n de la p\u00e9rdida, del fin de una era, que queda enfatizada en su sosegado y sutil final. Podr\u00eda considerarse un romance de b\u00fasqueda, si no fuera porque en lugar de emprender la b\u00fasqueda de algo, el objetivo de la Comunidad del Anillo reside en deshacerse de un objeto. Se podr\u00eda decir que El Se\u00f1or de los Anillos es un vasto cuento de hadas (tal y como Tolkien lo define en su ensayo Sobre los cuentos de hadas), incre\u00edblemente sobredesarrollado y provisto de mapas, ap\u00e9ndices e \u00edndices. Sin embargo, se narra como una novela moderna, llena de detalles, di\u00e1logos y personajes secundarios, aunque contiene mucha m\u00e1s variaci\u00f3n est\u00edlistica que cualquier otra novela. Tampoco hay que olvidar que El Se\u00f1or de los Anillos, aparte de todo lo dem\u00e1s, contiene unos sesenta poemas y canciones, de diferentes estilos y en diversas lenguas. Todo esto, se podr\u00eda pensar, es mucho m\u00e1s de lo que ser\u00eda necesario para crear incluso un superventas. Sin embargo, El Se\u00f1or de los Anillos no fue concebido como un superventas en potencia. Para Tolkien fue, desde el principio, una obra de su coraz\u00f3n, que expresaba su amor por la Tierra Media, por las tradiciones populares que \u00e9l reimagin\u00f3, por un modo de vida que en los tiempos de Tolkien se encontraba bajo amenaza de muerte, y no solo por las fuerzas del exterior. Es este amor lo que ha encontrado un eco en los corazones de tantos lectores.[\/et_pb_text][\/et_pb_column][\/et_pb_row][\/et_pb_section]<\/p>\n","protected":false},"excerpt":{"rendered":"<p><span><span><a href=\"https:\/\/www.tolkienestate.com\/es\/\">Home<\/a><\/span><\/span>Tom Shippey, autor de J.R.R. Tolkien: Autor del siglo, comenta las razones del atractivo de El Se\u00f1or de los Anillos, una de las obras literarias m\u00e1s queridas del siglo pasado.El Se\u00f1or de los Anillos es la obra de ficci\u00f3n m\u00e1s querida del siglo XX. Esta afirmaci\u00f3n no se fundamenta solo en el n\u00famero de ejemplares [&hellip;]<\/p>\n","protected":false},"author":1,"featured_media":0,"parent":33810,"menu_order":0,"comment_status":"closed","ping_status":"closed","template":"","meta":{"_et_pb_use_builder":"on","_et_pb_old_content":"","_et_gb_content_width":"","footnotes":""},"class_list":["post-33786","page","type-page","status-publish","hentry"],"yoast_head":"<!-- This site is optimized with the Yoast SEO plugin v27.4 - https:\/\/yoast.com\/product\/yoast-seo-wordpress\/ -->\n<title>Tom Shippey, \u2018El Se\u00f1or de los Anillos, El Libro del Siglo\u2019 - The Tolkien Estate<\/title>\n<meta name=\"robots\" content=\"index, follow, max-snippet:-1, max-image-preview:large, max-video-preview:-1\" \/>\n<link rel=\"canonical\" href=\"https:\/\/www.tolkienestate.com\/es\/escribir\/tom-shippey-el-senor-de-los-anillos-el-libro-del-siglo\/\" \/>\n<meta property=\"og:locale\" content=\"es_ES\" \/>\n<meta property=\"og:type\" content=\"article\" \/>\n<meta property=\"og:title\" content=\"Tom Shippey, \u2018El Se\u00f1or de los Anillos, El Libro del Siglo\u2019 - The Tolkien Estate\" \/>\n<meta property=\"og:description\" content=\"Tom Shippey, autor de J.R.R. Tolkien: Autor del siglo, comenta las razones del atractivo de El Se\u00f1or de los Anillos, una de las obras literarias m\u00e1s queridas del siglo pasado.El Se\u00f1or de los Anillos es la obra de ficci\u00f3n m\u00e1s querida del siglo XX. Esta afirmaci\u00f3n no se fundamenta solo en el n\u00famero de ejemplares [&hellip;]\" \/>\n<meta property=\"og:url\" content=\"https:\/\/www.tolkienestate.com\/es\/escribir\/tom-shippey-el-senor-de-los-anillos-el-libro-del-siglo\/\" \/>\n<meta property=\"og:site_name\" content=\"The Tolkien Estate\" \/>\n<meta property=\"article:modified_time\" content=\"2021-10-18T14:59:43+00:00\" \/>\n<meta property=\"og:image\" content=\"https:\/\/www.tolkienestate.com\/wp-content\/uploads\/2021\/04\/660azz0123.jpg\" \/>\n<meta name=\"twitter:card\" content=\"summary_large_image\" \/>\n<meta name=\"twitter:label1\" content=\"Tiempo de lectura\" \/>\n\t<meta name=\"twitter:data1\" content=\"9 minutos\" \/>\n<script type=\"application\/ld+json\" class=\"yoast-schema-graph\">{\"@context\":\"https:\\\/\\\/schema.org\",\"@graph\":[{\"@type\":\"WebPage\",\"@id\":\"https:\\\/\\\/www.tolkienestate.com\\\/es\\\/escribir\\\/tom-shippey-el-senor-de-los-anillos-el-libro-del-siglo\\\/\",\"url\":\"https:\\\/\\\/www.tolkienestate.com\\\/es\\\/escribir\\\/tom-shippey-el-senor-de-los-anillos-el-libro-del-siglo\\\/\",\"name\":\"Tom Shippey, \u2018El Se\u00f1or de los Anillos, El Libro del Siglo\u2019 - The Tolkien Estate\",\"isPartOf\":{\"@id\":\"https:\\\/\\\/www.tolkienestate.com\\\/#website\"},\"primaryImageOfPage\":{\"@id\":\"https:\\\/\\\/www.tolkienestate.com\\\/es\\\/escribir\\\/tom-shippey-el-senor-de-los-anillos-el-libro-del-siglo\\\/#primaryimage\"},\"image\":{\"@id\":\"https:\\\/\\\/www.tolkienestate.com\\\/es\\\/escribir\\\/tom-shippey-el-senor-de-los-anillos-el-libro-del-siglo\\\/#primaryimage\"},\"thumbnailUrl\":\"https:\\\/\\\/www.tolkienestate.com\\\/wp-content\\\/uploads\\\/2021\\\/04\\\/660azz0123.jpg\",\"datePublished\":\"2020-09-11T12:54:30+00:00\",\"dateModified\":\"2021-10-18T14:59:43+00:00\",\"breadcrumb\":{\"@id\":\"https:\\\/\\\/www.tolkienestate.com\\\/es\\\/escribir\\\/tom-shippey-el-senor-de-los-anillos-el-libro-del-siglo\\\/#breadcrumb\"},\"inLanguage\":\"es\",\"potentialAction\":[{\"@type\":\"ReadAction\",\"target\":[\"https:\\\/\\\/www.tolkienestate.com\\\/es\\\/escribir\\\/tom-shippey-el-senor-de-los-anillos-el-libro-del-siglo\\\/\"]}]},{\"@type\":\"ImageObject\",\"inLanguage\":\"es\",\"@id\":\"https:\\\/\\\/www.tolkienestate.com\\\/es\\\/escribir\\\/tom-shippey-el-senor-de-los-anillos-el-libro-del-siglo\\\/#primaryimage\",\"url\":\"https:\\\/\\\/www.tolkienestate.com\\\/wp-content\\\/uploads\\\/2021\\\/04\\\/660azz0123.jpg\",\"contentUrl\":\"https:\\\/\\\/www.tolkienestate.com\\\/wp-content\\\/uploads\\\/2021\\\/04\\\/660azz0123.jpg\"},{\"@type\":\"BreadcrumbList\",\"@id\":\"https:\\\/\\\/www.tolkienestate.com\\\/es\\\/escribir\\\/tom-shippey-el-senor-de-los-anillos-el-libro-del-siglo\\\/#breadcrumb\",\"itemListElement\":[{\"@type\":\"ListItem\",\"position\":1,\"name\":\"Home\",\"item\":\"https:\\\/\\\/www.tolkienestate.com\\\/es\\\/\"},{\"@type\":\"ListItem\",\"position\":2,\"name\":\"Escribir\",\"item\":\"https:\\\/\\\/www.tolkienestate.com\\\/es\\\/escribir\\\/\"},{\"@type\":\"ListItem\",\"position\":3,\"name\":\"Tom Shippey, \u2018El Se\u00f1or de los Anillos, El Libro del Siglo\u2019\"}]},{\"@type\":\"WebSite\",\"@id\":\"https:\\\/\\\/www.tolkienestate.com\\\/#website\",\"url\":\"https:\\\/\\\/www.tolkienestate.com\\\/\",\"name\":\"The Tolkien Estate\",\"description\":\"\",\"potentialAction\":[{\"@type\":\"SearchAction\",\"target\":{\"@type\":\"EntryPoint\",\"urlTemplate\":\"https:\\\/\\\/www.tolkienestate.com\\\/?s={search_term_string}\"},\"query-input\":{\"@type\":\"PropertyValueSpecification\",\"valueRequired\":true,\"valueName\":\"search_term_string\"}}],\"inLanguage\":\"es\"}]}<\/script>\n<!-- \/ Yoast SEO plugin. -->","yoast_head_json":{"title":"Tom Shippey, \u2018El Se\u00f1or de los Anillos, El Libro del Siglo\u2019 - The Tolkien Estate","robots":{"index":"index","follow":"follow","max-snippet":"max-snippet:-1","max-image-preview":"max-image-preview:large","max-video-preview":"max-video-preview:-1"},"canonical":"https:\/\/www.tolkienestate.com\/es\/escribir\/tom-shippey-el-senor-de-los-anillos-el-libro-del-siglo\/","og_locale":"es_ES","og_type":"article","og_title":"Tom Shippey, \u2018El Se\u00f1or de los Anillos, El Libro del Siglo\u2019 - The Tolkien Estate","og_description":"Tom Shippey, autor de J.R.R. Tolkien: Autor del siglo, comenta las razones del atractivo de El Se\u00f1or de los Anillos, una de las obras literarias m\u00e1s queridas del siglo pasado.El Se\u00f1or de los Anillos es la obra de ficci\u00f3n m\u00e1s querida del siglo XX. Esta afirmaci\u00f3n no se fundamenta solo en el n\u00famero de ejemplares [&hellip;]","og_url":"https:\/\/www.tolkienestate.com\/es\/escribir\/tom-shippey-el-senor-de-los-anillos-el-libro-del-siglo\/","og_site_name":"The Tolkien Estate","article_modified_time":"2021-10-18T14:59:43+00:00","og_image":[{"url":"https:\/\/www.tolkienestate.com\/wp-content\/uploads\/2021\/04\/660azz0123.jpg","type":"","width":"","height":""}],"twitter_card":"summary_large_image","twitter_misc":{"Tiempo de lectura":"9 minutos"},"schema":{"@context":"https:\/\/schema.org","@graph":[{"@type":"WebPage","@id":"https:\/\/www.tolkienestate.com\/es\/escribir\/tom-shippey-el-senor-de-los-anillos-el-libro-del-siglo\/","url":"https:\/\/www.tolkienestate.com\/es\/escribir\/tom-shippey-el-senor-de-los-anillos-el-libro-del-siglo\/","name":"Tom Shippey, \u2018El Se\u00f1or de los Anillos, El Libro del Siglo\u2019 - The Tolkien Estate","isPartOf":{"@id":"https:\/\/www.tolkienestate.com\/#website"},"primaryImageOfPage":{"@id":"https:\/\/www.tolkienestate.com\/es\/escribir\/tom-shippey-el-senor-de-los-anillos-el-libro-del-siglo\/#primaryimage"},"image":{"@id":"https:\/\/www.tolkienestate.com\/es\/escribir\/tom-shippey-el-senor-de-los-anillos-el-libro-del-siglo\/#primaryimage"},"thumbnailUrl":"https:\/\/www.tolkienestate.com\/wp-content\/uploads\/2021\/04\/660azz0123.jpg","datePublished":"2020-09-11T12:54:30+00:00","dateModified":"2021-10-18T14:59:43+00:00","breadcrumb":{"@id":"https:\/\/www.tolkienestate.com\/es\/escribir\/tom-shippey-el-senor-de-los-anillos-el-libro-del-siglo\/#breadcrumb"},"inLanguage":"es","potentialAction":[{"@type":"ReadAction","target":["https:\/\/www.tolkienestate.com\/es\/escribir\/tom-shippey-el-senor-de-los-anillos-el-libro-del-siglo\/"]}]},{"@type":"ImageObject","inLanguage":"es","@id":"https:\/\/www.tolkienestate.com\/es\/escribir\/tom-shippey-el-senor-de-los-anillos-el-libro-del-siglo\/#primaryimage","url":"https:\/\/www.tolkienestate.com\/wp-content\/uploads\/2021\/04\/660azz0123.jpg","contentUrl":"https:\/\/www.tolkienestate.com\/wp-content\/uploads\/2021\/04\/660azz0123.jpg"},{"@type":"BreadcrumbList","@id":"https:\/\/www.tolkienestate.com\/es\/escribir\/tom-shippey-el-senor-de-los-anillos-el-libro-del-siglo\/#breadcrumb","itemListElement":[{"@type":"ListItem","position":1,"name":"Home","item":"https:\/\/www.tolkienestate.com\/es\/"},{"@type":"ListItem","position":2,"name":"Escribir","item":"https:\/\/www.tolkienestate.com\/es\/escribir\/"},{"@type":"ListItem","position":3,"name":"Tom Shippey, \u2018El Se\u00f1or de los Anillos, El Libro del Siglo\u2019"}]},{"@type":"WebSite","@id":"https:\/\/www.tolkienestate.com\/#website","url":"https:\/\/www.tolkienestate.com\/","name":"The Tolkien Estate","description":"","potentialAction":[{"@type":"SearchAction","target":{"@type":"EntryPoint","urlTemplate":"https:\/\/www.tolkienestate.com\/?s={search_term_string}"},"query-input":{"@type":"PropertyValueSpecification","valueRequired":true,"valueName":"search_term_string"}}],"inLanguage":"es"}]}},"_links":{"self":[{"href":"https:\/\/www.tolkienestate.com\/es\/wp-json\/wp\/v2\/pages\/33786","targetHints":{"allow":["GET"]}}],"collection":[{"href":"https:\/\/www.tolkienestate.com\/es\/wp-json\/wp\/v2\/pages"}],"about":[{"href":"https:\/\/www.tolkienestate.com\/es\/wp-json\/wp\/v2\/types\/page"}],"author":[{"embeddable":true,"href":"https:\/\/www.tolkienestate.com\/es\/wp-json\/wp\/v2\/users\/1"}],"replies":[{"embeddable":true,"href":"https:\/\/www.tolkienestate.com\/es\/wp-json\/wp\/v2\/comments?post=33786"}],"version-history":[{"count":0,"href":"https:\/\/www.tolkienestate.com\/es\/wp-json\/wp\/v2\/pages\/33786\/revisions"}],"up":[{"embeddable":true,"href":"https:\/\/www.tolkienestate.com\/es\/wp-json\/wp\/v2\/pages\/33810"}],"wp:attachment":[{"href":"https:\/\/www.tolkienestate.com\/es\/wp-json\/wp\/v2\/media?parent=33786"}],"curies":[{"name":"wp","href":"https:\/\/api.w.org\/{rel}","templated":true}]}}