{"id":33840,"date":"2020-09-11T14:20:12","date_gmt":"2020-09-11T13:20:12","guid":{"rendered":"http:\/\/jrrtestate.wpengine.com\/escribir\/christopher-tolkien-unfinished-tales-of-numenor-and-middle-earth\/"},"modified":"2023-07-17T16:40:00","modified_gmt":"2023-07-17T15:40:00","slug":"christopher-tolkien-cuentos-inconclusos-de-numenor-y-la-tierra-media","status":"publish","type":"page","link":"https:\/\/www.tolkienestate.com\/es\/escribir\/christopher-tolkien-cuentos-inconclusos-de-numenor-y-la-tierra-media\/","title":{"rendered":"Christopher Tolkien, \u2018Cuentos Inconclusos de N\u00famenor y la Tierra Media\u2019"},"content":{"rendered":"<p>[et_pb_section fb_built=\u00bb1&#8243; _builder_version=\u00bb4.16&#8243; _module_preset=\u00bbdefault\u00bb background_color=\u00bb#2f3534&#8243; custom_margin=\u00bb||||false|false\u00bb custom_padding=\u00bb0px||0px||false|false\u00bb animation_direction=\u00bbtop\u00bb saved_tabs=\u00bball\u00bb global_colors_info=\u00bb{}\u00bb][et_pb_row _builder_version=\u00bb4.16&#8243; _module_preset=\u00bbdefault\u00bb custom_padding=\u00bb20px||20px||false|false\u00bb global_colors_info=\u00bb{}\u00bb][et_pb_column type=\u00bb4_4&#8243; _builder_version=\u00bb4.16&#8243; _module_preset=\u00bbdefault\u00bb global_colors_info=\u00bb{}\u00bb][et_pb_text module_class=\u00bbyoastBC\u00bb _builder_version=\u00bb4.16&#8243; _module_preset=\u00bbdefault\u00bb text_font=\u00bb|||on|||||\u00bb text_text_color=\u00bb#9f8d60&#8243; link_text_color=\u00bb#9f8d60&#8243; text_orientation=\u00bbcenter\u00bb global_colors_info=\u00bb{}\u00bb]<span><span><a href=\"https:\/\/www.tolkienestate.com\/es\/\">Home<\/a><\/span><\/span>[\/et_pb_text][\/et_pb_column][\/et_pb_row][\/et_pb_section][et_pb_section fb_built=\u00bb1&#8243; custom_padding_last_edited=\u00bbon|phone\u00bb _builder_version=\u00bb4.16&#8243; _module_preset=\u00bbdefault\u00bb background_color=\u00bb#2f3534&#8243; use_background_color_gradient=\u00bbon\u00bb background_color_gradient_stops=\u00bbrgba(0,0,0,0.23) 0%|rgba(0,0,0,0.24) 100%\u00bb background_color_gradient_overlays_image=\u00bbon\u00bb background_color_gradient_start=\u00bbrgba(0,0,0,0.23)\u00bb background_color_gradient_end=\u00bbrgba(0,0,0,0.24)\u00bb background_image=\u00bbhttps:\/\/www.tolkienestate.com\/wp-content\/uploads\/2020\/12\/stories-middle-earth-banner.png\u00bb custom_padding=\u00bb220px||220px||false|false\u00bb custom_padding_tablet=\u00bb\u00bb custom_padding_phone=\u00bb100px||100px||false|false\u00bb locked=\u00bboff\u00bb global_colors_info=\u00bb{}\u00bb][et_pb_row _builder_version=\u00bb4.16&#8243; _module_preset=\u00bbdefault\u00bb global_colors_info=\u00bb{}\u00bb][et_pb_column type=\u00bb4_4&#8243; _builder_version=\u00bb4.16&#8243; _module_preset=\u00bbdefault\u00bb global_colors_info=\u00bb{}\u00bb][et_pb_text _builder_version=\u00bb4.16&#8243; _dynamic_attributes=\u00bbcontent\u00bb _module_preset=\u00bbdefault\u00bb header_text_align=\u00bbcenter\u00bb header_text_color=\u00bb#ffffff\u00bb header_font_size=\u00bb60px\u00bb header_letter_spacing=\u00bb15px\u00bb width=\u00bb100%\u00bb module_alignment=\u00bbcenter\u00bb header_font_size_tablet=\u00bb40px\u00bb header_font_size_phone=\u00bb\u00bb header_font_size_last_edited=\u00bbon|phone\u00bb header_letter_spacing_tablet=\u00bb1px\u00bb header_letter_spacing_phone=\u00bb\u00bb header_letter_spacing_last_edited=\u00bbon|tablet\u00bb global_colors_info=\u00bb{}\u00bb]@ET-DC@eyJkeW5hbWljIjp0cnVlLCJjb250ZW50IjoicG9zdF90aXRsZSIsInNldHRpbmdzIjp7ImJlZm9yZSI6IjxoMT4iLCJhZnRlciI6IjwvaDE+In19@[\/et_pb_text][\/et_pb_column][\/et_pb_row][\/et_pb_section][et_pb_section fb_built=\u00bb1&#8243; _builder_version=\u00bb4.16&#8243; _module_preset=\u00bbdefault\u00bb background_color=\u00bb#f7f7f1&#8243; global_colors_info=\u00bb{}\u00bb][et_pb_row _builder_version=\u00bb4.16&#8243; _module_preset=\u00bbdefault\u00bb global_colors_info=\u00bb{}\u00bb][et_pb_column type=\u00bb4_4&#8243; _builder_version=\u00bb4.16&#8243; _module_preset=\u00bbdefault\u00bb global_colors_info=\u00bb{}\u00bb][et_pb_text _builder_version=\u00bb4.16&#8243; text_font_size=\u00bb20px\u00bb text_line_height=\u00bb1.6em\u00bb link_text_color=\u00bb#9f8d60&#8243; width=\u00bb66%\u00bb module_alignment=\u00bbcenter\u00bb animation_style=\u00bbfade\u00bb animation_duration=\u00bb1500ms\u00bb locked=\u00bboff\u00bb global_colors_info=\u00bb{}\u00bb]<\/p>\n<p>\u00abEs, supongo, un tributo al curioso efecto que tiene la historia cuando se basa en obras muy elaboradas y detalladas de geograf\u00eda, cronolog\u00eda y lenguaje; de modo que muchos claman que se les d\u00e9 mera \u201cinformaci\u00f3n\u201d o \u201cdatos folkl\u00f3ricos\u201d.\u00bb ~ J.R.R.T.<\/p>\n<p>[\/et_pb_text][\/et_pb_column][\/et_pb_row][\/et_pb_section][et_pb_section fb_built=\u00bb1&#8243; _builder_version=\u00bb4.16&#8243; _module_preset=\u00bbdefault\u00bb global_colors_info=\u00bb{}\u00bb][et_pb_row _builder_version=\u00bb4.16&#8243; locked=\u00bboff\u00bb global_colors_info=\u00bb{}\u00bb][et_pb_column type=\u00bb4_4&#8243; _builder_version=\u00bb4.16&#8243; global_colors_info=\u00bb{}\u00bb][et_pb_text _builder_version=\u00bb4.16&#8243; _module_preset=\u00bbdefault\u00bb text_font_size=\u00bb20px\u00bb text_line_height=\u00bb1.6em\u00bb width=\u00bb66%\u00bb module_alignment=\u00bbcenter\u00bb animation_style=\u00bbfade\u00bb animation_duration=\u00bb1500ms\u00bb global_colors_info=\u00bb{}\u00bb]<\/p>\n<p>Cuentos inconclusos de N\u00famenor y la Tierra Media es una recopilaci\u00f3n de textos inacabados de J.R.R. Tolkien editada por <strong>Christopher Tolkien<\/strong> en 1980, poco tiempo despu\u00e9s de la publicaci\u00f3n de El Silmarillion. El art\u00edculo que pueden leer a continuaci\u00f3n est\u00e1 escrito a partir de la Introducci\u00f3n del libro.<\/p>\n<p>[\/et_pb_text][et_pb_text quote_border_weight=\u00bb4px\u00bb quote_border_color=\u00bb#9f8d60&#8243; _builder_version=\u00bb4.16&#8243; text_line_height=\u00bb1.9em\u00bb quote_font=\u00bb||on||||||\u00bb header_font=\u00bb||||||||\u00bb header_text_color=\u00bb#000000&#8243; header_3_font=\u00bbPT Serif|700|||||||\u00bb header_3_text_color=\u00bb#000000&#8243; width=\u00bb66%\u00bb module_alignment=\u00bbcenter\u00bb animation_style=\u00bbfade\u00bb animation_duration=\u00bb1500ms\u00bb global_colors_info=\u00bb{}\u00bb]<\/p>\n<p><strong>Los problemas con que se enfrenta<\/strong> quien tiene la responsabilidad de los escritos de un autor fallecido son dif\u00edciles de resolver. En el caso de los trabajos in\u00e9ditos de J.R.R Tolkien \u00e9l mismo, muy riguroso y exigente con su propia obra, ni siquiera hubiera so\u00f1ado en permitir la publicaci\u00f3n de estas narraciones \u2013 aun las m\u00e1s acabadas \u2013 sin que pasaran antes por un largo proceso de reelaboraci\u00f3n.<\/p>\n<p>Por otra parte, me parece que la naturaleza y el alcance de su capacidad inventiva ponen a sus historias, aun las abandonadas, en una posici\u00f3n peculiar. Que El Silmarillion no llegara a conocerse es para m\u00ed impensable, a pesar de su estado desordenado. Despu\u00e9s de mucho vacilar, me atrev\u00ed a presentar la obra no en la forma de un estudio hist\u00f3rico, un complejo de textos divergentes eslabonados por comentarios, sino como un cuerpo completo y coherente.<\/p>\n<p>Las narraciones comprendidas en <strong>Cuentos Inconclusos<\/strong>, en verdad, pisan un terreno del todo distinto: tomadas en conjunto, no constituyen un todo, y el libro no es nada m\u00e1s que una colecci\u00f3n de escritos dispares en forma, intenci\u00f3n, acabamiento, y fecha de composici\u00f3n (y tambi\u00e9n, en el tratamiento que les di), referidos a N\u00famenor y la Tierra Media. Pero el argumento en defensa de su publicaci\u00f3n no es por naturaleza distinto, aunque s\u00ed de menor fuerza, del que sostuve para justificar la publicaci\u00f3n de El Silmarillion.<\/p>\n<p>Los que nunca hubieran renunciado voluntariamente a ciertas im\u00e1genes : Melkor con Ungoliant, cuando juntos contemplan desde la cima de Hyarmentir \u00ablos campos y pastos de Yavanna, oro bajo los altos trigales de los dioses\u00bb; las sombras que arroja el ej\u00e9rcito de Fingolfin al salir por primera vez la luna en el Occidente; Beren, que atisba encarnado en un lobo bajo el trono de Morgoth; o la luz del Silmaril s\u00fabitamente revelada en la oscuridad del Bosque de Neldoreth, comprobar\u00e1n, seg\u00fan creo, que las imperfecciones de forma de estos cuentos quedan con mucho compensadas por la voz de Gandalf ( que se oye aqu\u00ed por \u00faltima vez) cuando se burla del altivo Saruman en la reuni\u00f3n del Concilio Blanco en el a\u00f1o 2851, o cuando cuenta en Minas Tirith, despu\u00e9s de terminada la Guerra del Anillo, c\u00f3mo lleg\u00f3 a enviar a los Enanos a la celebrada fiesta de Bols\u00f3n Cerrado; por la aparici\u00f3n de Ulmo, Se\u00f1or de las Aguas, al levantarse el mar en Vinyamar; o por la de Mablung de Doriath, escondido \u00abcomo un rat\u00f3n de campo\u00bb bajo las ruinas del puente en Nargothrond; o por la muerte de Isildur cuando sale luchando del lodo del Anduin.<\/p>\n<p>Muchas de las piezas que componen esta colecci\u00f3n son desarrollos de temas contados m\u00e1s brevemente, o al menos mencionados, en otros sitios; y hay que decir sin m\u00e1s demora que muchos lectores de El Se\u00f1or de los Anillos no encontrar\u00e1n satisfactoria gran parte de este libro, pues considerar\u00e1n que la estructura hist\u00f3rica de la Tierra Media es un medio y no un fin, el modo de la narraci\u00f3n y no su objetivo, y tendr\u00e1n escasos deseos de seguir m\u00e1s adelante la exploraci\u00f3n por s\u00ed misma; no querr\u00e1n conocer c\u00f3mo se organizaron los Jinetes de la Marca de Rohan, y de buen grado dejar\u00edan en paz a los Hombres Salvajes del Bosque de Dr\u00faadan.<\/p>\n<p>Pero sea cual fuere el punto de vista que se adopte sobre esta cuesti\u00f3n, algunos, como yo encontrar\u00e1n un mayor valor que la mera revelaci\u00f3n de detalles curiosos en el hecho de saber que V\u00ebantur el N\u00famen\u00f3reano llev\u00f3 su barca Entuless\u00eb, \u00abEl Regreso\u00bb, a los Puertos Grises ayudado por los vientos de la primavera del sexcent\u00e9simo a\u00f1o de la Segunda Edad; que la tumba de Elendil el de la Atla Talla fue erigida por Isildur su hijo en la cima de la colina del fanal de Halifirien; que el Jinete Negro que vieron los hobbits en la neblinosa oscuridad de la ladera lejana de Bucklebury era Kham\u00fbl, el jefe de los Espectros de los Anillos de Dol Guldur, o aun que la infancia de Tarannon, d\u00e9cimo Rey de Gondor, que no tuvo hijos (hecho registrado en un ap\u00e9ndice de El Se\u00f1or de los Anillos), ten\u00eda relaci\u00f3n con los gatos, hasta ahora enteramente misteriosos, de la reina Ber\u00fathiel.<\/p>\n<p>La construcci\u00f3n del libro ha sido dif\u00edcil, y el resultado obtenido, algo complejo. Las narraciones son todas \u00abinconclusas\u00bb, pero en distintos grados, y en distintos sentidos de la palabra; por tanto, han exigido un tratamiento diferente; m\u00e1s adelante dir\u00e9 algo sobre cada una de ellas, y aqu\u00ed s\u00f3lo llamar\u00e9 la atenci\u00f3n sobre algunos rasgos generales.<\/p>\n<p>El m\u00e1s importante es la cuesti\u00f3n de la \u00abcoherencia\u00bb: el mejor ejemplo es el texto titulado \u00abLa historia de Galadriel y Celeborn\u00bb. Se trata de un \u00abCuento inconcluso\u00bb en un sentido amplio: no una narraci\u00f3n que se interrumpa bruscamente como \u00abDe Tuor y su llegada a Gondolin\u00bb, ni una serie de fragmentos como \u00abCiryon y Eorl\u00bb, sino una hebra primaria de la historia de la Tierra Media que nunca fue definida con claridad, y que nunca tuvo forma escrita definitiva. La inclusi\u00f3n de las narraciones y esbozos de narraciones in\u00e9ditas, por tanto, implica la aceptaci\u00f3n de la historia no como realidad fija, con existencia independiente, que el autor \u00abcomunica\u00bb (en el \u00abpapel\u00bb de traductor y redactor), sino como concepci\u00f3n imaginaria en desarrollo y que cambiaba en su mente.<\/p>\n<p>[\/et_pb_text][et_pb_text _builder_version=\u00bb4.16&#8243; _module_preset=\u00bbdefault\u00bb text_font=\u00bb||on||||||\u00bb text_text_color=\u00bb#ffffff\u00bb text_font_size=\u00bb20px\u00bb text_line_height=\u00bb1.4em\u00bb background_color=\u00bb#9f8d60&#8243; width=\u00bb66%\u00bb module_alignment=\u00bbcenter\u00bb custom_padding=\u00bb30px|30px|30px|30px|false|false\u00bb animation_style=\u00bbfade\u00bb animation_duration=\u00bb1500ms\u00bb box_shadow_style=\u00bbpreset3&#8243; global_colors_info=\u00bb{}\u00bb]<\/p>\n<p>\u00abMientras que muchos como usted solicitan mapas, otros desean indicaciones geol\u00f3gicas m\u00e1s que la situaci\u00f3n de los lugares; muchos quieren gram\u00e1ticas, fonolog\u00edas, y espec\u00edmenes \u00e9lficos; algunos m\u00e9tricas y prosodias\u2026 Los m\u00fasicos quieren melod\u00edas y notaciones musicales; los arque\u00f3logos, cer\u00e1micas y metalurgia; los bot\u00e1nicos una m\u00e1s precisa descripci\u00f3n de los mallorn, elanor, niphredil, alfirin, mallos y symbelmyn\u00eb; y los historiadores desean m\u00e1s detalles acerca de la estructura social y pol\u00edtica de Gondor; los curiosos quieren informaci\u00f3n sobre los Aurigas, los Harad, los or\u00edgenes de los Enanos, Los Hombres Muertos, los Be\u00f3rnidas y los dos magos desaparecidos (de los cinco mencionados).\u00bb ~ J.R.R Tolkien, Cartas<\/p>\n<p>[\/et_pb_text][et_pb_text quote_border_weight=\u00bb4px\u00bb quote_border_color=\u00bb#9f8d60&#8243; _builder_version=\u00bb4.21.0&#8243; text_line_height=\u00bb1.9em\u00bb quote_font=\u00bb||on||||||\u00bb header_font=\u00bb||||||||\u00bb header_text_color=\u00bb#000000&#8243; header_3_font=\u00bbPT Serif|700|||||||\u00bb header_3_text_color=\u00bb#000000&#8243; width=\u00bb66%\u00bb module_alignment=\u00bbcenter\u00bb animation_style=\u00bbfade\u00bb animation_duration=\u00bb1500ms\u00bb hover_enabled=\u00bb0&#8243; global_colors_info=\u00bb{}\u00bb sticky_enabled=\u00bb0&#8243;]<\/p>\n<p>El contenido del libro es enteramente narrativo (o descriptivo): he excluido todos los escritos acerca de la Tierra Media o Aman de naturaleza primordialmente filos\u00f3fica o especulativa, y, donde se abordan tales materias, no las he continuado. Di al texto una estructura sencilla, mediante una divisi\u00f3n en Partes, que corresponden a las primeras Tres Edades del Mundo; hubo inevitablemente algunas superposiciones, como en el caso de la leyenda de Amroth que figura en \u00abLa historia de Galadriel y Celeborn\u00bb.<\/p>\n<p>La cuarta parte es un ap\u00e9ndice, y quiz\u00e1 exija cierta justificaci\u00f3n en un libro llamado Cuentos inconclusos, pues los textos que contiene son ensayos de tipo general, discursivos, con muy pocos elementos narrativos o aun con ninguno. La secci\u00f3n de los Dr\u00faedain debi\u00f3 por cierto su inclusi\u00f3n original a la historia de \u00abLa piedra fiel\u00bb de la que es parte; y esta secci\u00f3n me llev\u00f3 a incorporar las referencias a los Istari y los Palant\u00edri, pues \u00e9stas (especialmente las primeras) son asuntos por los que mucha gente manifest\u00f3 curiosidad, y este libro pareci\u00f3 un lugar conveniente par exponer todo lo que queda por decir.<\/p>\n<p>[\/et_pb_text][\/et_pb_column][\/et_pb_row][\/et_pb_section]<\/p>\n","protected":false},"excerpt":{"rendered":"<p><span><span><a href=\"https:\/\/www.tolkienestate.com\/es\/\">Home<\/a><\/span><\/span>\u00abEs, supongo, un tributo al curioso efecto que tiene la historia cuando se basa en obras muy elaboradas y detalladas de geograf\u00eda, cronolog\u00eda y lenguaje; de modo que muchos claman que se les d\u00e9 mera \u201cinformaci\u00f3n\u201d o \u201cdatos folkl\u00f3ricos\u201d.\u00bb ~ J.R.R.T.Cuentos inconclusos de N\u00famenor y la Tierra Media es una recopilaci\u00f3n de textos inacabados de [&hellip;]<\/p>\n","protected":false},"author":1,"featured_media":0,"parent":33810,"menu_order":0,"comment_status":"closed","ping_status":"closed","template":"","meta":{"_et_pb_use_builder":"on","_et_pb_old_content":"","_et_gb_content_width":"","footnotes":""},"class_list":["post-33840","page","type-page","status-publish","hentry"],"yoast_head":"<!-- This site is optimized with the Yoast SEO plugin v27.3 - https:\/\/yoast.com\/product\/yoast-seo-wordpress\/ -->\n<title>Christopher Tolkien, \u2018Cuentos Inconclusos de N\u00famenor y la Tierra Media\u2019 - The Tolkien Estate<\/title>\n<meta name=\"robots\" content=\"index, follow, max-snippet:-1, max-image-preview:large, max-video-preview:-1\" \/>\n<link rel=\"canonical\" href=\"https:\/\/www.tolkienestate.com\/writing\/christopher-tolkien-unfinished-tales-of-numenor-and-middle-earth\/\" \/>\n<meta property=\"og:locale\" content=\"es_ES\" \/>\n<meta property=\"og:type\" content=\"article\" \/>\n<meta property=\"og:title\" content=\"Christopher Tolkien, \u2018Cuentos Inconclusos de N\u00famenor y la Tierra Media\u2019 - The Tolkien Estate\" \/>\n<meta property=\"og:description\" content=\"\u00abEs, supongo, un tributo al curioso efecto que tiene la historia cuando se basa en obras muy elaboradas y detalladas de geograf\u00eda, cronolog\u00eda y lenguaje; de modo que muchos claman que se les d\u00e9 mera \u201cinformaci\u00f3n\u201d o \u201cdatos folkl\u00f3ricos\u201d.\u00bb ~ J.R.R.T.Cuentos inconclusos de N\u00famenor y la Tierra Media es una recopilaci\u00f3n de textos inacabados de [&hellip;]\" \/>\n<meta property=\"og:url\" content=\"https:\/\/www.tolkienestate.com\/writing\/christopher-tolkien-unfinished-tales-of-numenor-and-middle-earth\/\" \/>\n<meta property=\"og:site_name\" content=\"The Tolkien Estate\" \/>\n<meta property=\"article:modified_time\" content=\"2023-07-17T15:40:00+00:00\" \/>\n<meta name=\"twitter:card\" content=\"summary_large_image\" \/>\n<meta name=\"twitter:label1\" content=\"Tiempo de lectura\" \/>\n\t<meta name=\"twitter:data1\" content=\"10 minutos\" \/>\n<script type=\"application\/ld+json\" class=\"yoast-schema-graph\">{\"@context\":\"https:\\\/\\\/schema.org\",\"@graph\":[{\"@type\":\"WebPage\",\"@id\":\"https:\\\/\\\/www.tolkienestate.com\\\/writing\\\/christopher-tolkien-unfinished-tales-of-numenor-and-middle-earth\\\/\",\"url\":\"https:\\\/\\\/www.tolkienestate.com\\\/writing\\\/christopher-tolkien-unfinished-tales-of-numenor-and-middle-earth\\\/\",\"name\":\"Christopher Tolkien, \u2018Cuentos Inconclusos de N\u00famenor y la Tierra Media\u2019 - The Tolkien Estate\",\"isPartOf\":{\"@id\":\"https:\\\/\\\/www.tolkienestate.com\\\/#website\"},\"datePublished\":\"2020-09-11T13:20:12+00:00\",\"dateModified\":\"2023-07-17T15:40:00+00:00\",\"breadcrumb\":{\"@id\":\"https:\\\/\\\/www.tolkienestate.com\\\/writing\\\/christopher-tolkien-unfinished-tales-of-numenor-and-middle-earth\\\/#breadcrumb\"},\"inLanguage\":\"es\",\"potentialAction\":[{\"@type\":\"ReadAction\",\"target\":[\"https:\\\/\\\/www.tolkienestate.com\\\/writing\\\/christopher-tolkien-unfinished-tales-of-numenor-and-middle-earth\\\/\"]}]},{\"@type\":\"BreadcrumbList\",\"@id\":\"https:\\\/\\\/www.tolkienestate.com\\\/writing\\\/christopher-tolkien-unfinished-tales-of-numenor-and-middle-earth\\\/#breadcrumb\",\"itemListElement\":[{\"@type\":\"ListItem\",\"position\":1,\"name\":\"Home\",\"item\":\"https:\\\/\\\/www.tolkienestate.com\\\/es\\\/\"},{\"@type\":\"ListItem\",\"position\":2,\"name\":\"Escribir\",\"item\":\"https:\\\/\\\/www.tolkienestate.com\\\/es\\\/escribir\\\/\"},{\"@type\":\"ListItem\",\"position\":3,\"name\":\"Christopher Tolkien, \u2018Cuentos Inconclusos de N\u00famenor y la Tierra Media\u2019\"}]},{\"@type\":\"WebSite\",\"@id\":\"https:\\\/\\\/www.tolkienestate.com\\\/#website\",\"url\":\"https:\\\/\\\/www.tolkienestate.com\\\/\",\"name\":\"The Tolkien Estate\",\"description\":\"\",\"potentialAction\":[{\"@type\":\"SearchAction\",\"target\":{\"@type\":\"EntryPoint\",\"urlTemplate\":\"https:\\\/\\\/www.tolkienestate.com\\\/?s={search_term_string}\"},\"query-input\":{\"@type\":\"PropertyValueSpecification\",\"valueRequired\":true,\"valueName\":\"search_term_string\"}}],\"inLanguage\":\"es\"}]}<\/script>\n<!-- \/ Yoast SEO plugin. -->","yoast_head_json":{"title":"Christopher Tolkien, \u2018Cuentos Inconclusos de N\u00famenor y la Tierra Media\u2019 - The Tolkien Estate","robots":{"index":"index","follow":"follow","max-snippet":"max-snippet:-1","max-image-preview":"max-image-preview:large","max-video-preview":"max-video-preview:-1"},"canonical":"https:\/\/www.tolkienestate.com\/writing\/christopher-tolkien-unfinished-tales-of-numenor-and-middle-earth\/","og_locale":"es_ES","og_type":"article","og_title":"Christopher Tolkien, \u2018Cuentos Inconclusos de N\u00famenor y la Tierra Media\u2019 - The Tolkien Estate","og_description":"\u00abEs, supongo, un tributo al curioso efecto que tiene la historia cuando se basa en obras muy elaboradas y detalladas de geograf\u00eda, cronolog\u00eda y lenguaje; de modo que muchos claman que se les d\u00e9 mera \u201cinformaci\u00f3n\u201d o \u201cdatos folkl\u00f3ricos\u201d.\u00bb ~ J.R.R.T.Cuentos inconclusos de N\u00famenor y la Tierra Media es una recopilaci\u00f3n de textos inacabados de [&hellip;]","og_url":"https:\/\/www.tolkienestate.com\/writing\/christopher-tolkien-unfinished-tales-of-numenor-and-middle-earth\/","og_site_name":"The Tolkien Estate","article_modified_time":"2023-07-17T15:40:00+00:00","twitter_card":"summary_large_image","twitter_misc":{"Tiempo de lectura":"10 minutos"},"schema":{"@context":"https:\/\/schema.org","@graph":[{"@type":"WebPage","@id":"https:\/\/www.tolkienestate.com\/writing\/christopher-tolkien-unfinished-tales-of-numenor-and-middle-earth\/","url":"https:\/\/www.tolkienestate.com\/writing\/christopher-tolkien-unfinished-tales-of-numenor-and-middle-earth\/","name":"Christopher Tolkien, \u2018Cuentos Inconclusos de N\u00famenor y la Tierra Media\u2019 - The Tolkien Estate","isPartOf":{"@id":"https:\/\/www.tolkienestate.com\/#website"},"datePublished":"2020-09-11T13:20:12+00:00","dateModified":"2023-07-17T15:40:00+00:00","breadcrumb":{"@id":"https:\/\/www.tolkienestate.com\/writing\/christopher-tolkien-unfinished-tales-of-numenor-and-middle-earth\/#breadcrumb"},"inLanguage":"es","potentialAction":[{"@type":"ReadAction","target":["https:\/\/www.tolkienestate.com\/writing\/christopher-tolkien-unfinished-tales-of-numenor-and-middle-earth\/"]}]},{"@type":"BreadcrumbList","@id":"https:\/\/www.tolkienestate.com\/writing\/christopher-tolkien-unfinished-tales-of-numenor-and-middle-earth\/#breadcrumb","itemListElement":[{"@type":"ListItem","position":1,"name":"Home","item":"https:\/\/www.tolkienestate.com\/es\/"},{"@type":"ListItem","position":2,"name":"Escribir","item":"https:\/\/www.tolkienestate.com\/es\/escribir\/"},{"@type":"ListItem","position":3,"name":"Christopher Tolkien, \u2018Cuentos Inconclusos de N\u00famenor y la Tierra Media\u2019"}]},{"@type":"WebSite","@id":"https:\/\/www.tolkienestate.com\/#website","url":"https:\/\/www.tolkienestate.com\/","name":"The Tolkien Estate","description":"","potentialAction":[{"@type":"SearchAction","target":{"@type":"EntryPoint","urlTemplate":"https:\/\/www.tolkienestate.com\/?s={search_term_string}"},"query-input":{"@type":"PropertyValueSpecification","valueRequired":true,"valueName":"search_term_string"}}],"inLanguage":"es"}]}},"_links":{"self":[{"href":"https:\/\/www.tolkienestate.com\/es\/wp-json\/wp\/v2\/pages\/33840","targetHints":{"allow":["GET"]}}],"collection":[{"href":"https:\/\/www.tolkienestate.com\/es\/wp-json\/wp\/v2\/pages"}],"about":[{"href":"https:\/\/www.tolkienestate.com\/es\/wp-json\/wp\/v2\/types\/page"}],"author":[{"embeddable":true,"href":"https:\/\/www.tolkienestate.com\/es\/wp-json\/wp\/v2\/users\/1"}],"replies":[{"embeddable":true,"href":"https:\/\/www.tolkienestate.com\/es\/wp-json\/wp\/v2\/comments?post=33840"}],"version-history":[{"count":0,"href":"https:\/\/www.tolkienestate.com\/es\/wp-json\/wp\/v2\/pages\/33840\/revisions"}],"up":[{"embeddable":true,"href":"https:\/\/www.tolkienestate.com\/es\/wp-json\/wp\/v2\/pages\/33810"}],"wp:attachment":[{"href":"https:\/\/www.tolkienestate.com\/es\/wp-json\/wp\/v2\/media?parent=33840"}],"curies":[{"name":"wp","href":"https:\/\/api.w.org\/{rel}","templated":true}]}}