{"id":33876,"date":"2020-09-11T14:44:16","date_gmt":"2020-09-11T13:44:16","guid":{"rendered":"http:\/\/jrrtestate.wpengine.com\/escribir\/christina-scull-wayne-g-hammond-mr-bliss\/"},"modified":"2023-07-17T17:12:01","modified_gmt":"2023-07-17T16:12:01","slug":"christina-scull-wayne-g-hammond-el-senor-bliss","status":"publish","type":"page","link":"https:\/\/www.tolkienestate.com\/es\/escribir\/christina-scull-wayne-g-hammond-el-senor-bliss\/","title":{"rendered":"Christina Scull &#038; Wayne G. Hammond, \u2018El Se\u00f1or Bliss\u2019"},"content":{"rendered":"<p>[et_pb_section fb_built=\u00bb1&#8243; _builder_version=\u00bb4.16&#8243; _module_preset=\u00bbdefault\u00bb background_color=\u00bb#2f3534&#8243; custom_margin=\u00bb||||false|false\u00bb custom_padding=\u00bb0px||0px||false|false\u00bb animation_direction=\u00bbtop\u00bb saved_tabs=\u00bball\u00bb global_colors_info=\u00bb{}\u00bb][et_pb_row _builder_version=\u00bb4.16&#8243; _module_preset=\u00bbdefault\u00bb custom_padding=\u00bb20px||20px||false|false\u00bb global_colors_info=\u00bb{}\u00bb][et_pb_column type=\u00bb4_4&#8243; _builder_version=\u00bb4.16&#8243; _module_preset=\u00bbdefault\u00bb global_colors_info=\u00bb{}\u00bb][et_pb_text module_class=\u00bbyoastBC\u00bb _builder_version=\u00bb4.16&#8243; _module_preset=\u00bbdefault\u00bb text_font=\u00bb|||on|||||\u00bb text_text_color=\u00bb#9f8d60&#8243; link_text_color=\u00bb#9f8d60&#8243; text_orientation=\u00bbcenter\u00bb global_colors_info=\u00bb{}\u00bb]<span><span><a href=\"https:\/\/www.tolkienestate.com\/es\/\">Home<\/a><\/span><\/span>[\/et_pb_text][\/et_pb_column][\/et_pb_row][\/et_pb_section][et_pb_section fb_built=\u00bb1&#8243; custom_padding_last_edited=\u00bbon|phone\u00bb _builder_version=\u00bb4.16&#8243; _module_preset=\u00bbdefault\u00bb background_color=\u00bb#2f3534&#8243; use_background_color_gradient=\u00bbon\u00bb background_color_gradient_stops=\u00bbrgba(0,0,0,0.23) 0%|rgba(0,0,0,0.23) 100%\u00bb background_color_gradient_overlays_image=\u00bbon\u00bb background_color_gradient_start=\u00bbrgba(0,0,0,0.23)\u00bb background_color_gradient_end=\u00bbrgba(0,0,0,0.23)\u00bb background_image=\u00bbhttps:\/\/www.tolkienestate.com\/wp-content\/uploads\/2020\/12\/stories-for-children-1.png\u00bb custom_padding=\u00bb220px||220px||false|false\u00bb custom_padding_tablet=\u00bb\u00bb custom_padding_phone=\u00bb100px||100px||false|false\u00bb locked=\u00bboff\u00bb global_colors_info=\u00bb{}\u00bb][et_pb_row _builder_version=\u00bb4.16&#8243; _module_preset=\u00bbdefault\u00bb global_colors_info=\u00bb{}\u00bb][et_pb_column type=\u00bb4_4&#8243; _builder_version=\u00bb4.16&#8243; _module_preset=\u00bbdefault\u00bb global_colors_info=\u00bb{}\u00bb][et_pb_text _builder_version=\u00bb4.16&#8243; _dynamic_attributes=\u00bbcontent\u00bb _module_preset=\u00bbdefault\u00bb header_text_align=\u00bbcenter\u00bb header_text_color=\u00bb#ffffff\u00bb header_font_size=\u00bb60px\u00bb header_letter_spacing=\u00bb15px\u00bb module_alignment=\u00bbcenter\u00bb header_font_size_tablet=\u00bb40px\u00bb header_font_size_phone=\u00bb\u00bb header_font_size_last_edited=\u00bbon|tablet\u00bb header_letter_spacing_tablet=\u00bb1px\u00bb header_letter_spacing_phone=\u00bb\u00bb header_letter_spacing_last_edited=\u00bbon|tablet\u00bb global_colors_info=\u00bb{}\u00bb]@ET-DC@eyJkeW5hbWljIjp0cnVlLCJjb250ZW50IjoicG9zdF90aXRsZSIsInNldHRpbmdzIjp7ImJlZm9yZSI6IjxoMT4iLCJhZnRlciI6IjwvaDE+In19@[\/et_pb_text][\/et_pb_column][\/et_pb_row][\/et_pb_section][et_pb_section fb_built=\u00bb1&#8243; _builder_version=\u00bb4.16&#8243; _module_preset=\u00bbdefault\u00bb background_color=\u00bb#f7f7f1&#8243; global_colors_info=\u00bb{}\u00bb][et_pb_row _builder_version=\u00bb4.16&#8243; _module_preset=\u00bbdefault\u00bb global_colors_info=\u00bb{}\u00bb][et_pb_column type=\u00bb4_4&#8243; _builder_version=\u00bb4.16&#8243; _module_preset=\u00bbdefault\u00bb global_colors_info=\u00bb{}\u00bb][et_pb_text _builder_version=\u00bb4.16&#8243; text_font_size=\u00bb20px\u00bb text_line_height=\u00bb1.6em\u00bb link_text_color=\u00bb#9f8d60&#8243; width=\u00bb66%\u00bb module_alignment=\u00bbcenter\u00bb animation_style=\u00bbfade\u00bb animation_duration=\u00bb1500ms\u00bb locked=\u00bboff\u00bb global_colors_info=\u00bb{}\u00bb]<\/p>\n<p>Art\u00edculo escrito por Christina Scull &amp; Wayne G. Hammond<\/p>\n<p>[\/et_pb_text][\/et_pb_column][\/et_pb_row][\/et_pb_section][et_pb_section fb_built=\u00bb1&#8243; _builder_version=\u00bb4.16&#8243; _module_preset=\u00bbdefault\u00bb global_colors_info=\u00bb{}\u00bb][et_pb_row _builder_version=\u00bb4.16&#8243; locked=\u00bboff\u00bb global_colors_info=\u00bb{}\u00bb][et_pb_column type=\u00bb4_4&#8243; _builder_version=\u00bb4.16&#8243; global_colors_info=\u00bb{}\u00bb][et_pb_text quote_border_weight=\u00bb4px\u00bb quote_border_color=\u00bb#9f8d60&#8243; _builder_version=\u00bb4.16&#8243; _module_preset=\u00bbdefault\u00bb text_font_size=\u00bb20px\u00bb text_line_height=\u00bb1.6em\u00bb quote_font=\u00bb||on||||||\u00bb header_font=\u00bb||||||||\u00bb header_text_color=\u00bb#000000&#8243; header_3_font=\u00bbPT Serif|700|||||||\u00bb header_3_text_color=\u00bb#000000&#8243; width=\u00bb66%\u00bb module_alignment=\u00bbcenter\u00bb animation_style=\u00bbfade\u00bb animation_duration=\u00bb1500ms\u00bb global_colors_info=\u00bb{}\u00bb]<\/p>\n<p><strong>Un cuento extravagante<\/strong><\/p>\n<p>El se\u00f1or Bliss es el libro m\u00e1s exc\u00e9ntrico de Tolkien. El personaje que da nombre al relato vive en una casa muy alta, lleva alt\u00edsimos sombreros y tiene un alt\u00edsima mascota llamada Jirafanejo, una criatura h\u00edbrida con orejas, patas y cola de conejo, largo cuello de jirafa adem\u00e1s de una piel de gabardina.<\/p>\n<p>[\/et_pb_text][et_pb_text quote_border_weight=\u00bb4px\u00bb quote_border_color=\u00bb#9f8d60&#8243; _builder_version=\u00bb4.21.0&#8243; text_line_height=\u00bb1.9em\u00bb quote_font=\u00bb||on||||||\u00bb header_font=\u00bb||||||||\u00bb header_text_color=\u00bb#000000&#8243; header_3_font=\u00bbPT Serif|700|||||||\u00bb header_3_text_color=\u00bb#000000&#8243; width=\u00bb66%\u00bb module_alignment=\u00bbcenter\u00bb animation_style=\u00bbfade\u00bb animation_duration=\u00bb1500ms\u00bb hover_enabled=\u00bb0&#8243; global_colors_info=\u00bb{}\u00bb sticky_enabled=\u00bb0&#8243;]<\/p>\n<p>Un d\u00eda, sin pens\u00e1rselo dos veces, toma la caprichosa decisi\u00f3n de comprarse un coche de color amarillo brillante con ruedas rojas, no sin antes guardar su bicicleta sin pedales (porque \u201cs\u00f3lo viajaba colina abajo\u201d) por si acaso. Y, mientras sale con su nuevo coche para visitar a la familia Dorkins, en el primer cruce se estrella con el Sr. Day, destrozando su carretilla de coles. Poco despu\u00e9s, en el segundo cruce, choca con la Sra. Knight y su carro de pl\u00e1tanos tirado por un burro.<\/p>\n<p>No pasa mucho tiempo hasta que tres \u00abfieros\u00bb osos, Archie, Teddy y Bruno se unen al Sr. Bliss, al Sr. Day y la Sra. Knight y, todos juntos en el coche, se estampan contra la familia Dorkins, que pl\u00e1cidamente hac\u00eda una comida-campestre. Como era de esperar, las desgracias contin\u00faan, los osos arrasan el huerto de los Dorkins y escapan hacia un oscuro bosque, seguidos por los otros personajes.<\/p>\n<p>Asustado, el Sr. Bliss, vuelve a su casa aunque el Sr. Day , la Sra. Knight, los Dorkins, los osos, y el vendedor de coches, a quien no hab\u00eda pagado, ir\u00e1n tras \u00e9l. Todos ellos exigen del Sr. Bliss que les entregue dinero, a cambio de los destrozos que ha causado. Entonces decide satisfacer sus peticiones, paga sus deudas, regala el coche de la discordia al Sr. Day, y en su lugar, opta por conducir un carro tirado por un burro.<\/p>\n<p><center><img loading=\"lazy\" decoding=\"async\" src=\"https:\/\/www.tolkienestate.com\/wp-content\/uploads\/2021\/04\/Mr-Bliss-p.-10-1-scaled.jpg\" width=\"2000\" height=\"1311\" alt=\"\" class=\"wp-image-34865 alignnone size-full\" srcset=\"https:\/\/jrrtestate.wpenginepowered.com\/wp-content\/uploads\/2021\/04\/Mr-Bliss-p.-10-1-scaled.jpg 2000w, https:\/\/jrrtestate.wpenginepowered.com\/wp-content\/uploads\/2021\/04\/Mr-Bliss-p.-10-1-300x197.jpg 300w, https:\/\/jrrtestate.wpenginepowered.com\/wp-content\/uploads\/2021\/04\/Mr-Bliss-p.-10-1-1024x671.jpg 1024w, https:\/\/jrrtestate.wpenginepowered.com\/wp-content\/uploads\/2021\/04\/Mr-Bliss-p.-10-1-768x503.jpg 768w, https:\/\/jrrtestate.wpenginepowered.com\/wp-content\/uploads\/2021\/04\/Mr-Bliss-p.-10-1-1536x1006.jpg 1536w, https:\/\/jrrtestate.wpenginepowered.com\/wp-content\/uploads\/2021\/04\/Mr-Bliss-p.-10-1-2048x1342.jpg 2048w, https:\/\/jrrtestate.wpenginepowered.com\/wp-content\/uploads\/2021\/04\/Mr-Bliss-p.-10-1-120x79.jpg 120w, https:\/\/jrrtestate.wpenginepowered.com\/wp-content\/uploads\/2021\/04\/Mr-Bliss-p.-10-1-1080x708.jpg 1080w, https:\/\/jrrtestate.wpenginepowered.com\/wp-content\/uploads\/2021\/04\/Mr-Bliss-p.-10-1-1280x839.jpg 1280w, https:\/\/jrrtestate.wpenginepowered.com\/wp-content\/uploads\/2021\/04\/Mr-Bliss-p.-10-1-980x642.jpg 980w, https:\/\/jrrtestate.wpenginepowered.com\/wp-content\/uploads\/2021\/04\/Mr-Bliss-p.-10-1-480x315.jpg 480w\" sizes=\"(max-width: 2000px) 100vw, 2000px\" \/><em>Mr. Bliss crashes into Mr. Day and his barrow of cabbages.<\/em><\/center><\/p>\n<p>Los cr\u00edticos han comparado este extra\u00f1o cuento y sus numerosas incursiones en el absurdo, con las historietas de Beatriz Potter, con El viento en los sauces de Kenneth Grahame, en lo que se refiere a sus aspectos art\u00edsticos, a los dibujos c\u00f3micos del poeta del absurdo Edward Lear. [Usted encontrar\u00e1 enlaces sobre estos y otros textos en esta secci\u00f3n.] De hecho, El se\u00f1or Bliss desaf\u00eda toda clasificaci\u00f3n y constituye un ejemplo m\u00e1s de la considerable originalidad de Tolkien como autor.<\/p>\n<p>Tanto es as\u00ed que, incluso dentro de la obra tolkienana, El se\u00f1or Bliss es \u00fanico hasta en su formato, dise\u00f1ado no s\u00f3lo como una historia con ilustraciones, sino como un libro de dibujos en el cual las palabras y el arte se apoyan mutuamente. As\u00ed, Tolkien escribi\u00f3 su texto, hermosamente caligrafiado, y realiz\u00f3 sus dibujos en grandes hojas de papel, que posteriormente doblaba en forma de un libro con cubiertas de colores. En lo referente a la parte art\u00edstica, gustaba de empezar con l\u00e1piz o tinta negra, para despu\u00e9s embellecer sus ilustraciones con una ampl\u00eda gama de l\u00e1pices o tintas de colores.<\/p>\n<h3>Una obra de fecha dudosa<\/h3>\n<p>Seg\u00fan Christopher el hijo m\u00e1s joven de nuestro autor, la versi\u00f3n final del manuscrito de Tolkien parece datar de los a\u00f1os 1930. Adem\u00e1s, de acuerdo con el bi\u00f3grafo Humphrey Carpenter, la historia se le ocurri\u00f3 a Tolkien tras comprar un coche en 1932, con los contratiempos que ello le acarre\u00f3. Sin embargo tambi\u00e9n se dice que Michael, el segundo hijo, anot\u00f3 la narraci\u00f3n del cuento en un diario que ten\u00eda en el verano 1928 (hoy en d\u00eda dicho diario permanece desaparecido). Por otro lado, Joan, la esposa de Michael afirm\u00f3 que El se\u00f1or Bliss no se inspiraba de las experiencias del propio Tolkien, sino en un cochecito de juguete que hab\u00eda pertenecido a Christopher y por el que ten\u00eda mucho cari\u00f1o (aunque Christopher no lo recuerda). Adem\u00e1s, Joan Tolkien a\u00f1ade que los tres osos se basaron en los ositos de trapo de los hijos de Tolkien.<\/p>\n<p>Ciertamente, el coche que aparece en las ilustraciones realizadas por Tolkien parece de juguete. Archie, Teddy y Bruno tambi\u00e9n est\u00e1n dibujados como juguetes: se ven sus costuras, sus ojos son de cristal, sus patas desarticuladas. Contrastando con esto, los interiores, las escenas de calle y los paisajes est\u00e1n reflejados con mayor realismo.<br \/>El mundo que nos presenta la narraci\u00f3n contiene pueblecitos, colinas, jardines tapiados y hasta tabernas de madera como las que aparecen en la Inglaterra rural. Por otro lado, y como siempre ocurre en la obra ilustrada de Tolkien, los \u00e1rboles est\u00e1n dibujados con mucha sensibilidad. Adem\u00e1s sus dibujos del bosque de los osos recuerdan a los que hizo del Bosque Negro, y al dibujo de tapa de El Hobbit, realizados entre principios y mediados de los a\u00f1os 30.<\/p>\n<h3>Historia de la publicaci\u00f3n<\/h3>\n<p>Cualquiera que sea su fecha de origen, el manuscrito de El se\u00f1or Bliss exist\u00eda ya a finales de 1936, cuando Tolkien lo present\u00f3 a sus editores, George Allen &amp; Unwin, como el posible sucesor de El Hobbit. El gerente de producci\u00f3n de la editorial, C.A. Furth, pens\u00f3 que El se\u00f1or Bliss estaba en la misma l\u00ednea de Alicia en el Pa\u00eds de las Maravillas, pero calific\u00f3 como prohibitivo el coste de reproducir sus delicados, profusamente coloreados dibujos, sobretodo si el libro pretend\u00eda venderse a un precio razonable.<\/p>\n<p><center><img loading=\"lazy\" decoding=\"async\" src=\"https:\/\/www.tolkienestate.com\/wp-content\/uploads\/2021\/04\/Mr-Bliss-p.-33-1.jpg\" width=\"1938\" height=\"1254\" alt=\"\" class=\"wp-image-34868 alignnone size-full\" srcset=\"https:\/\/jrrtestate.wpenginepowered.com\/wp-content\/uploads\/2021\/04\/Mr-Bliss-p.-33-1.jpg 1938w, https:\/\/jrrtestate.wpenginepowered.com\/wp-content\/uploads\/2021\/04\/Mr-Bliss-p.-33-1-300x194.jpg 300w, https:\/\/jrrtestate.wpenginepowered.com\/wp-content\/uploads\/2021\/04\/Mr-Bliss-p.-33-1-1024x663.jpg 1024w, https:\/\/jrrtestate.wpenginepowered.com\/wp-content\/uploads\/2021\/04\/Mr-Bliss-p.-33-1-768x497.jpg 768w, https:\/\/jrrtestate.wpenginepowered.com\/wp-content\/uploads\/2021\/04\/Mr-Bliss-p.-33-1-1536x994.jpg 1536w, https:\/\/jrrtestate.wpenginepowered.com\/wp-content\/uploads\/2021\/04\/Mr-Bliss-p.-33-1-120x78.jpg 120w, https:\/\/jrrtestate.wpenginepowered.com\/wp-content\/uploads\/2021\/04\/Mr-Bliss-p.-33-1-1080x699.jpg 1080w, https:\/\/jrrtestate.wpenginepowered.com\/wp-content\/uploads\/2021\/04\/Mr-Bliss-p.-33-1-1280x828.jpg 1280w, https:\/\/jrrtestate.wpenginepowered.com\/wp-content\/uploads\/2021\/04\/Mr-Bliss-p.-33-1-980x634.jpg 980w, https:\/\/jrrtestate.wpenginepowered.com\/wp-content\/uploads\/2021\/04\/Mr-Bliss-p.-33-1-480x311.jpg 480w\" sizes=\"(max-width: 1938px) 100vw, 1938px\" \/><em>Mr. Bliss looks across the valley to his house in the distance and sees the Girabbit\u2019s head sticking through the roof.<\/em><\/center><\/p>\n<p>Aunque Tolkien se ofreci\u00f3 a hacer sus dibujos menos elaborados y por lo tanto m\u00e1s baratos de imprimir, dudaba ante la necesidad de usar s\u00f3lo tres colores m\u00e1s el negro, como le hab\u00edan aconsejado en Allen &amp; Unwin. No estaba completamente convencido y sent\u00eda que no ten\u00eda suficiente talento para intentarlo: as\u00ed, le dijo a C.A. Furth que las ilustraciones demostraban principalmente que el autor del libro \u00a1no sab\u00eda dibujar! En realidad, Tolkien s\u00ed ten\u00eda la capacidad de rehacer sus dibujos, pero no el tiempo, puesto que sus deberes en Oxford durante la Segunda Guerra Mundial, as\u00ed como otros proyectos, requer\u00edan su atenci\u00f3n.<\/p>\n<p>A finales del a\u00f1o 1964, El se\u00f1or Bliss llam\u00f3 la atenci\u00f3n del erudito norteamericano Clyde S. Kilby, quien propuso su publicaci\u00f3n. Tolkien estaba dispuesto a considerarlo, dependiendo, claro est\u00e1 del m\u00e9todo utilizado de impresi\u00f3n y de las condiciones ofrecidas. No hab\u00eda olvidado las dificultades que hab\u00edan impedido la publicaci\u00f3n por parte de Allen &amp; Uwin, y, como siempre, segu\u00eda manteniendo unos est\u00e1ndares muy altos en lo tocante a la reproducci\u00f3n de sus obras. Pero no hab\u00eda vuelto a mirar el manuscrito de El se\u00f1or Bliss desde 1957, fecha en la que hab\u00eda sido vendido a la universidad Marquette de Milwaukee en Winsconsin, (USA), y no estaba muy seguro de su calidad. Cuando a Allen &amp; Unwin se les propusieron otras alternativas para publicar el libro, se obtuvieron fotostatos de Marquette y Tolkien, junto a sus editores, decidi\u00f3 que su caligraf\u00eda en el manuscrito no estaba lo suficientemente clara para leerse bien. Sin embargo la substituci\u00f3n del manuscrito original por un texto mecanografiado hubiera disminuido en gran medida el encanto del libro. De todos modos, el coste de imprimirlo era todav\u00eda excesivo y por aquel entonces El se\u00f1or Bliss se hab\u00eda convertido, a los ojos de Tolkien en algo personal que no quer\u00eda publicar en vida.<\/p>\n<p>Al final de los a\u00f1os sesenta, los avances tecnol\u00f3gicos en el campo de la de impresi\u00f3n hab\u00edan llegado a un punto en el que hubiera sido perfectamente posible realizar una buena edici\u00f3n facs\u00edmil de El se\u00f1or Bliss. Pero la voluntad de Tolkien fue respectada y el libro no se public\u00f3 hasta 1982, nueve a\u00f1os despu\u00e9s de su muerte. Finalmente el libro fue publicado, con el manuscrito y los dibujos originales de Tolkien, pero con las transcripciones mecanografiadas en las p\u00e1ginas contiguas.<\/p>\n<p>El se\u00f1or Bliss fue publicado en espa\u00f1ol por ediciones Minotauro, en 1984.<\/p>\n<p>[\/et_pb_text][\/et_pb_column][\/et_pb_row][\/et_pb_section]<\/p>\n","protected":false},"excerpt":{"rendered":"<p><span><span><a href=\"https:\/\/www.tolkienestate.com\/es\/\">Home<\/a><\/span><\/span>Art\u00edculo escrito por Christina Scull &amp; Wayne G. HammondUn cuento extravagante El se\u00f1or Bliss es el libro m\u00e1s exc\u00e9ntrico de Tolkien. El personaje que da nombre al relato vive en una casa muy alta, lleva alt\u00edsimos sombreros y tiene un alt\u00edsima mascota llamada Jirafanejo, una criatura h\u00edbrida con orejas, patas y cola de conejo, largo [&hellip;]<\/p>\n","protected":false},"author":1,"featured_media":0,"parent":33810,"menu_order":0,"comment_status":"closed","ping_status":"closed","template":"","meta":{"_et_pb_use_builder":"on","_et_pb_old_content":"","_et_gb_content_width":"","footnotes":""},"class_list":["post-33876","page","type-page","status-publish","hentry"],"yoast_head":"<!-- This site is optimized with the Yoast SEO plugin v27.3 - https:\/\/yoast.com\/product\/yoast-seo-wordpress\/ -->\n<title>Christina Scull &amp; Wayne G. Hammond, \u2018El Se\u00f1or Bliss\u2019 - The Tolkien Estate<\/title>\n<meta name=\"robots\" content=\"index, follow, max-snippet:-1, max-image-preview:large, max-video-preview:-1\" \/>\n<link rel=\"canonical\" href=\"https:\/\/www.tolkienestate.com\/writing\/christina-scull-wayne-g-hammond-mr-bliss\/\" \/>\n<meta property=\"og:locale\" content=\"es_ES\" \/>\n<meta property=\"og:type\" content=\"article\" \/>\n<meta property=\"og:title\" content=\"Christina Scull &amp; Wayne G. Hammond, \u2018El Se\u00f1or Bliss\u2019 - The Tolkien Estate\" \/>\n<meta property=\"og:description\" content=\"Art\u00edculo escrito por Christina Scull &amp; Wayne G. HammondUn cuento extravagante El se\u00f1or Bliss es el libro m\u00e1s exc\u00e9ntrico de Tolkien. El personaje que da nombre al relato vive en una casa muy alta, lleva alt\u00edsimos sombreros y tiene un alt\u00edsima mascota llamada Jirafanejo, una criatura h\u00edbrida con orejas, patas y cola de conejo, largo [&hellip;]\" \/>\n<meta property=\"og:url\" content=\"https:\/\/www.tolkienestate.com\/writing\/christina-scull-wayne-g-hammond-mr-bliss\/\" \/>\n<meta property=\"og:site_name\" content=\"The Tolkien Estate\" \/>\n<meta property=\"article:modified_time\" content=\"2023-07-17T16:12:01+00:00\" \/>\n<meta property=\"og:image\" content=\"https:\/\/www.tolkienestate.com\/wp-content\/uploads\/2021\/04\/Mr-Bliss-p.-10-1-scaled.jpg\" \/>\n<meta name=\"twitter:card\" content=\"summary_large_image\" \/>\n<meta name=\"twitter:label1\" content=\"Tiempo de lectura\" \/>\n\t<meta name=\"twitter:data1\" content=\"10 minutos\" \/>\n<script type=\"application\/ld+json\" class=\"yoast-schema-graph\">{\"@context\":\"https:\\\/\\\/schema.org\",\"@graph\":[{\"@type\":\"WebPage\",\"@id\":\"https:\\\/\\\/www.tolkienestate.com\\\/writing\\\/christina-scull-wayne-g-hammond-mr-bliss\\\/\",\"url\":\"https:\\\/\\\/www.tolkienestate.com\\\/writing\\\/christina-scull-wayne-g-hammond-mr-bliss\\\/\",\"name\":\"Christina Scull & Wayne G. Hammond, \u2018El Se\u00f1or Bliss\u2019 - The Tolkien Estate\",\"isPartOf\":{\"@id\":\"https:\\\/\\\/www.tolkienestate.com\\\/#website\"},\"primaryImageOfPage\":{\"@id\":\"https:\\\/\\\/www.tolkienestate.com\\\/writing\\\/christina-scull-wayne-g-hammond-mr-bliss\\\/#primaryimage\"},\"image\":{\"@id\":\"https:\\\/\\\/www.tolkienestate.com\\\/writing\\\/christina-scull-wayne-g-hammond-mr-bliss\\\/#primaryimage\"},\"thumbnailUrl\":\"https:\\\/\\\/www.tolkienestate.com\\\/wp-content\\\/uploads\\\/2021\\\/04\\\/Mr-Bliss-p.-10-1-scaled.jpg\",\"datePublished\":\"2020-09-11T13:44:16+00:00\",\"dateModified\":\"2023-07-17T16:12:01+00:00\",\"breadcrumb\":{\"@id\":\"https:\\\/\\\/www.tolkienestate.com\\\/writing\\\/christina-scull-wayne-g-hammond-mr-bliss\\\/#breadcrumb\"},\"inLanguage\":\"es\",\"potentialAction\":[{\"@type\":\"ReadAction\",\"target\":[\"https:\\\/\\\/www.tolkienestate.com\\\/writing\\\/christina-scull-wayne-g-hammond-mr-bliss\\\/\"]}]},{\"@type\":\"ImageObject\",\"inLanguage\":\"es\",\"@id\":\"https:\\\/\\\/www.tolkienestate.com\\\/writing\\\/christina-scull-wayne-g-hammond-mr-bliss\\\/#primaryimage\",\"url\":\"https:\\\/\\\/www.tolkienestate.com\\\/wp-content\\\/uploads\\\/2021\\\/04\\\/Mr-Bliss-p.-10-1-scaled.jpg\",\"contentUrl\":\"https:\\\/\\\/www.tolkienestate.com\\\/wp-content\\\/uploads\\\/2021\\\/04\\\/Mr-Bliss-p.-10-1-scaled.jpg\"},{\"@type\":\"BreadcrumbList\",\"@id\":\"https:\\\/\\\/www.tolkienestate.com\\\/writing\\\/christina-scull-wayne-g-hammond-mr-bliss\\\/#breadcrumb\",\"itemListElement\":[{\"@type\":\"ListItem\",\"position\":1,\"name\":\"Home\",\"item\":\"https:\\\/\\\/www.tolkienestate.com\\\/es\\\/\"},{\"@type\":\"ListItem\",\"position\":2,\"name\":\"Escribir\",\"item\":\"https:\\\/\\\/www.tolkienestate.com\\\/es\\\/escribir\\\/\"},{\"@type\":\"ListItem\",\"position\":3,\"name\":\"Christina Scull &#038; Wayne G. Hammond, \u2018El Se\u00f1or Bliss\u2019\"}]},{\"@type\":\"WebSite\",\"@id\":\"https:\\\/\\\/www.tolkienestate.com\\\/#website\",\"url\":\"https:\\\/\\\/www.tolkienestate.com\\\/\",\"name\":\"The Tolkien Estate\",\"description\":\"\",\"potentialAction\":[{\"@type\":\"SearchAction\",\"target\":{\"@type\":\"EntryPoint\",\"urlTemplate\":\"https:\\\/\\\/www.tolkienestate.com\\\/?s={search_term_string}\"},\"query-input\":{\"@type\":\"PropertyValueSpecification\",\"valueRequired\":true,\"valueName\":\"search_term_string\"}}],\"inLanguage\":\"es\"}]}<\/script>\n<!-- \/ Yoast SEO plugin. -->","yoast_head_json":{"title":"Christina Scull & Wayne G. Hammond, \u2018El Se\u00f1or Bliss\u2019 - The Tolkien Estate","robots":{"index":"index","follow":"follow","max-snippet":"max-snippet:-1","max-image-preview":"max-image-preview:large","max-video-preview":"max-video-preview:-1"},"canonical":"https:\/\/www.tolkienestate.com\/writing\/christina-scull-wayne-g-hammond-mr-bliss\/","og_locale":"es_ES","og_type":"article","og_title":"Christina Scull & Wayne G. Hammond, \u2018El Se\u00f1or Bliss\u2019 - The Tolkien Estate","og_description":"Art\u00edculo escrito por Christina Scull &amp; Wayne G. HammondUn cuento extravagante El se\u00f1or Bliss es el libro m\u00e1s exc\u00e9ntrico de Tolkien. El personaje que da nombre al relato vive en una casa muy alta, lleva alt\u00edsimos sombreros y tiene un alt\u00edsima mascota llamada Jirafanejo, una criatura h\u00edbrida con orejas, patas y cola de conejo, largo [&hellip;]","og_url":"https:\/\/www.tolkienestate.com\/writing\/christina-scull-wayne-g-hammond-mr-bliss\/","og_site_name":"The Tolkien Estate","article_modified_time":"2023-07-17T16:12:01+00:00","og_image":[{"url":"https:\/\/www.tolkienestate.com\/wp-content\/uploads\/2021\/04\/Mr-Bliss-p.-10-1-scaled.jpg","type":"","width":"","height":""}],"twitter_card":"summary_large_image","twitter_misc":{"Tiempo de lectura":"10 minutos"},"schema":{"@context":"https:\/\/schema.org","@graph":[{"@type":"WebPage","@id":"https:\/\/www.tolkienestate.com\/writing\/christina-scull-wayne-g-hammond-mr-bliss\/","url":"https:\/\/www.tolkienestate.com\/writing\/christina-scull-wayne-g-hammond-mr-bliss\/","name":"Christina Scull & Wayne G. Hammond, \u2018El Se\u00f1or Bliss\u2019 - The Tolkien Estate","isPartOf":{"@id":"https:\/\/www.tolkienestate.com\/#website"},"primaryImageOfPage":{"@id":"https:\/\/www.tolkienestate.com\/writing\/christina-scull-wayne-g-hammond-mr-bliss\/#primaryimage"},"image":{"@id":"https:\/\/www.tolkienestate.com\/writing\/christina-scull-wayne-g-hammond-mr-bliss\/#primaryimage"},"thumbnailUrl":"https:\/\/www.tolkienestate.com\/wp-content\/uploads\/2021\/04\/Mr-Bliss-p.-10-1-scaled.jpg","datePublished":"2020-09-11T13:44:16+00:00","dateModified":"2023-07-17T16:12:01+00:00","breadcrumb":{"@id":"https:\/\/www.tolkienestate.com\/writing\/christina-scull-wayne-g-hammond-mr-bliss\/#breadcrumb"},"inLanguage":"es","potentialAction":[{"@type":"ReadAction","target":["https:\/\/www.tolkienestate.com\/writing\/christina-scull-wayne-g-hammond-mr-bliss\/"]}]},{"@type":"ImageObject","inLanguage":"es","@id":"https:\/\/www.tolkienestate.com\/writing\/christina-scull-wayne-g-hammond-mr-bliss\/#primaryimage","url":"https:\/\/www.tolkienestate.com\/wp-content\/uploads\/2021\/04\/Mr-Bliss-p.-10-1-scaled.jpg","contentUrl":"https:\/\/www.tolkienestate.com\/wp-content\/uploads\/2021\/04\/Mr-Bliss-p.-10-1-scaled.jpg"},{"@type":"BreadcrumbList","@id":"https:\/\/www.tolkienestate.com\/writing\/christina-scull-wayne-g-hammond-mr-bliss\/#breadcrumb","itemListElement":[{"@type":"ListItem","position":1,"name":"Home","item":"https:\/\/www.tolkienestate.com\/es\/"},{"@type":"ListItem","position":2,"name":"Escribir","item":"https:\/\/www.tolkienestate.com\/es\/escribir\/"},{"@type":"ListItem","position":3,"name":"Christina Scull &#038; Wayne G. Hammond, \u2018El Se\u00f1or Bliss\u2019"}]},{"@type":"WebSite","@id":"https:\/\/www.tolkienestate.com\/#website","url":"https:\/\/www.tolkienestate.com\/","name":"The Tolkien Estate","description":"","potentialAction":[{"@type":"SearchAction","target":{"@type":"EntryPoint","urlTemplate":"https:\/\/www.tolkienestate.com\/?s={search_term_string}"},"query-input":{"@type":"PropertyValueSpecification","valueRequired":true,"valueName":"search_term_string"}}],"inLanguage":"es"}]}},"_links":{"self":[{"href":"https:\/\/www.tolkienestate.com\/es\/wp-json\/wp\/v2\/pages\/33876","targetHints":{"allow":["GET"]}}],"collection":[{"href":"https:\/\/www.tolkienestate.com\/es\/wp-json\/wp\/v2\/pages"}],"about":[{"href":"https:\/\/www.tolkienestate.com\/es\/wp-json\/wp\/v2\/types\/page"}],"author":[{"embeddable":true,"href":"https:\/\/www.tolkienestate.com\/es\/wp-json\/wp\/v2\/users\/1"}],"replies":[{"embeddable":true,"href":"https:\/\/www.tolkienestate.com\/es\/wp-json\/wp\/v2\/comments?post=33876"}],"version-history":[{"count":0,"href":"https:\/\/www.tolkienestate.com\/es\/wp-json\/wp\/v2\/pages\/33876\/revisions"}],"up":[{"embeddable":true,"href":"https:\/\/www.tolkienestate.com\/es\/wp-json\/wp\/v2\/pages\/33810"}],"wp:attachment":[{"href":"https:\/\/www.tolkienestate.com\/es\/wp-json\/wp\/v2\/media?parent=33876"}],"curies":[{"name":"wp","href":"https:\/\/api.w.org\/{rel}","templated":true}]}}