{"id":33927,"date":"2020-09-11T15:02:11","date_gmt":"2020-09-11T14:02:11","guid":{"rendered":"http:\/\/jrrtestate.wpengine.com\/escribir\/farmer-giles-of-ham\/"},"modified":"2022-02-23T16:21:45","modified_gmt":"2022-02-23T16:21:45","slug":"egidio-el-granjero-de-ham","status":"publish","type":"page","link":"https:\/\/www.tolkienestate.com\/es\/escribir\/egidio-el-granjero-de-ham\/","title":{"rendered":"Egidio, el Granjero de Ham"},"content":{"rendered":"<p>[et_pb_section fb_built=\u00bb1&#8243; _builder_version=\u00bb4.5.6&#8243; _module_preset=\u00bbdefault\u00bb background_color=\u00bb#2f3534&#8243; custom_margin=\u00bb||||false|false\u00bb custom_padding=\u00bb0px||0px||false|false\u00bb animation_direction=\u00bbtop\u00bb saved_tabs=\u00bball\u00bb global_colors_info=\u00bb{}\u00bb][et_pb_row _builder_version=\u00bb4.5.6&#8243; _module_preset=\u00bbdefault\u00bb custom_padding=\u00bb20px||20px||false|false\u00bb global_colors_info=\u00bb{}\u00bb][et_pb_column type=\u00bb4_4&#8243; _builder_version=\u00bb4.5.6&#8243; _module_preset=\u00bbdefault\u00bb global_colors_info=\u00bb{}\u00bb][et_pb_text module_class=\u00bbyoastBC\u00bb _builder_version=\u00bb4.5.6&#8243; _module_preset=\u00bbdefault\u00bb text_font=\u00bb|||on|||||\u00bb text_text_color=\u00bb#9f8d60&#8243; link_text_color=\u00bb#9f8d60&#8243; text_orientation=\u00bbcenter\u00bb global_colors_info=\u00bb{}\u00bb]<span><span><a href=\"https:\/\/www.tolkienestate.com\/es\/\">Home<\/a><\/span><\/span>[\/et_pb_text][\/et_pb_column][\/et_pb_row][\/et_pb_section][et_pb_section fb_built=\u00bb1&#8243; custom_padding_last_edited=\u00bbon|phone\u00bb _builder_version=\u00bb4.6.1&#8243; _module_preset=\u00bbdefault\u00bb background_color=\u00bb#2f3534&#8243; use_background_color_gradient=\u00bbon\u00bb background_color_gradient_start=\u00bbrgba(0,0,0,0.23)\u00bb background_color_gradient_end=\u00bbrgba(0,0,0,0.23)\u00bb background_color_gradient_overlays_image=\u00bbon\u00bb background_image=\u00bbhttps:\/\/www.tolkienestate.com\/wp-content\/uploads\/2020\/12\/other-works-banner.png\u00bb custom_padding=\u00bb220px||220px||false|false\u00bb custom_padding_tablet=\u00bb\u00bb custom_padding_phone=\u00bb100px||100px||false|false\u00bb locked=\u00bboff\u00bb global_colors_info=\u00bb{}\u00bb][et_pb_row _builder_version=\u00bb4.5.6&#8243; _module_preset=\u00bbdefault\u00bb global_colors_info=\u00bb{}\u00bb][et_pb_column type=\u00bb4_4&#8243; _builder_version=\u00bb4.5.6&#8243; _module_preset=\u00bbdefault\u00bb global_colors_info=\u00bb{}\u00bb][et_pb_text _builder_version=\u00bb4.6.1&#8243; _dynamic_attributes=\u00bbcontent\u00bb _module_preset=\u00bbdefault\u00bb header_text_align=\u00bbcenter\u00bb header_text_color=\u00bb#ffffff\u00bb header_font_size=\u00bb60px\u00bb header_letter_spacing=\u00bb15px\u00bb module_alignment=\u00bbcenter\u00bb header_font_size_tablet=\u00bb40px\u00bb header_font_size_phone=\u00bb\u00bb header_font_size_last_edited=\u00bbon|tablet\u00bb header_letter_spacing_tablet=\u00bb1px\u00bb header_letter_spacing_phone=\u00bb\u00bb header_letter_spacing_last_edited=\u00bbon|tablet\u00bb global_colors_info=\u00bb{}\u00bb]@ET-DC@eyJkeW5hbWljIjp0cnVlLCJjb250ZW50IjoicG9zdF90aXRsZSIsInNldHRpbmdzIjp7ImJlZm9yZSI6IjxoMT4iLCJhZnRlciI6IjwvaDE+In19@[\/et_pb_text][\/et_pb_column][\/et_pb_row][\/et_pb_section][et_pb_section fb_built=\u00bb1&#8243; _builder_version=\u00bb4.5.6&#8243; _module_preset=\u00bbdefault\u00bb background_color=\u00bb#f7f7f1&#8243; global_colors_info=\u00bb{}\u00bb][et_pb_row _builder_version=\u00bb4.5.6&#8243; _module_preset=\u00bbdefault\u00bb global_colors_info=\u00bb{}\u00bb][et_pb_column type=\u00bb4_4&#8243; _builder_version=\u00bb4.5.6&#8243; _module_preset=\u00bbdefault\u00bb global_colors_info=\u00bb{}\u00bb][et_pb_text _builder_version=\u00bb4.5.6&#8243; text_font_size=\u00bb20px\u00bb text_line_height=\u00bb1.6em\u00bb link_text_color=\u00bb#9f8d60&#8243; width=\u00bb66%\u00bb module_alignment=\u00bbcenter\u00bb animation_style=\u00bbfade\u00bb animation_duration=\u00bb1500ms\u00bb locked=\u00bboff\u00bb global_colors_info=\u00bb{}\u00bb]<\/p>\n<p>Aegidii Ahenobarbi Julii Agricole de Hammo<br \/> Domini de Domito, Aule Draconarie Comitis<br \/> Regni Minimi Regis et Basilei<br \/> mira facinora et mirabilis exortus<\/p>\n<p>[\/et_pb_text][\/et_pb_column][\/et_pb_row][\/et_pb_section][et_pb_section fb_built=\u00bb1&#8243; _builder_version=\u00bb4.5.6&#8243; _module_preset=\u00bbdefault\u00bb global_colors_info=\u00bb{}\u00bb][et_pb_row _builder_version=\u00bb4.3.4&#8243; locked=\u00bboff\u00bb global_colors_info=\u00bb{}\u00bb][et_pb_column type=\u00bb4_4&#8243; _builder_version=\u00bb4.3.4&#8243; global_colors_info=\u00bb{}\u00bb][et_pb_text quote_border_weight=\u00bb4px\u00bb quote_border_color=\u00bb#9f8d60&#8243; _builder_version=\u00bb4.6.1&#8243; _module_preset=\u00bbdefault\u00bb text_font_size=\u00bb20px\u00bb text_line_height=\u00bb1.6em\u00bb quote_font=\u00bb||on||||||\u00bb header_font=\u00bb||||||||\u00bb header_text_color=\u00bb#000000&#8243; header_3_font=\u00bbPT Serif|700|||||||\u00bb header_3_text_color=\u00bb#000000&#8243; width=\u00bb66%\u00bb module_alignment=\u00bbcenter\u00bb animation_style=\u00bbfade\u00bb animation_duration=\u00bb1500ms\u00bb global_colors_info=\u00bb{}\u00bb]<\/p>\n<p>Art\u00edculo escrito por Wayne G. Hammond &amp; Cristina Scull, editores de la edici\u00f3n aniversaria publicada en ingl\u00e9s en 1999.<\/p>\n<p>[\/et_pb_text][et_pb_text quote_border_weight=\u00bb4px\u00bb quote_border_color=\u00bb#9f8d60&#8243; _builder_version=\u00bb4.9.4&#8243; text_line_height=\u00bb1.9em\u00bb quote_font=\u00bb||on||||||\u00bb header_font=\u00bb||||||||\u00bb header_text_color=\u00bb#000000&#8243; header_3_font=\u00bbPT Serif|700|||||||\u00bb header_3_text_color=\u00bb#000000&#8243; width=\u00bb66%\u00bb module_alignment=\u00bbcenter\u00bb animation_style=\u00bbfade\u00bb animation_duration=\u00bb1500ms\u00bb global_colors_info=\u00bb{}\u00bb]<\/p>\n<p>La historia de Egidio el granjero del pueblo de Ham, en una Inglaterra lejana, bien podr\u00eda haber sido imaginada inicialmente por Tolkien, para divertir a su familia despu\u00e9s de una comida campestre, mientras se refugiaban bajo un puente durante una tormenta. Al menos, eso es lo que recuerda John, el hijo mayor de Tolkien. Aunque la memoria de John sea fiable, el suceso a\u00fan no se puede fechar con precisi\u00f3n; pero como Egidio, el granjero de Ham se inspira en los paisajes de la regi\u00f3n de Oxford, podemos suponer que Tolkien lo cont\u00f3 por primera vez despu\u00e9s de mudarse con su familia de Leeds, en 1926, para volver a Oxford. Esta fecha es tambi\u00e9n corroborada por las similitudes de estilo que existen entre el primer manuscrito de Egidio, el granjero y Roverandom, escrito probablemente en Navidad de 1927; y las primeras partes de El Hobbit, iniciado hacia 1930.<\/p>\n<h3>Egidio, el granjero de Ham y su evoluci\u00f3n<\/h3>\n<p>La historia del granjero de Ham evolucion\u00f3 durante varias versiones. Cada una cuenta c\u00f3mo Egidio echa a un Gigante fuera de su tierra con un trabuco (una pistola antigua), y c\u00f3mo es aclamado en todas partes por su proeza. En recompensa, el Rey le ofrece una vieja espada, que m\u00e1s tarde resultar\u00e1 ser Caudimordax (o Tajarrabos), un arma m\u00e1gica, famosa por su capacidad para matar dragones. As\u00ed pues, cuando la aldea de Ham se encuentra amenazada por un drag\u00f3n que los caballeros del Rey se resisten a combatir, el pueblo recurre a su h\u00e9roe local. Vestido con una rid\u00edcula armadura artesanal y ayudado por su espada y su yegua gris, Egidio captura al drag\u00f3n y le hace prometer que va a compartir su tesoro con el pueblo. Pero el drag\u00f3n no cumple con su promesa y se escapa hacia las colinas. Egidio se marcha de nuevo a perseguirlo y lo obliga a volver a traer su inmenso tesoro al pueblo. M\u00e1s tarde el drag\u00f3n ayudar\u00e1 a Egidio a desafiar al Rey, el cual quiere quedarse con el tesoro. Al final, Egidio se convierte en el rey del pa\u00eds.<\/p>\n<p><center><img loading=\"lazy\" decoding=\"async\" src=\"https:\/\/www.tolkienestate.com\/wp-content\/uploads\/2021\/04\/Farmer-Giles-cover.jpg\" width=\"254\" height=\"382\" alt=\"\" class=\"wp-image-36008 aligncenter size-full\" srcset=\"https:\/\/jrrtestate.wpenginepowered.com\/wp-content\/uploads\/2021\/04\/Farmer-Giles-cover.jpg 254w, https:\/\/jrrtestate.wpenginepowered.com\/wp-content\/uploads\/2021\/04\/Farmer-Giles-cover-199x300.jpg 199w, https:\/\/jrrtestate.wpenginepowered.com\/wp-content\/uploads\/2021\/04\/Farmer-Giles-cover-80x120.jpg 80w\" sizes=\"(max-width: 254px) 100vw, 254px\" \/><em>Cover design by Pauline Baynes for the first edition published in 1949.<\/em><\/center><\/p>\n<p>Las versiones m\u00e1s tempranas de Egidio, el granjero difieren notablemente de su forma final. En la primera de todas, el relato es narrado por \u00abDaddy\u00bb [Pap\u00e1] y pocos personajes tienen nombre; los acontecimientos se sit\u00faan en un pasado indeterminado (\u00ab\u00c9rase una vez un gigante\u2026\u00bb); el paisaje no coincide con el actual hasta el final de la historia, cuando Egidio toma el apellido de Exterminador de Dragones (Worming en ingl\u00e9s) y Ham es llamado El Palacio del Drag\u00f3n (Worminghall en ingl\u00e9s*), nombre de un pueblo situado a unos cuantos kil\u00f3metros de Oxford. En la segunda versi\u00f3n, el narrador es \u00abel loco de la familia\u00bb y los acontecimientos se sit\u00faan definitivamente en el pasado; se notan tambi\u00e9n algunas otras modificaciones menores. Esta versi\u00f3n, que data probablemente de la primera mitad de los a\u00f1os 30, es mencionada por Tolkien en una carta, fechada en noviembre 1937.<\/p>\n<p>No obstante, en enero 1938, Tolkien modific\u00f3 de manera considerable Egidio, el granjero, alarg\u00e1ndolo casi una mitad m\u00e1s para una lectura p\u00fablica que tendr\u00eda lugar al mes siguiente en la Lovelace Society, un c\u00edrculo de estudiantes lectores de ensayos del Worcester College, en Oxford. Para este p\u00fablico m\u00e1s amplio y acad\u00e9mico, a\u00f1adi\u00f3 muchos nombres propios, chistes y alusiones y desarroll\u00f3 los personajes y el marco de la historia. Ham, situado en el \u00abPeque\u00f1o Reino\u00bb, se convierte en la antesala de Thame, un pueblo (real) al este de Oxford; y Worminghall en el nombre de una casa construida por los hombres que ayudaron a Egidio a volver a traer al drag\u00f3n, ahora llamado Cris\u00f3filax (del griego \u00abguardi\u00e1n del oro\u00bb) en Ham. Entre las inteligentes bromas agregadas al relato, hay una referencia evidente a los redactores del famoso Oxford English Dictionary, los \u00abCuatros Sabios Cl\u00e9rigos de Oxenford\u00bb, y or\u00edgenes ficticios para los top\u00f3nimos locales.<\/p>\n<p><em>* Pronunciado wunnle. Worm es un antiguo t\u00e9rmino ingl\u00e9s que significa drag\u00f3n<\/em><\/p>\n<h3>Historia de la publicaci\u00f3n<\/h3>\n<p>Por aquel entonces, Tolkien hab\u00eda empezado a trabajar en una continuaci\u00f3n de la historia que hab\u00eda escrito para sus hijos, El Hobbit; y sus editores, Georges Allen &amp; Unwin, ansiaban verla terminada para las Navidades de 1938. Pero la nueva obra, El Se\u00f1or de los Anillos, progresaba lentamente, y no podr\u00e1 ser acabada a tiempo. Tolkien propuso, como alternativa, Egidio, el granjero de Ham. Ya lo hab\u00eda sugerido a finales de 1936, pero el texto parec\u00eda demasiado corto para constituir un libro por s\u00ed mismo. M\u00e1s adelante, en 1938, Tolkien lo mand\u00f3 mecanografiar y lo envi\u00f3 de nuevo a Allen &amp; Unwin. Esta vez, les advirti\u00f3 de que, comparado con la versi\u00f3n anterior, hab\u00eda logrado un tono m\u00e1s \u00abadulto\u00bb, y que no hab\u00eda escrito otras historias sobre el Peque\u00f1o Reino para acompa\u00f1arlo. Egidio, el granjero le gust\u00f3 mucho al responsable de la editorial, sin embargo, le preocupaba el hecho de que el texto no se ubicara en una categor\u00eda bien definida. No estaba claramente destinado ni a ni\u00f1os ni a adultos; lo que podr\u00eda, en consecuencia, complicar su comercializaci\u00f3n.<\/p>\n<p><center><img loading=\"lazy\" decoding=\"async\" src=\"https:\/\/www.tolkienestate.com\/wp-content\/uploads\/2021\/04\/Farmer-Giles-2-tone-cropped.jpg\" width=\"1063\" height=\"1583\" alt=\"\" class=\"wp-image-36014 aligncenter size-full\" srcset=\"https:\/\/jrrtestate.wpenginepowered.com\/wp-content\/uploads\/2021\/04\/Farmer-Giles-2-tone-cropped.jpg 1063w, https:\/\/jrrtestate.wpenginepowered.com\/wp-content\/uploads\/2021\/04\/Farmer-Giles-2-tone-cropped-201x300.jpg 201w, https:\/\/jrrtestate.wpenginepowered.com\/wp-content\/uploads\/2021\/04\/Farmer-Giles-2-tone-cropped-688x1024.jpg 688w, https:\/\/jrrtestate.wpenginepowered.com\/wp-content\/uploads\/2021\/04\/Farmer-Giles-2-tone-cropped-768x1144.jpg 768w, https:\/\/jrrtestate.wpenginepowered.com\/wp-content\/uploads\/2021\/04\/Farmer-Giles-2-tone-cropped-1031x1536.jpg 1031w, https:\/\/jrrtestate.wpenginepowered.com\/wp-content\/uploads\/2021\/04\/Farmer-Giles-2-tone-cropped-81x120.jpg 81w, https:\/\/jrrtestate.wpenginepowered.com\/wp-content\/uploads\/2021\/04\/Farmer-Giles-2-tone-cropped-980x1459.jpg 980w, https:\/\/jrrtestate.wpenginepowered.com\/wp-content\/uploads\/2021\/04\/Farmer-Giles-2-tone-cropped-480x715.jpg 480w\" sizes=\"(max-width: 1063px) 100vw, 1063px\" \/><em>\u2018Without warning or formality he swooped out to give battle. Down he came upon them with a rush and a roar.\u2019 Illustration by Pauline Baynes.<\/em><\/center><\/p>\n<p>Allen &amp; Unwin estaban dispuestos a publicar Egidio, el granjero, pero antes quer\u00edan que Tolkien terminase El Se\u00f1or de los Anillos. Como la secuela del El Hobbit, segu\u00eda teniendo retraso, Tolkien anim\u00f3 de nuevo a sus editores a aceptar Egidio, el granjero, a pesar de que a principios de 1945 s\u00f3lo hab\u00eda esbozado una breve continuaci\u00f3n del relato: la historia del hijo de Egidio, Jorge Destructor de Dragones. Por otro lado, los campos que rodeaban Oxford, a los que llamaba \u00abel coraz\u00f3n del Peque\u00f1o Reino\u00bb y que tanto le inspiraron, nunca volver\u00e1n a hacerlo, porque fueron transformados durante la Segunda Guerra Mundial para la construcci\u00f3n de aer\u00f3dromos y otras instalaciones militares.<\/p>\n<p>Finalmente Allen &amp; Unwin decidi\u00f3 publicar el relato de Egidio, el granjero, enriquecido con ilustraciones. Tolkien volvi\u00f3 a revisar el texto, y le a\u00f1adi\u00f3 un pr\u00f3logo ficticio, en el cual fingi\u00f3 ser el editor y traductor de una antigua leyenda del Peque\u00f1o Reino. Tras haber rechazado muestras de ilustraciones de otro artista, Tolkien dio su aprobaci\u00f3n a una serie de ilustraciones humor\u00edsticas, falsamente medievales, realizadas para la historia por Pauline Diana Baynes. Consider\u00f3 que reflejaban bien el esp\u00edritu del libro y que constitu\u00edan un perfecto contrapunto para su texto. Desde la publicaci\u00f3n de Egidio, el granjero de Ham en 1949, Pauline Baynes se convirti\u00f3 en la ilustradora preferida de Tolkien.<\/p>\n<h3>Un libro para todos<\/h3>\n<p>A pesar de las advertencias de Tolkien, Allen &amp; Unwin promocionaron Egidio, el granjero de Ham como un libro para ni\u00f1os. Sin embargo, sus primeros cr\u00edticos, as\u00ed como los lectores de hoy, no tardaron en ver que lo pod\u00edan disfrutar tanto los ni\u00f1os como los adultos. Por un lado, se vincula con la categor\u00eda de cuentos infantiles que incluyen El Drag\u00f3n perezoso de Kenneth Grahame o las historias de dragones de E.Nesbit; pero tambi\u00e9n est\u00e1 lleno de un humor sofisticado y de un ingenio sat\u00edrico.<br \/>[Para descubrir estos y otros textos, visiten nuestra secci\u00f3n Enlaces&#8230;]<\/p>\n<p>Muchos de estos temas se desarrollan en las notas de la edici\u00f3n brit\u00e1nica publicada en 1999 para celebrar el cincuentenario de la primera publicaci\u00f3n de Egidio, el granjero de Ham, por Christina Scull y Wayne G. Hammond, que incluye tambi\u00e9n transcripciones del primer manuscrito de la historia y las notas que escribi\u00f3 Tolkien para una secuela.<\/p>\n<p>~<\/p>\n<p><em>En espa\u00f1ol, Egidio, el granjero de Ham, fue publicado junto con Hoja de Niggle y El herrero de Wooton Mayor, en 1981 y como obra independiente en 1984 por Ediciones Minotauro.<\/em><\/p>\n<p>[\/et_pb_text][\/et_pb_column][\/et_pb_row][\/et_pb_section]<\/p>\n","protected":false},"excerpt":{"rendered":"<p><span><span><a href=\"https:\/\/www.tolkienestate.com\/es\/\">Home<\/a><\/span><\/span>Aegidii Ahenobarbi Julii Agricole de Hammo Domini de Domito, Aule Draconarie Comitis Regni Minimi Regis et Basilei mira facinora et mirabilis exortusArt\u00edculo escrito por Wayne G. Hammond &amp; Cristina Scull, editores de la edici\u00f3n aniversaria publicada en ingl\u00e9s en 1999.La historia de Egidio el granjero del pueblo de Ham, en una Inglaterra lejana, bien podr\u00eda [&hellip;]<\/p>\n","protected":false},"author":1,"featured_media":0,"parent":33810,"menu_order":0,"comment_status":"closed","ping_status":"closed","template":"","meta":{"_et_pb_use_builder":"on","_et_pb_old_content":"","_et_gb_content_width":"","footnotes":""},"class_list":["post-33927","page","type-page","status-publish","hentry"],"yoast_head":"<!-- This site is optimized with the Yoast SEO plugin v27.3 - https:\/\/yoast.com\/product\/yoast-seo-wordpress\/ -->\n<title>Egidio, el Granjero de Ham - The Tolkien Estate<\/title>\n<meta name=\"robots\" content=\"index, follow, max-snippet:-1, max-image-preview:large, max-video-preview:-1\" \/>\n<link rel=\"canonical\" href=\"https:\/\/www.tolkienestate.com\/es\/escribir\/egidio-el-granjero-de-ham\/\" \/>\n<meta property=\"og:locale\" content=\"es_ES\" \/>\n<meta property=\"og:type\" content=\"article\" \/>\n<meta property=\"og:title\" content=\"Egidio, el Granjero de Ham - The Tolkien Estate\" \/>\n<meta property=\"og:description\" content=\"Aegidii Ahenobarbi Julii Agricole de Hammo Domini de Domito, Aule Draconarie Comitis Regni Minimi Regis et Basilei mira facinora et mirabilis exortusArt\u00edculo escrito por Wayne G. Hammond &amp; Cristina Scull, editores de la edici\u00f3n aniversaria publicada en ingl\u00e9s en 1999.La historia de Egidio el granjero del pueblo de Ham, en una Inglaterra lejana, bien podr\u00eda [&hellip;]\" \/>\n<meta property=\"og:url\" content=\"https:\/\/www.tolkienestate.com\/es\/escribir\/egidio-el-granjero-de-ham\/\" \/>\n<meta property=\"og:site_name\" content=\"The Tolkien Estate\" \/>\n<meta property=\"article:modified_time\" content=\"2022-02-23T16:21:45+00:00\" \/>\n<meta property=\"og:image\" content=\"https:\/\/www.tolkienestate.com\/wp-content\/uploads\/2021\/04\/Farmer-Giles-cover.jpg\" \/>\n<meta name=\"twitter:card\" content=\"summary_large_image\" \/>\n<meta name=\"twitter:label1\" content=\"Tiempo de lectura\" \/>\n\t<meta name=\"twitter:data1\" content=\"10 minutos\" \/>\n<script type=\"application\/ld+json\" class=\"yoast-schema-graph\">{\"@context\":\"https:\\\/\\\/schema.org\",\"@graph\":[{\"@type\":\"WebPage\",\"@id\":\"https:\\\/\\\/www.tolkienestate.com\\\/es\\\/escribir\\\/egidio-el-granjero-de-ham\\\/\",\"url\":\"https:\\\/\\\/www.tolkienestate.com\\\/es\\\/escribir\\\/egidio-el-granjero-de-ham\\\/\",\"name\":\"Egidio, el Granjero de Ham - The Tolkien Estate\",\"isPartOf\":{\"@id\":\"https:\\\/\\\/www.tolkienestate.com\\\/#website\"},\"primaryImageOfPage\":{\"@id\":\"https:\\\/\\\/www.tolkienestate.com\\\/es\\\/escribir\\\/egidio-el-granjero-de-ham\\\/#primaryimage\"},\"image\":{\"@id\":\"https:\\\/\\\/www.tolkienestate.com\\\/es\\\/escribir\\\/egidio-el-granjero-de-ham\\\/#primaryimage\"},\"thumbnailUrl\":\"https:\\\/\\\/www.tolkienestate.com\\\/wp-content\\\/uploads\\\/2021\\\/04\\\/Farmer-Giles-cover.jpg\",\"datePublished\":\"2020-09-11T14:02:11+00:00\",\"dateModified\":\"2022-02-23T16:21:45+00:00\",\"breadcrumb\":{\"@id\":\"https:\\\/\\\/www.tolkienestate.com\\\/es\\\/escribir\\\/egidio-el-granjero-de-ham\\\/#breadcrumb\"},\"inLanguage\":\"es\",\"potentialAction\":[{\"@type\":\"ReadAction\",\"target\":[\"https:\\\/\\\/www.tolkienestate.com\\\/es\\\/escribir\\\/egidio-el-granjero-de-ham\\\/\"]}]},{\"@type\":\"ImageObject\",\"inLanguage\":\"es\",\"@id\":\"https:\\\/\\\/www.tolkienestate.com\\\/es\\\/escribir\\\/egidio-el-granjero-de-ham\\\/#primaryimage\",\"url\":\"https:\\\/\\\/www.tolkienestate.com\\\/wp-content\\\/uploads\\\/2021\\\/04\\\/Farmer-Giles-cover.jpg\",\"contentUrl\":\"https:\\\/\\\/www.tolkienestate.com\\\/wp-content\\\/uploads\\\/2021\\\/04\\\/Farmer-Giles-cover.jpg\"},{\"@type\":\"BreadcrumbList\",\"@id\":\"https:\\\/\\\/www.tolkienestate.com\\\/es\\\/escribir\\\/egidio-el-granjero-de-ham\\\/#breadcrumb\",\"itemListElement\":[{\"@type\":\"ListItem\",\"position\":1,\"name\":\"Home\",\"item\":\"https:\\\/\\\/www.tolkienestate.com\\\/es\\\/\"},{\"@type\":\"ListItem\",\"position\":2,\"name\":\"Escribir\",\"item\":\"https:\\\/\\\/www.tolkienestate.com\\\/es\\\/escribir\\\/\"},{\"@type\":\"ListItem\",\"position\":3,\"name\":\"Egidio, el Granjero de Ham\"}]},{\"@type\":\"WebSite\",\"@id\":\"https:\\\/\\\/www.tolkienestate.com\\\/#website\",\"url\":\"https:\\\/\\\/www.tolkienestate.com\\\/\",\"name\":\"The Tolkien Estate\",\"description\":\"\",\"potentialAction\":[{\"@type\":\"SearchAction\",\"target\":{\"@type\":\"EntryPoint\",\"urlTemplate\":\"https:\\\/\\\/www.tolkienestate.com\\\/?s={search_term_string}\"},\"query-input\":{\"@type\":\"PropertyValueSpecification\",\"valueRequired\":true,\"valueName\":\"search_term_string\"}}],\"inLanguage\":\"es\"}]}<\/script>\n<!-- \/ Yoast SEO plugin. -->","yoast_head_json":{"title":"Egidio, el Granjero de Ham - The Tolkien Estate","robots":{"index":"index","follow":"follow","max-snippet":"max-snippet:-1","max-image-preview":"max-image-preview:large","max-video-preview":"max-video-preview:-1"},"canonical":"https:\/\/www.tolkienestate.com\/es\/escribir\/egidio-el-granjero-de-ham\/","og_locale":"es_ES","og_type":"article","og_title":"Egidio, el Granjero de Ham - The Tolkien Estate","og_description":"Aegidii Ahenobarbi Julii Agricole de Hammo Domini de Domito, Aule Draconarie Comitis Regni Minimi Regis et Basilei mira facinora et mirabilis exortusArt\u00edculo escrito por Wayne G. Hammond &amp; Cristina Scull, editores de la edici\u00f3n aniversaria publicada en ingl\u00e9s en 1999.La historia de Egidio el granjero del pueblo de Ham, en una Inglaterra lejana, bien podr\u00eda [&hellip;]","og_url":"https:\/\/www.tolkienestate.com\/es\/escribir\/egidio-el-granjero-de-ham\/","og_site_name":"The Tolkien Estate","article_modified_time":"2022-02-23T16:21:45+00:00","og_image":[{"url":"https:\/\/www.tolkienestate.com\/wp-content\/uploads\/2021\/04\/Farmer-Giles-cover.jpg","type":"","width":"","height":""}],"twitter_card":"summary_large_image","twitter_misc":{"Tiempo de lectura":"10 minutos"},"schema":{"@context":"https:\/\/schema.org","@graph":[{"@type":"WebPage","@id":"https:\/\/www.tolkienestate.com\/es\/escribir\/egidio-el-granjero-de-ham\/","url":"https:\/\/www.tolkienestate.com\/es\/escribir\/egidio-el-granjero-de-ham\/","name":"Egidio, el Granjero de Ham - The Tolkien Estate","isPartOf":{"@id":"https:\/\/www.tolkienestate.com\/#website"},"primaryImageOfPage":{"@id":"https:\/\/www.tolkienestate.com\/es\/escribir\/egidio-el-granjero-de-ham\/#primaryimage"},"image":{"@id":"https:\/\/www.tolkienestate.com\/es\/escribir\/egidio-el-granjero-de-ham\/#primaryimage"},"thumbnailUrl":"https:\/\/www.tolkienestate.com\/wp-content\/uploads\/2021\/04\/Farmer-Giles-cover.jpg","datePublished":"2020-09-11T14:02:11+00:00","dateModified":"2022-02-23T16:21:45+00:00","breadcrumb":{"@id":"https:\/\/www.tolkienestate.com\/es\/escribir\/egidio-el-granjero-de-ham\/#breadcrumb"},"inLanguage":"es","potentialAction":[{"@type":"ReadAction","target":["https:\/\/www.tolkienestate.com\/es\/escribir\/egidio-el-granjero-de-ham\/"]}]},{"@type":"ImageObject","inLanguage":"es","@id":"https:\/\/www.tolkienestate.com\/es\/escribir\/egidio-el-granjero-de-ham\/#primaryimage","url":"https:\/\/www.tolkienestate.com\/wp-content\/uploads\/2021\/04\/Farmer-Giles-cover.jpg","contentUrl":"https:\/\/www.tolkienestate.com\/wp-content\/uploads\/2021\/04\/Farmer-Giles-cover.jpg"},{"@type":"BreadcrumbList","@id":"https:\/\/www.tolkienestate.com\/es\/escribir\/egidio-el-granjero-de-ham\/#breadcrumb","itemListElement":[{"@type":"ListItem","position":1,"name":"Home","item":"https:\/\/www.tolkienestate.com\/es\/"},{"@type":"ListItem","position":2,"name":"Escribir","item":"https:\/\/www.tolkienestate.com\/es\/escribir\/"},{"@type":"ListItem","position":3,"name":"Egidio, el Granjero de Ham"}]},{"@type":"WebSite","@id":"https:\/\/www.tolkienestate.com\/#website","url":"https:\/\/www.tolkienestate.com\/","name":"The Tolkien Estate","description":"","potentialAction":[{"@type":"SearchAction","target":{"@type":"EntryPoint","urlTemplate":"https:\/\/www.tolkienestate.com\/?s={search_term_string}"},"query-input":{"@type":"PropertyValueSpecification","valueRequired":true,"valueName":"search_term_string"}}],"inLanguage":"es"}]}},"_links":{"self":[{"href":"https:\/\/www.tolkienestate.com\/es\/wp-json\/wp\/v2\/pages\/33927","targetHints":{"allow":["GET"]}}],"collection":[{"href":"https:\/\/www.tolkienestate.com\/es\/wp-json\/wp\/v2\/pages"}],"about":[{"href":"https:\/\/www.tolkienestate.com\/es\/wp-json\/wp\/v2\/types\/page"}],"author":[{"embeddable":true,"href":"https:\/\/www.tolkienestate.com\/es\/wp-json\/wp\/v2\/users\/1"}],"replies":[{"embeddable":true,"href":"https:\/\/www.tolkienestate.com\/es\/wp-json\/wp\/v2\/comments?post=33927"}],"version-history":[{"count":0,"href":"https:\/\/www.tolkienestate.com\/es\/wp-json\/wp\/v2\/pages\/33927\/revisions"}],"up":[{"embeddable":true,"href":"https:\/\/www.tolkienestate.com\/es\/wp-json\/wp\/v2\/pages\/33810"}],"wp:attachment":[{"href":"https:\/\/www.tolkienestate.com\/es\/wp-json\/wp\/v2\/media?parent=33927"}],"curies":[{"name":"wp","href":"https:\/\/api.w.org\/{rel}","templated":true}]}}