{"id":35236,"date":"2021-04-14T09:13:24","date_gmt":"2021-04-14T08:13:24","guid":{"rendered":"https:\/\/jrrtestate.wpengine.com\/escribir\/maxime-hortense-pascal-reading-j-r-r-tolkien\/"},"modified":"2021-04-14T10:30:02","modified_gmt":"2021-04-14T09:30:02","slug":"leer-a-j-r-r-tolkien","status":"publish","type":"page","link":"https:\/\/www.tolkienestate.com\/es\/escribir\/leer-a-j-r-r-tolkien\/","title":{"rendered":"Leer a J.R.R. Tolkien"},"content":{"rendered":"<p>[et_pb_section fb_built=\u00bb1&#8243; _builder_version=\u00bb4.6.1&#8243; _module_preset=\u00bbdefault\u00bb background_color=\u00bb#2f3534&#8243; custom_margin=\u00bb||||false|false\u00bb custom_padding=\u00bb0px||0px||false|false\u00bb animation_direction=\u00bbtop\u00bb border_width_bottom=\u00bb1px\u00bb border_color_bottom=\u00bb#4e5956&#8243; saved_tabs=\u00bball\u00bb][et_pb_row _builder_version=\u00bb4.5.6&#8243; _module_preset=\u00bbdefault\u00bb custom_padding=\u00bb20px||20px||false|false\u00bb][et_pb_column type=\u00bb4_4&#8243; _builder_version=\u00bb4.5.6&#8243; _module_preset=\u00bbdefault\u00bb][et_pb_text module_class=\u00bbyoastBC\u00bb _builder_version=\u00bb4.5.6&#8243; _module_preset=\u00bbdefault\u00bb text_font=\u00bb|||on|||||\u00bb text_text_color=\u00bb#9f8d60&#8243; link_text_color=\u00bb#9f8d60&#8243; text_orientation=\u00bbcenter\u00bb]<span><span><a href=\"https:\/\/www.tolkienestate.com\/es\/\">Home<\/a><\/span><\/span>[\/et_pb_text][\/et_pb_column][\/et_pb_row][\/et_pb_section][et_pb_section fb_built=\u00bb1&#8243; custom_padding_last_edited=\u00bbon|phone\u00bb _builder_version=\u00bb4.6.1&#8243; _module_preset=\u00bbdefault\u00bb background_color=\u00bb#2f3534&#8243; background_enable_image=\u00bboff\u00bb custom_padding=\u00bb100px||100px||false|false\u00bb custom_padding_tablet=\u00bb\u00bb custom_padding_phone=\u00bb100px||100px||false|false\u00bb locked=\u00bboff\u00bb][et_pb_row _builder_version=\u00bb4.5.6&#8243; _module_preset=\u00bbdefault\u00bb][et_pb_column type=\u00bb4_4&#8243; _builder_version=\u00bb4.5.6&#8243; _module_preset=\u00bbdefault\u00bb][et_pb_text _builder_version=\u00bb4.6.1&#8243; _dynamic_attributes=\u00bbcontent\u00bb _module_preset=\u00bbdefault\u00bb header_text_align=\u00bbcenter\u00bb header_text_color=\u00bb#ffffff\u00bb header_font_size=\u00bb60px\u00bb header_letter_spacing=\u00bb15px\u00bb module_alignment=\u00bbcenter\u00bb header_font_size_tablet=\u00bb40px\u00bb header_font_size_phone=\u00bb\u00bb header_font_size_last_edited=\u00bbon|tablet\u00bb header_letter_spacing_tablet=\u00bb1px\u00bb header_letter_spacing_phone=\u00bb\u00bb header_letter_spacing_last_edited=\u00bbon|tablet\u00bb]@ET-DC@eyJkeW5hbWljIjp0cnVlLCJjb250ZW50IjoicG9zdF90aXRsZSIsInNldHRpbmdzIjp7ImJlZm9yZSI6IjxoMT4iLCJhZnRlciI6IjwvaDE+In19@[\/et_pb_text][\/et_pb_column][\/et_pb_row][\/et_pb_section][et_pb_section fb_built=\u00bb1&#8243; _builder_version=\u00bb4.5.6&#8243; _module_preset=\u00bbdefault\u00bb background_color=\u00bb#f7f7f1&#8243;][et_pb_row _builder_version=\u00bb4.5.6&#8243; _module_preset=\u00bbdefault\u00bb][et_pb_column type=\u00bb4_4&#8243; _builder_version=\u00bb4.5.6&#8243; _module_preset=\u00bbdefault\u00bb][et_pb_text _builder_version=\u00bb4.6.1&#8243; text_font_size=\u00bb20px\u00bb text_line_height=\u00bb1.6em\u00bb link_text_color=\u00bb#9f8d60&#8243; width=\u00bb66%\u00bb width_tablet=\u00bb100%\u00bb width_phone=\u00bb\u00bb width_last_edited=\u00bbon|tablet\u00bb module_alignment=\u00bbcenter\u00bb animation_style=\u00bbfade\u00bb animation_duration=\u00bb1500ms\u00bb locked=\u00bboff\u00bb]<\/p>\n<p><span style=\"font-weight: 400;\">Maxime Hortense Pascal, novelist and poet, presents a personal and poetic interpretation of the profound effect of J.R.R. Tolkien\u2019s work on the reader; shining an oblique light on the relation between readers and the act of reading, writers and the act of writing.<\/span><\/p>\n<p>[\/et_pb_text][\/et_pb_column][\/et_pb_row][\/et_pb_section][et_pb_section fb_built=\u00bb1&#8243; _builder_version=\u00bb4.5.6&#8243; _module_preset=\u00bbdefault\u00bb][et_pb_row _builder_version=\u00bb4.3.4&#8243; locked=\u00bboff\u00bb][et_pb_column type=\u00bb4_4&#8243; _builder_version=\u00bb4.3.4&#8243;][et_pb_text quote_border_weight=\u00bb4px\u00bb quote_border_color=\u00bb#9f8d60&#8243; _builder_version=\u00bb4.6.1&#8243; text_line_height=\u00bb1.9em\u00bb link_text_color=\u00bb#9f8d60&#8243; quote_font=\u00bb||on||||||\u00bb header_font=\u00bb||||||||\u00bb header_text_color=\u00bb#000000&#8243; header_3_font=\u00bbPT Serif|700|||||||\u00bb header_3_text_color=\u00bb#000000&#8243; width=\u00bb66%\u00bb width_tablet=\u00bb100%\u00bb width_phone=\u00bb\u00bb width_last_edited=\u00bbon|tablet\u00bb module_alignment=\u00bbcenter\u00bb animation_style=\u00bbfade\u00bb animation_duration=\u00bb1500ms\u00bb]<\/p>\n<p>Leer a Tolkien, es ponerse en movimiento.<br \/>Es vivir la sorprendente experiencia de aventurarse por intrincados senderos casi sin saberlo,<br \/>desconociendo que es una ruta que lleva a lo lejos o a lo hondo. Y tal vez a ambos.<br \/>Los libros se abren lentamente.<br \/>Toman su tiempo para surcar los inicios.<br \/>\u00bfComo comenz\u00f3 esto?<br \/>Hubo un Primero.<br \/>Entreg\u00f3 la m\u00fasica,<br \/>la luz en las joyas,<br \/>en los ojos de los Primeros-Nacidos.<br \/>Un hobbit fuma una pipa en su agujero,<br \/>Las fiestas de cumplea\u00f1os despliegan travesuras y artima\u00f1as\u2026<\/p>\n<p>Creemos leer, creemos poder acomodarnos, mientras las ra\u00edces ya van creciendo, alz\u00e1ndose y movi\u00e9ndose por todas partes. El viento del interior de la lengua las anima, nos agarra, nos lleva.<br \/>Al inicio de la ruta, la primera colisi\u00f3n es la del lenguaje. Es la primera materia, el encuentro inmediato, el enigma que precede a todos los dem\u00e1s.<br \/>En la literatura de J.R.R.Tolkien, no le\u00ed historias sembradas de h\u00e9roes.<br \/>O\u00ed nombres sonar.<br \/>Estos nombres llaman a la existencia a protagonistas que erigen una cosmogon\u00eda en la que se despliega el desarrollo de sus haza\u00f1as, sus tormentos, sus relatos.<\/p>\n<p>La escritura est\u00e1 asentada en su eje creador esencial: nombra, para luego revelar.<\/p>\n<p>Entonces, los nombres. Segundo enigma.<br \/>Antes del personaje, su presencia sonora.<br \/>Antes del Portador del Anillo, cada uno es portador de su nombre, dotado del ritmo y del poder de desplegar su propia coherencia, de la cual las incidencias contenidas influir\u00e1n en el rumbo de su destino y del mundo. Que suceda una alteraci\u00f3n, le alcance la sombra o lo ilumine un fulgor, el nombre caer\u00e1, desvanecido, para ser levantado diferente, cada vez m\u00e1s preciso.<\/p>\n<p>En esta obra, los nombres tambi\u00e9n est\u00e1n en camino.<br \/>Que hayan irrumpido en una hoja de papel, que hayan sido largamente madurados en el mantillo del alma o trabajados en la fragua de los lenguajes, los nombres manifiestan la verticalidad de lo real. Su exactitud fulmina de evidencia la escritura de Tolkien. De cada uno, emana una armon\u00eda ling\u00fc\u00edstica desprovista de equ\u00edvoco.<br \/>No de evocaci\u00f3n.<br \/>Sus sonoridades pueden ser tejidas de benevolencia, de majestad, de ambig\u00fcedades, de terror.<br \/>Despiertan una lectura sensorial.<br \/>Leer a J.R.R Tokien, es detenerse en el aprendizaje de escuchar y de ver de forma diferente.<br \/>Una nota para el coraz\u00f3n, una para el impulso de aventura, una para el misterio, otra para las entra\u00f1as, el miedo, la ira, algunas m\u00e1s para las l\u00e1grimas, otras para los pies que se van a caminar.<\/p>\n<p>Armoniosa o quebrada, la m\u00fasica, subterr\u00e1nea en la lengua, perdura. Sus suspiros, sus acordes, sus disonancias evocan im\u00e1genes inhabituales y, sin embargo, conocidas. El mundo comienza, la Cat\u00e1strofe se estremece, ida y vuelta. La Cat\u00e1strofe es perpendicular al mundo. En su punto de impacto, escribi\u00f3 Tolkien.<br \/>Folios tras folios, ramizas tras ramas, piedras tras pe\u00f1ones, la memoria po\u00e9tica de J.R.R Tolkien se acord\u00f3 del mito, de cantos arcaicos y lo renov\u00f3 a trav\u00e9s de su escritura de manantial.<br \/>La belleza de las Cosas Sencillas, no puede poseerla s\u00f3lo uno.<\/p>\n<p>Esta m\u00fasica esparcida en los lenguajes amplifica sus matices. Disemina sus ecos en la secreta intimidad de cada uno de ellos. Rocalloso para los Enanos, tenues para los Sucesores, desmenuzados bajo la sombra del Mordor, en modo mayor para los Elfos. Todas las variaciones est\u00e1n sostenidas por el bajo continuo del sentimiento de nostalgia.<\/p>\n<p>Las lenguas \u00e9lficas se acuerdan de una Edad de alianza entre el mundo y los seres del mundo.<br \/>Vibran y baten soplos circulando entre los follajes, corren por las praderas, las voces de los r\u00edos, el aliento de las riberas, la apnea de los crep\u00fasculos y de los silencios desplegados en las inalterables luces de las estrellas.<br \/>No pueden olvidarse las canciones de las cosas antes de sus ca\u00eddas.<br \/>Las lenguas creadas por J.R.R. Tolkien son las met\u00e1foras espirituales de la p\u00e9rdida y de la ausencia.<\/p>\n<p>Entonces, ponerse en ruta, a una hora ordinaria de un d\u00eda sin importancia.<br \/>El horizonte est\u00e1 delante, es una certidumbre.<br \/>Alcanzarlo es incuestionable,<br \/>cuando conocemos el punto de partida.<br \/>Lo conocen. Todos.<br \/>Los que fueron llamados y que van a labrar la traves\u00eda de los libros.<br \/>Los lenguajes son sus fundamentos.<br \/>Los paisajes dibujan sus cobijos, sus recursos.<br \/>Los linajes geneal\u00f3gicos forman sus primeros \u00e1rboles.<br \/>La Tierra est\u00e1 en el Medio.<br \/>Valinor est\u00e1 al Oeste.<br \/>El Norte fue para Morgoth, despu\u00e9s<br \/>El Este se desliz\u00f3 bajo las Tinieblas<br \/>El Sur queda incierto.<br \/>Geograf\u00eda m\u00f3vil por donde se desplazan los Elfos, construyen sus cobijos, refluyen y se repliegan.<br \/>Su fluidez est\u00e1 en el coraz\u00f3n de la sutil materia de los textos. As\u00ed es como respiran.<br \/>Todos los Orientes est\u00e1n inscritos, la marcha puede comenzar.<br \/>Un paso en el suelo, un paso hacia la interioridad. Los senderos escondidos s\u00f3lo esperan ser recorridos.<br \/>No hay otra B\u00fasqueda que la de uno mismo.<\/p>\n<p>El mundo ha sido encorvado.<br \/>Su transversalidad permaneci\u00f3<br \/>Intacta.<br \/>Por la gracia de una escritura puesta bajo la apariencia banal de la realidad.<br \/>Entre las l\u00edneas, entre las palabras, entre sombras y luces, en la verticalidad de una nube, bajo el centello de una estrella, entre hojas de papel y hojas ca\u00eddas del Bosque Viejo, la Ruta, que fue perdida, subsiste.<br \/>Meridiano secreto,<br \/>Irrigando los pasos de los caminantes.<br \/>Todos los que buscan, que vagan sin rumbo sin volver a perderse.<\/p>\n<p>\u00c9rase un ni\u00f1o.<br \/>Se preguntaba lo que viv\u00eda dentro de los nombres ga\u00e9licos escritos en los vagones, que silbaban la voz* de los ferrocarriles.<br \/>\u00c9rase un joven.<br \/>Cuestionaba las palabras procedentes de las p\u00e1ginas de un volumen, recitando una sabidur\u00eda del norte.<br \/>Y despu\u00e9s escuchaba todo lo imperceptible, las palabras que llegaban hasta \u00e9l llenas de los sonidos llanos de la bruma, y las otras, impregnadas por el h\u00e1lito de \u00e1rboles muy antiguos, en los cuales se susurran los murmullos fragmentados de reinos perdidos, el quejido de las cosas desconsoladas, la quiebra de las huellas interrumpidas, pedazos casi inaudibles para cualquier otro excepto Tolkien, quien se manten\u00eda como un velador, atento a recogerlos todos, con sus cortejos de historias y de cantos, avanzando en sus entornos.<\/p>\n<p>\u00c9rase un hombre.<br \/>O\u00eda el ruido de la ausencia.<br \/>No lo llenaba.<br \/>Lo escuchaba.<br \/>Lo que no se hab\u00eda dicho.<br \/>Y quedar\u00eda inacabado.<\/p>\n<p>~<\/p>\n<p>* N de la T : Aqu\u00ed la autora hace un juego con dos palabras hom\u00f3fonas en franc\u00e9s, prefiriendo usar \u201cla voix\u201d (la voz) en lugar de \u201cla voie\u201d (la v\u00eda).<\/p>\n<p>[\/et_pb_text][\/et_pb_column][\/et_pb_row][\/et_pb_section]<\/p>\n","protected":false},"excerpt":{"rendered":"<p><span><span><a href=\"https:\/\/www.tolkienestate.com\/es\/\">Home<\/a><\/span><\/span>Maxime Hortense Pascal, novelist and poet, presents a personal and poetic interpretation of the profound effect of J.R.R. Tolkien\u2019s work on the reader; shining an oblique light on the relation between readers and the act of reading, writers and the act of writing.Leer a Tolkien, es ponerse en movimiento.Es vivir la sorprendente experiencia de aventurarse [&hellip;]<\/p>\n","protected":false},"author":1,"featured_media":0,"parent":33810,"menu_order":0,"comment_status":"closed","ping_status":"closed","template":"","meta":{"_et_pb_use_builder":"on","_et_pb_old_content":"","_et_gb_content_width":"","footnotes":""},"class_list":["post-35236","page","type-page","status-publish","hentry"],"yoast_head":"<!-- This site is optimized with the Yoast SEO plugin v27.6 - https:\/\/yoast.com\/product\/yoast-seo-wordpress\/ -->\n<title>Leer a J.R.R. Tolkien - The Tolkien Estate<\/title>\n<meta name=\"robots\" content=\"index, follow, max-snippet:-1, max-image-preview:large, max-video-preview:-1\" \/>\n<link rel=\"canonical\" href=\"https:\/\/www.tolkienestate.com\/es\/escribir\/leer-a-j-r-r-tolkien\/\" \/>\n<meta property=\"og:locale\" content=\"es_ES\" \/>\n<meta property=\"og:type\" content=\"article\" \/>\n<meta property=\"og:title\" content=\"Leer a J.R.R. Tolkien - The Tolkien Estate\" \/>\n<meta property=\"og:description\" content=\"Maxime Hortense Pascal, novelist and poet, presents a personal and poetic interpretation of the profound effect of J.R.R. Tolkien\u2019s work on the reader; shining an oblique light on the relation between readers and the act of reading, writers and the act of writing.Leer a Tolkien, es ponerse en movimiento.Es vivir la sorprendente experiencia de aventurarse [&hellip;]\" \/>\n<meta property=\"og:url\" content=\"https:\/\/www.tolkienestate.com\/es\/escribir\/leer-a-j-r-r-tolkien\/\" \/>\n<meta property=\"og:site_name\" content=\"The Tolkien Estate\" \/>\n<meta property=\"article:modified_time\" content=\"2021-04-14T09:30:02+00:00\" \/>\n<meta name=\"twitter:card\" content=\"summary_large_image\" \/>\n<meta name=\"twitter:label1\" content=\"Tiempo de lectura\" \/>\n\t<meta name=\"twitter:data1\" content=\"8 minutos\" \/>\n<script type=\"application\/ld+json\" class=\"yoast-schema-graph\">{\"@context\":\"https:\\\/\\\/schema.org\",\"@graph\":[{\"@type\":\"WebPage\",\"@id\":\"https:\\\/\\\/www.tolkienestate.com\\\/es\\\/escribir\\\/leer-a-j-r-r-tolkien\\\/\",\"url\":\"https:\\\/\\\/www.tolkienestate.com\\\/es\\\/escribir\\\/leer-a-j-r-r-tolkien\\\/\",\"name\":\"Leer a J.R.R. Tolkien - The Tolkien Estate\",\"isPartOf\":{\"@id\":\"https:\\\/\\\/www.tolkienestate.com\\\/#website\"},\"datePublished\":\"2021-04-14T08:13:24+00:00\",\"dateModified\":\"2021-04-14T09:30:02+00:00\",\"breadcrumb\":{\"@id\":\"https:\\\/\\\/www.tolkienestate.com\\\/es\\\/escribir\\\/leer-a-j-r-r-tolkien\\\/#breadcrumb\"},\"inLanguage\":\"es\",\"potentialAction\":[{\"@type\":\"ReadAction\",\"target\":[\"https:\\\/\\\/www.tolkienestate.com\\\/es\\\/escribir\\\/leer-a-j-r-r-tolkien\\\/\"]}]},{\"@type\":\"BreadcrumbList\",\"@id\":\"https:\\\/\\\/www.tolkienestate.com\\\/es\\\/escribir\\\/leer-a-j-r-r-tolkien\\\/#breadcrumb\",\"itemListElement\":[{\"@type\":\"ListItem\",\"position\":1,\"name\":\"Home\",\"item\":\"https:\\\/\\\/www.tolkienestate.com\\\/es\\\/\"},{\"@type\":\"ListItem\",\"position\":2,\"name\":\"Escribir\",\"item\":\"https:\\\/\\\/www.tolkienestate.com\\\/es\\\/escribir\\\/\"},{\"@type\":\"ListItem\",\"position\":3,\"name\":\"Leer a J.R.R. Tolkien\"}]},{\"@type\":\"WebSite\",\"@id\":\"https:\\\/\\\/www.tolkienestate.com\\\/#website\",\"url\":\"https:\\\/\\\/www.tolkienestate.com\\\/\",\"name\":\"The Tolkien Estate\",\"description\":\"\",\"potentialAction\":[{\"@type\":\"SearchAction\",\"target\":{\"@type\":\"EntryPoint\",\"urlTemplate\":\"https:\\\/\\\/www.tolkienestate.com\\\/?s={search_term_string}\"},\"query-input\":{\"@type\":\"PropertyValueSpecification\",\"valueRequired\":true,\"valueName\":\"search_term_string\"}}],\"inLanguage\":\"es\"}]}<\/script>\n<!-- \/ Yoast SEO plugin. -->","yoast_head_json":{"title":"Leer a J.R.R. Tolkien - The Tolkien Estate","robots":{"index":"index","follow":"follow","max-snippet":"max-snippet:-1","max-image-preview":"max-image-preview:large","max-video-preview":"max-video-preview:-1"},"canonical":"https:\/\/www.tolkienestate.com\/es\/escribir\/leer-a-j-r-r-tolkien\/","og_locale":"es_ES","og_type":"article","og_title":"Leer a J.R.R. Tolkien - The Tolkien Estate","og_description":"Maxime Hortense Pascal, novelist and poet, presents a personal and poetic interpretation of the profound effect of J.R.R. Tolkien\u2019s work on the reader; shining an oblique light on the relation between readers and the act of reading, writers and the act of writing.Leer a Tolkien, es ponerse en movimiento.Es vivir la sorprendente experiencia de aventurarse [&hellip;]","og_url":"https:\/\/www.tolkienestate.com\/es\/escribir\/leer-a-j-r-r-tolkien\/","og_site_name":"The Tolkien Estate","article_modified_time":"2021-04-14T09:30:02+00:00","twitter_card":"summary_large_image","twitter_misc":{"Tiempo de lectura":"8 minutos"},"schema":{"@context":"https:\/\/schema.org","@graph":[{"@type":"WebPage","@id":"https:\/\/www.tolkienestate.com\/es\/escribir\/leer-a-j-r-r-tolkien\/","url":"https:\/\/www.tolkienestate.com\/es\/escribir\/leer-a-j-r-r-tolkien\/","name":"Leer a J.R.R. Tolkien - The Tolkien Estate","isPartOf":{"@id":"https:\/\/www.tolkienestate.com\/#website"},"datePublished":"2021-04-14T08:13:24+00:00","dateModified":"2021-04-14T09:30:02+00:00","breadcrumb":{"@id":"https:\/\/www.tolkienestate.com\/es\/escribir\/leer-a-j-r-r-tolkien\/#breadcrumb"},"inLanguage":"es","potentialAction":[{"@type":"ReadAction","target":["https:\/\/www.tolkienestate.com\/es\/escribir\/leer-a-j-r-r-tolkien\/"]}]},{"@type":"BreadcrumbList","@id":"https:\/\/www.tolkienestate.com\/es\/escribir\/leer-a-j-r-r-tolkien\/#breadcrumb","itemListElement":[{"@type":"ListItem","position":1,"name":"Home","item":"https:\/\/www.tolkienestate.com\/es\/"},{"@type":"ListItem","position":2,"name":"Escribir","item":"https:\/\/www.tolkienestate.com\/es\/escribir\/"},{"@type":"ListItem","position":3,"name":"Leer a J.R.R. Tolkien"}]},{"@type":"WebSite","@id":"https:\/\/www.tolkienestate.com\/#website","url":"https:\/\/www.tolkienestate.com\/","name":"The Tolkien Estate","description":"","potentialAction":[{"@type":"SearchAction","target":{"@type":"EntryPoint","urlTemplate":"https:\/\/www.tolkienestate.com\/?s={search_term_string}"},"query-input":{"@type":"PropertyValueSpecification","valueRequired":true,"valueName":"search_term_string"}}],"inLanguage":"es"}]}},"_links":{"self":[{"href":"https:\/\/www.tolkienestate.com\/es\/wp-json\/wp\/v2\/pages\/35236","targetHints":{"allow":["GET"]}}],"collection":[{"href":"https:\/\/www.tolkienestate.com\/es\/wp-json\/wp\/v2\/pages"}],"about":[{"href":"https:\/\/www.tolkienestate.com\/es\/wp-json\/wp\/v2\/types\/page"}],"author":[{"embeddable":true,"href":"https:\/\/www.tolkienestate.com\/es\/wp-json\/wp\/v2\/users\/1"}],"replies":[{"embeddable":true,"href":"https:\/\/www.tolkienestate.com\/es\/wp-json\/wp\/v2\/comments?post=35236"}],"version-history":[{"count":0,"href":"https:\/\/www.tolkienestate.com\/es\/wp-json\/wp\/v2\/pages\/35236\/revisions"}],"up":[{"embeddable":true,"href":"https:\/\/www.tolkienestate.com\/es\/wp-json\/wp\/v2\/pages\/33810"}],"wp:attachment":[{"href":"https:\/\/www.tolkienestate.com\/es\/wp-json\/wp\/v2\/media?parent=35236"}],"curies":[{"name":"wp","href":"https:\/\/api.w.org\/{rel}","templated":true}]}}