{"id":35269,"date":"2021-04-13T14:11:01","date_gmt":"2021-04-13T13:11:01","guid":{"rendered":"https:\/\/jrrtestate.wpengine.com\/escribir\/patrick-curry-tolkien-and-nature\/"},"modified":"2021-04-14T10:06:35","modified_gmt":"2021-04-14T09:06:35","slug":"tolkien-y-la-naturaleza","status":"publish","type":"page","link":"https:\/\/www.tolkienestate.com\/es\/escribir\/tolkien-y-la-naturaleza\/","title":{"rendered":"Tolkien y la Naturaleza"},"content":{"rendered":"<p>[et_pb_section fb_built=\u00bb1&#8243; _builder_version=\u00bb4.6.1&#8243; _module_preset=\u00bbdefault\u00bb background_color=\u00bb#2f3534&#8243; custom_margin=\u00bb||||false|false\u00bb custom_padding=\u00bb0px||0px||false|false\u00bb animation_direction=\u00bbtop\u00bb border_width_bottom=\u00bb1px\u00bb border_color_bottom=\u00bb#4e5956&#8243; saved_tabs=\u00bball\u00bb][et_pb_row _builder_version=\u00bb4.5.6&#8243; _module_preset=\u00bbdefault\u00bb custom_padding=\u00bb20px||20px||false|false\u00bb][et_pb_column type=\u00bb4_4&#8243; _builder_version=\u00bb4.5.6&#8243; _module_preset=\u00bbdefault\u00bb][et_pb_text module_class=\u00bbyoastBC\u00bb _builder_version=\u00bb4.5.6&#8243; _module_preset=\u00bbdefault\u00bb text_font=\u00bb|||on|||||\u00bb text_text_color=\u00bb#9f8d60&#8243; link_text_color=\u00bb#9f8d60&#8243; text_orientation=\u00bbcenter\u00bb]<span><span><a href=\"https:\/\/www.tolkienestate.com\/es\/\">Home<\/a><\/span><\/span>[\/et_pb_text][\/et_pb_column][\/et_pb_row][\/et_pb_section][et_pb_section fb_built=\u00bb1&#8243; custom_padding_last_edited=\u00bbon|phone\u00bb _builder_version=\u00bb4.6.1&#8243; _module_preset=\u00bbdefault\u00bb background_color=\u00bb#2f3534&#8243; background_enable_image=\u00bboff\u00bb custom_padding=\u00bb100px||100px||false|false\u00bb custom_padding_tablet=\u00bb\u00bb custom_padding_phone=\u00bb100px||100px||false|false\u00bb locked=\u00bboff\u00bb][et_pb_row _builder_version=\u00bb4.5.6&#8243; _module_preset=\u00bbdefault\u00bb][et_pb_column type=\u00bb4_4&#8243; _builder_version=\u00bb4.5.6&#8243; _module_preset=\u00bbdefault\u00bb][et_pb_text _builder_version=\u00bb4.6.1&#8243; _dynamic_attributes=\u00bbcontent\u00bb _module_preset=\u00bbdefault\u00bb header_text_align=\u00bbcenter\u00bb header_text_color=\u00bb#ffffff\u00bb header_font_size=\u00bb60px\u00bb header_letter_spacing=\u00bb15px\u00bb module_alignment=\u00bbcenter\u00bb header_font_size_tablet=\u00bb40px\u00bb header_font_size_phone=\u00bb\u00bb header_font_size_last_edited=\u00bbon|tablet\u00bb header_letter_spacing_tablet=\u00bb1px\u00bb header_letter_spacing_phone=\u00bb\u00bb header_letter_spacing_last_edited=\u00bbon|tablet\u00bb]@ET-DC@eyJkeW5hbWljIjp0cnVlLCJjb250ZW50IjoicG9zdF90aXRsZSIsInNldHRpbmdzIjp7ImJlZm9yZSI6IjxoMT4iLCJhZnRlciI6IjwvaDE+In19@[\/et_pb_text][\/et_pb_column][\/et_pb_row][\/et_pb_section][et_pb_section fb_built=\u00bb1&#8243; _builder_version=\u00bb4.5.6&#8243; _module_preset=\u00bbdefault\u00bb background_color=\u00bb#f7f7f1&#8243;][et_pb_row _builder_version=\u00bb4.5.6&#8243; _module_preset=\u00bbdefault\u00bb][et_pb_column type=\u00bb4_4&#8243; _builder_version=\u00bb4.5.6&#8243; _module_preset=\u00bbdefault\u00bb][et_pb_text _builder_version=\u00bb4.6.1&#8243; text_font_size=\u00bb20px\u00bb text_line_height=\u00bb1.6em\u00bb link_text_color=\u00bb#9f8d60&#8243; width=\u00bb66%\u00bb width_tablet=\u00bb100%\u00bb width_phone=\u00bb\u00bb width_last_edited=\u00bbon|tablet\u00bb module_alignment=\u00bbcenter\u00bb animation_style=\u00bbfade\u00bb animation_duration=\u00bb1500ms\u00bb locked=\u00bboff\u00bb]<\/p>\n<p><span style=\"font-weight: 400;\">Patrick Curry explores Tolkien\u2019s deep feeling for nature, how this transpires in his work, its relevance in our modern world and the ecological challenges that we face every day.<\/span><\/p>\n<p>[\/et_pb_text][\/et_pb_column][\/et_pb_row][\/et_pb_section][et_pb_section fb_built=\u00bb1&#8243; _builder_version=\u00bb4.5.6&#8243; _module_preset=\u00bbdefault\u00bb][et_pb_row _builder_version=\u00bb4.3.4&#8243; locked=\u00bboff\u00bb][et_pb_column type=\u00bb4_4&#8243; _builder_version=\u00bb4.3.4&#8243;][et_pb_text _builder_version=\u00bb4.6.1&#8243; _module_preset=\u00bbdefault\u00bb text_font_size=\u00bb20px\u00bb text_line_height=\u00bb1.6em\u00bb width=\u00bb66%\u00bb width_tablet=\u00bb100%\u00bb width_phone=\u00bb\u00bb width_last_edited=\u00bbon|tablet\u00bb module_alignment=\u00bbcenter\u00bb animation_style=\u00bbfade\u00bb animation_duration=\u00bb1500ms\u00bb hover_enabled=\u00bb0&#8243; sticky_enabled=\u00bb0&#8243;]<\/p>\n<p><strong>El entorno natural de la Tierra Media ocupa un lugar central<\/strong>\u00a0en el mundo imaginario de Tolkien. A pesar de que no es el \u00fanico elemento relevante en este mundo, constituye una parte imprescindible. Para empezar, yo no empleo la palabra \u00ab<em>imaginario<\/em>\u00bb para referirme a \u00e9l, porque implica irrealidad y una de las cosas m\u00e1s sorprendentes de la Tierra Media reside en la sensaci\u00f3n de realidad que produce. Una experiencia com\u00fan de los lectores de Tolkien es que\u00a0<em>han estado all\u00ed.<\/em>\u00a0Este fen\u00f3meno puede ser entendido como la combinaci\u00f3n de dos din\u00e1micas: lo que el propio Tolkien escribi\u00f3 en sus historias, y lo que los lectores hallan en ellas \u2013 extrayendo de manera natural lo que llaman\u00a0<em>\u00abaplicabilidad\u00bb<\/em>\u00a0de estas historias a su propia experiencia.<\/p>\n<p>[\/et_pb_text][et_pb_text quote_border_weight=\u00bb4px\u00bb quote_border_color=\u00bb#9f8d60&#8243; _builder_version=\u00bb4.6.1&#8243; text_line_height=\u00bb1.9em\u00bb link_text_color=\u00bb#9f8d60&#8243; quote_font=\u00bb||on||||||\u00bb header_font=\u00bb||||||||\u00bb header_text_color=\u00bb#000000&#8243; header_3_font=\u00bbPT Serif|700|||||||\u00bb header_3_text_color=\u00bb#000000&#8243; width=\u00bb66%\u00bb width_tablet=\u00bb100%\u00bb width_phone=\u00bb\u00bb width_last_edited=\u00bbon|tablet\u00bb module_alignment=\u00bbcenter\u00bb animation_style=\u00bbfade\u00bb animation_duration=\u00bb1500ms\u00bb hover_enabled=\u00bb0&#8243; sticky_enabled=\u00bb0&#8243;]<\/p>\n<p>El amor de Tolkien por la naturaleza es indudable. Su profunda sensibilidad por los paisajes naturales, su variedad y su forma de reflejar hasta el m\u00e1s m\u00ednimo de sus detalles, impregna particularmente\u00a0<a href=\"https:\/\/www.tolkienestate.com\/es\/escribir\/cuentos-de-la-tierra-media\/el-senor-de-los-anillos.html\" target=\"_blank\" rel=\"noopener\"><em>El Se\u00f1or de los Anillos<\/em><\/a>, y explica en gran parte por qu\u00e9 esta novela resulta tan convincente. La historia habla de geolog\u00eda, ecosistemas y de biorregiones; de la flora y de la fauna, de las estaciones y del clima, del Sol, de la Luna, de planetas y de estrellas. Adem\u00e1s- y es otro punto clave \u2013 todos estos elementos representan mucho m\u00e1s que un tel\u00f3n de fondo pasivo para el drama humano (y casi-humano). Son todo lo contrario. La Tierra Media es un actor, un personaje en s\u00ed, a semejanza de todos los lugares y partes importantes que la componen. La obra de Tolkien no es antropoc\u00e9ntrica (centrada el ser humano).<\/p>\n<div id=\"attachment_35260\" style=\"width: 1720px\" class=\"wp-caption alignnone\"><img loading=\"lazy\" decoding=\"async\" aria-describedby=\"caption-attachment-35260\" class=\"wp-image-35260 size-full\" src=\"https:\/\/www.tolkienestate.com\/wp-content\/uploads\/2021\/04\/106.jpg\" alt=\"\" width=\"1710\" height=\"1506\" srcset=\"https:\/\/jrrtestate.wpenginepowered.com\/wp-content\/uploads\/2021\/04\/106.jpg 1710w, https:\/\/jrrtestate.wpenginepowered.com\/wp-content\/uploads\/2021\/04\/106-300x264.jpg 300w, https:\/\/jrrtestate.wpenginepowered.com\/wp-content\/uploads\/2021\/04\/106-1024x902.jpg 1024w, https:\/\/jrrtestate.wpenginepowered.com\/wp-content\/uploads\/2021\/04\/106-768x676.jpg 768w, https:\/\/jrrtestate.wpenginepowered.com\/wp-content\/uploads\/2021\/04\/106-1536x1353.jpg 1536w, https:\/\/jrrtestate.wpenginepowered.com\/wp-content\/uploads\/2021\/04\/106-120x106.jpg 120w, https:\/\/jrrtestate.wpenginepowered.com\/wp-content\/uploads\/2021\/04\/106-1080x951.jpg 1080w, https:\/\/jrrtestate.wpenginepowered.com\/wp-content\/uploads\/2021\/04\/106-1280x1127.jpg 1280w, https:\/\/jrrtestate.wpenginepowered.com\/wp-content\/uploads\/2021\/04\/106-980x863.jpg 980w, https:\/\/jrrtestate.wpenginepowered.com\/wp-content\/uploads\/2021\/04\/106-480x423.jpg 480w\" sizes=\"(max-width: 1710px) 100vw, 1710px\" \/><p id=\"caption-attachment-35260\" class=\"wp-caption-text\">Untitled woodland scene<\/p><\/div>\n<p>&nbsp;<\/p>\n<p>En\u00a0<em>El Se\u00f1or de los Anillos<\/em>\u00a0se pueden encontrar m\u00e1s de sesenta especies de plantas y al menos ocho tipos inventados, lo que refleja el amor especial que sent\u00eda Tolkien para la flora. Pero el centro del escenario lo ocupan los \u00e1rboles. Como \u00e9l mismo escribi\u00f3 en una carta al final de su vida, \u00abEn todas mis obras asumo la parte de los \u00e1rboles en contra de todos sus enemigos\u00bb. Incluso describi\u00f3 una vez\u00a0<em>El Se\u00f1or de los Anillos<\/em>\u00a0como \u00abmi propio \u00e1rbol interior\u00bb.<\/p>\n<p>Entre los \u00e1rboles m\u00e1s importantes de la obra, destacan el \u00c1rbol de la Fiesta de los hobbits (el antiguo y el nuevo) y el Viejo Hombre Sauce. Asimismo cada bosque \u2013 el Bosque Viejo, el Bosque Negro, Fangorn y Lothl\u00f3rien &#8211; es \u00fanico y desempe\u00f1a un papel clave. Sin embargo, son los \u00e1rboles cosmog\u00f3nicos de Laurelin y Telperion, cuya luz sobrevive a la luz de E\u00e4rendil (es decir, la \u00abestrella\u00bb que llamamos Venus) y en la redoma que Galadriel le da a Frodo, quienes sustentan toda la estructura. Y, por supuesto, est\u00e1n los Ents: una de las m\u00e1s singulares y fuertes creaciones de Tolkien, cuya peculiaridad es no\u00a0<em>ser\u00a0<\/em>humanos bajo la forma de \u00e1rboles, sino m\u00e1s bien \u00e1rboles dotados de los cinco sentidos.<\/p>\n<p>La presencia en la obra de Tolkien de una fuerza de acci\u00f3n y subjetividad no humana es fundamental. Es caracter\u00edstica no s\u00f3lo de los pueblos (tanto humanos como no humanos), sino tambi\u00e9n de entidades acerca de las que estamos acostumbrados a pensar \u00abno pueden estar vivas\u00bb, tales como plantas, rocas y lugares. Por tanto, cuando la hierba conocida como\u00a0<em>athelas<\/em>\u00a0es molida en agua caliente, el aire brilla con alegr\u00eda; la monta\u00f1a Caradhras obstruye deliberadamente la ruta de la Compa\u00f1\u00eda con nieve hasta que \u00e9sta se ve obligada a retirarse y las piedras de Cirith Ungol escuchan la risa de Frodo. Y no se trata de simples met\u00e1foras literarias vac\u00edas de significado: la Tierra Media est\u00e1\u00a0<em>viva<\/em>, como un todo y en todas sus partes.<\/p>\n<p>As\u00ed, Tolkien remite a sus lectores a una naturaleza animada, sensual e infinitamente compleja en la que los seres humanos han vivido durante casi cien mil a\u00f1os, hasta que la visi\u00f3n occidental moderna percibiera la naturaleza como un conjunto de \u00abrecursos\u00bb cuantificables, inertes y pasivos y comenzase a destrozarla desde hace s\u00f3lo unos cuatrocientos a\u00f1os. La Tierra Media es real porque, a pesar de nuestra educaci\u00f3n moderna, la\u00a0<em>reconocemos<\/em>. A\u00fan podemos experimentar lo que sinti\u00f3 Frodo cuando puso su mano sobre un \u00e1rbol\u00a0<em>mallorn<\/em>\u00a0en Lothl\u00f3rien: \u00abLa madera, que sent\u00eda bajo la mano, lo deleitaba, pero no como a un le\u00f1ador o a un carpintero; era el deleite de la vida misma del \u00e1rbol.\u00bb<\/p>\n<p>Del mismo modo, Baya de Oro le dice a Frodo que las tierras que rodean el Bosque Viejo no son propiedad de Tom, sino que \u00abLos \u00e1rboles y las hierbas y todas las cosas que crecen o viven en la regi\u00f3n no tienen otro due\u00f1o que ellas mismas.\u00bb La espiritualidad m\u00edstica que corresponde a esta percepci\u00f3n del mundo pertenece al animismo.<\/p>\n<p>Incluso el profundo conocimiento que tiene Tolkien del mito es una parte inseparable de la naturaleza en su ficci\u00f3n\u00a0<em>mitopo\u00e9itca\u00a0<\/em>(literalmente, que crea mitos); por la simple raz\u00f3n de que una naturaleza viva con poderes y cualidades sobrehumanas es inseparable del mito mismo. Como dice Aragorn, \u00ab\u00bfLa tierra verde\u2026? \u00a1Buen asunto para una leyenda aunque te pasees por ella a la luz del d\u00eda!\u00bb<\/p>\n<p>El \u00abEcocentrismo\u00bb de Tolkien coexiste con otros de sus valores y compromisos fundamentales, a saber, una \u00e9tica cristiana de\u00a0<em>administraci\u00f3n.\u00a0<\/em>As\u00ed, sugiri\u00f3 que \u00abLothl\u00f3rien era hermosa porque all\u00ed se amaban los \u00e1rboles.\u00bb Adem\u00e1s, Sam fue elogiado como jardinero, y recibi\u00f3 la bendici\u00f3n y ayuda en su obra de replantaci\u00f3n de la Comarca de Galadriel, nada menos. Este punto de vista es m\u00e1s antropoc\u00e9ntrico: la naturaleza fue bendecida como resultado de nuestras acciones\u00a0<a href=\"http:\/\/tolkienestate.com\/chemins\/f.a.q\/glossaire-faq.html\" target=\"_blank\" rel=\"noopener\"><em>subcreativas<\/em><\/a>\u00a0(que derivan de las de Dios), y sus frutos son para nuestro beneficio (as\u00ed como lo quiso Dios).<\/p>\n<p>La relaci\u00f3n entre estos dos puntos de vista &#8211; o mejor dicho, modos de vida, o incluso mundos &#8211; es una relaci\u00f3n de tensi\u00f3n. En una perspectiva pagana, el mundo natural tiene un valor \u00ab<em>intr\u00ednseco<\/em>\u00bb por derecho propio, y su espiritualidad es inmanente; mientras que para los te\u00edstas (quienes creen en un Dios), su valor proviene de que es la obra de un Creador trascendente y por tanto diferente de este mundo. En el caso de Tolkien, no se trata de una disyuntiva:\u00a0<em>ambas<\/em>\u00a0son reales. Y, dado que la explotaci\u00f3n de la naturaleza (en ciertos grados) es inevitable, estas dos perspectivas ofrecen maneras de hacerlo con respeto y sin da\u00f1ar, en lugar de ser despiadadas y destructivas.<\/p>\n<p>Otro sistema para entender la animada, y encantada, Tierra Media de Tolkien es cuestion\u00e1ndose su contrario. Ya suger\u00ed anteriormente la respuesta: la naturaleza abstracta y sin vida, fabricada (no\u00a0 \u00abdescubierta\u00bb) por la tecnociencia industrial. Esta \u00faltima tiene que ver con el poder, con el dominio de las cosas y de los seres \u2013 transformando todo, incluso a las personas, en cosas, en unidades intercambiables que pueden ser manipuladas y vendidas. Como advirti\u00f3 Tolkien, con raz\u00f3n, representa nuestro equivalente moderno a la Magia. El resultado es, en el mejor de los casos, centros comerciales y supermercados, los cuales ofrecen una especie de aparente seguridad y fiabilidad en las que estamos supuestamente bajo control. En su forma m\u00e1s patol\u00f3gica, sin embargo, el resultado es un desastre social y ecol\u00f3gico que se ejemplifica en Mordor, donde \u00abtierra, agua, aire, todo parece maldito &#8230; una tierra corrompida, enferma sin la m\u00e1s remota esperanza de cura, a menos que el Gran Mar la sumergiera en las aguas del olvido\u00bb.<\/p>\n<p>En contradicci\u00f3n con la acusaci\u00f3n peyorativa de que se trata de literatura de evasi\u00f3n (como si la evasi\u00f3n fuera siempre algo negativo), las historias de Tolkien hicieron a sus lectores profundizar en el amor por la naturaleza y contribuyeron a su defensa. Por mencionar s\u00f3lo dos ejemplos obvios, David Taggart, ya fallecido, encontr\u00f3 consuelo en\u00a0<em>El Se\u00f1or de los Anillos<\/em>\u00a0durante su campa\u00f1a pionera contra las pruebas nucleares, que llev\u00f3 a la fundaci\u00f3n de Greenpeace en 1972. Asimismo, este libro sirvi\u00f3 de inspiraci\u00f3n directa entre aquellos que se resistieron activamente, con cierto \u00e9xito, al programa de construcci\u00f3n de autopistas decidido por Margaret Thatcher a principios de la d\u00e9cada de 1990. No cabe duda, pues, de que\u00a0<em>El Se\u00f1or de los Anillos<\/em>\u00a0seguir\u00e1 siendo una fuente de inspiraci\u00f3n en los desaf\u00edos ecol\u00f3gicos que est\u00e1n por venir.<\/p>\n<p>[\/et_pb_text][\/et_pb_column][\/et_pb_row][\/et_pb_section]<\/p>\n","protected":false},"excerpt":{"rendered":"<p><span><span><a href=\"https:\/\/www.tolkienestate.com\/es\/\">Home<\/a><\/span><\/span>Patrick Curry explores Tolkien\u2019s deep feeling for nature, how this transpires in his work, its relevance in our modern world and the ecological challenges that we face every day.El entorno natural de la Tierra Media ocupa un lugar central\u00a0en el mundo imaginario de Tolkien. A pesar de que no es el \u00fanico elemento relevante en [&hellip;]<\/p>\n","protected":false},"author":1,"featured_media":0,"parent":33810,"menu_order":0,"comment_status":"closed","ping_status":"closed","template":"","meta":{"_et_pb_use_builder":"on","_et_pb_old_content":"","_et_gb_content_width":"","footnotes":""},"class_list":["post-35269","page","type-page","status-publish","hentry"],"yoast_head":"<!-- This site is optimized with the Yoast SEO plugin v27.5 - https:\/\/yoast.com\/product\/yoast-seo-wordpress\/ -->\n<title>Tolkien y la Naturaleza - The Tolkien Estate<\/title>\n<meta name=\"robots\" content=\"index, follow, max-snippet:-1, max-image-preview:large, max-video-preview:-1\" \/>\n<link rel=\"canonical\" href=\"https:\/\/www.tolkienestate.com\/es\/escribir\/tolkien-y-la-naturaleza\/\" \/>\n<meta property=\"og:locale\" content=\"es_ES\" \/>\n<meta property=\"og:type\" content=\"article\" \/>\n<meta property=\"og:title\" content=\"Tolkien y la Naturaleza - The Tolkien Estate\" \/>\n<meta property=\"og:description\" content=\"Patrick Curry explores Tolkien\u2019s deep feeling for nature, how this transpires in his work, its relevance in our modern world and the ecological challenges that we face every day.El entorno natural de la Tierra Media ocupa un lugar central\u00a0en el mundo imaginario de Tolkien. A pesar de que no es el \u00fanico elemento relevante en [&hellip;]\" \/>\n<meta property=\"og:url\" content=\"https:\/\/www.tolkienestate.com\/es\/escribir\/tolkien-y-la-naturaleza\/\" \/>\n<meta property=\"og:site_name\" content=\"The Tolkien Estate\" \/>\n<meta property=\"article:modified_time\" content=\"2021-04-14T09:06:35+00:00\" \/>\n<meta property=\"og:image\" content=\"https:\/\/www.tolkienestate.com\/wp-content\/uploads\/2021\/04\/106.jpg\" \/>\n<meta name=\"twitter:card\" content=\"summary_large_image\" \/>\n<meta name=\"twitter:label1\" content=\"Tiempo de lectura\" \/>\n\t<meta name=\"twitter:data1\" content=\"10 minutos\" \/>\n<script type=\"application\/ld+json\" class=\"yoast-schema-graph\">{\"@context\":\"https:\\\/\\\/schema.org\",\"@graph\":[{\"@type\":\"WebPage\",\"@id\":\"https:\\\/\\\/www.tolkienestate.com\\\/es\\\/escribir\\\/tolkien-y-la-naturaleza\\\/\",\"url\":\"https:\\\/\\\/www.tolkienestate.com\\\/es\\\/escribir\\\/tolkien-y-la-naturaleza\\\/\",\"name\":\"Tolkien y la Naturaleza - The Tolkien Estate\",\"isPartOf\":{\"@id\":\"https:\\\/\\\/www.tolkienestate.com\\\/#website\"},\"primaryImageOfPage\":{\"@id\":\"https:\\\/\\\/www.tolkienestate.com\\\/es\\\/escribir\\\/tolkien-y-la-naturaleza\\\/#primaryimage\"},\"image\":{\"@id\":\"https:\\\/\\\/www.tolkienestate.com\\\/es\\\/escribir\\\/tolkien-y-la-naturaleza\\\/#primaryimage\"},\"thumbnailUrl\":\"https:\\\/\\\/www.tolkienestate.com\\\/wp-content\\\/uploads\\\/2021\\\/04\\\/106.jpg\",\"datePublished\":\"2021-04-13T13:11:01+00:00\",\"dateModified\":\"2021-04-14T09:06:35+00:00\",\"breadcrumb\":{\"@id\":\"https:\\\/\\\/www.tolkienestate.com\\\/es\\\/escribir\\\/tolkien-y-la-naturaleza\\\/#breadcrumb\"},\"inLanguage\":\"es\",\"potentialAction\":[{\"@type\":\"ReadAction\",\"target\":[\"https:\\\/\\\/www.tolkienestate.com\\\/es\\\/escribir\\\/tolkien-y-la-naturaleza\\\/\"]}]},{\"@type\":\"ImageObject\",\"inLanguage\":\"es\",\"@id\":\"https:\\\/\\\/www.tolkienestate.com\\\/es\\\/escribir\\\/tolkien-y-la-naturaleza\\\/#primaryimage\",\"url\":\"https:\\\/\\\/www.tolkienestate.com\\\/wp-content\\\/uploads\\\/2021\\\/04\\\/106.jpg\",\"contentUrl\":\"https:\\\/\\\/www.tolkienestate.com\\\/wp-content\\\/uploads\\\/2021\\\/04\\\/106.jpg\"},{\"@type\":\"BreadcrumbList\",\"@id\":\"https:\\\/\\\/www.tolkienestate.com\\\/es\\\/escribir\\\/tolkien-y-la-naturaleza\\\/#breadcrumb\",\"itemListElement\":[{\"@type\":\"ListItem\",\"position\":1,\"name\":\"Home\",\"item\":\"https:\\\/\\\/www.tolkienestate.com\\\/es\\\/\"},{\"@type\":\"ListItem\",\"position\":2,\"name\":\"Escribir\",\"item\":\"https:\\\/\\\/www.tolkienestate.com\\\/es\\\/escribir\\\/\"},{\"@type\":\"ListItem\",\"position\":3,\"name\":\"Tolkien y la Naturaleza\"}]},{\"@type\":\"WebSite\",\"@id\":\"https:\\\/\\\/www.tolkienestate.com\\\/#website\",\"url\":\"https:\\\/\\\/www.tolkienestate.com\\\/\",\"name\":\"The Tolkien Estate\",\"description\":\"\",\"potentialAction\":[{\"@type\":\"SearchAction\",\"target\":{\"@type\":\"EntryPoint\",\"urlTemplate\":\"https:\\\/\\\/www.tolkienestate.com\\\/?s={search_term_string}\"},\"query-input\":{\"@type\":\"PropertyValueSpecification\",\"valueRequired\":true,\"valueName\":\"search_term_string\"}}],\"inLanguage\":\"es\"}]}<\/script>\n<!-- \/ Yoast SEO plugin. -->","yoast_head_json":{"title":"Tolkien y la Naturaleza - The Tolkien Estate","robots":{"index":"index","follow":"follow","max-snippet":"max-snippet:-1","max-image-preview":"max-image-preview:large","max-video-preview":"max-video-preview:-1"},"canonical":"https:\/\/www.tolkienestate.com\/es\/escribir\/tolkien-y-la-naturaleza\/","og_locale":"es_ES","og_type":"article","og_title":"Tolkien y la Naturaleza - The Tolkien Estate","og_description":"Patrick Curry explores Tolkien\u2019s deep feeling for nature, how this transpires in his work, its relevance in our modern world and the ecological challenges that we face every day.El entorno natural de la Tierra Media ocupa un lugar central\u00a0en el mundo imaginario de Tolkien. A pesar de que no es el \u00fanico elemento relevante en [&hellip;]","og_url":"https:\/\/www.tolkienestate.com\/es\/escribir\/tolkien-y-la-naturaleza\/","og_site_name":"The Tolkien Estate","article_modified_time":"2021-04-14T09:06:35+00:00","og_image":[{"url":"https:\/\/www.tolkienestate.com\/wp-content\/uploads\/2021\/04\/106.jpg","type":"","width":"","height":""}],"twitter_card":"summary_large_image","twitter_misc":{"Tiempo de lectura":"10 minutos"},"schema":{"@context":"https:\/\/schema.org","@graph":[{"@type":"WebPage","@id":"https:\/\/www.tolkienestate.com\/es\/escribir\/tolkien-y-la-naturaleza\/","url":"https:\/\/www.tolkienestate.com\/es\/escribir\/tolkien-y-la-naturaleza\/","name":"Tolkien y la Naturaleza - The Tolkien Estate","isPartOf":{"@id":"https:\/\/www.tolkienestate.com\/#website"},"primaryImageOfPage":{"@id":"https:\/\/www.tolkienestate.com\/es\/escribir\/tolkien-y-la-naturaleza\/#primaryimage"},"image":{"@id":"https:\/\/www.tolkienestate.com\/es\/escribir\/tolkien-y-la-naturaleza\/#primaryimage"},"thumbnailUrl":"https:\/\/www.tolkienestate.com\/wp-content\/uploads\/2021\/04\/106.jpg","datePublished":"2021-04-13T13:11:01+00:00","dateModified":"2021-04-14T09:06:35+00:00","breadcrumb":{"@id":"https:\/\/www.tolkienestate.com\/es\/escribir\/tolkien-y-la-naturaleza\/#breadcrumb"},"inLanguage":"es","potentialAction":[{"@type":"ReadAction","target":["https:\/\/www.tolkienestate.com\/es\/escribir\/tolkien-y-la-naturaleza\/"]}]},{"@type":"ImageObject","inLanguage":"es","@id":"https:\/\/www.tolkienestate.com\/es\/escribir\/tolkien-y-la-naturaleza\/#primaryimage","url":"https:\/\/www.tolkienestate.com\/wp-content\/uploads\/2021\/04\/106.jpg","contentUrl":"https:\/\/www.tolkienestate.com\/wp-content\/uploads\/2021\/04\/106.jpg"},{"@type":"BreadcrumbList","@id":"https:\/\/www.tolkienestate.com\/es\/escribir\/tolkien-y-la-naturaleza\/#breadcrumb","itemListElement":[{"@type":"ListItem","position":1,"name":"Home","item":"https:\/\/www.tolkienestate.com\/es\/"},{"@type":"ListItem","position":2,"name":"Escribir","item":"https:\/\/www.tolkienestate.com\/es\/escribir\/"},{"@type":"ListItem","position":3,"name":"Tolkien y la Naturaleza"}]},{"@type":"WebSite","@id":"https:\/\/www.tolkienestate.com\/#website","url":"https:\/\/www.tolkienestate.com\/","name":"The Tolkien Estate","description":"","potentialAction":[{"@type":"SearchAction","target":{"@type":"EntryPoint","urlTemplate":"https:\/\/www.tolkienestate.com\/?s={search_term_string}"},"query-input":{"@type":"PropertyValueSpecification","valueRequired":true,"valueName":"search_term_string"}}],"inLanguage":"es"}]}},"_links":{"self":[{"href":"https:\/\/www.tolkienestate.com\/es\/wp-json\/wp\/v2\/pages\/35269","targetHints":{"allow":["GET"]}}],"collection":[{"href":"https:\/\/www.tolkienestate.com\/es\/wp-json\/wp\/v2\/pages"}],"about":[{"href":"https:\/\/www.tolkienestate.com\/es\/wp-json\/wp\/v2\/types\/page"}],"author":[{"embeddable":true,"href":"https:\/\/www.tolkienestate.com\/es\/wp-json\/wp\/v2\/users\/1"}],"replies":[{"embeddable":true,"href":"https:\/\/www.tolkienestate.com\/es\/wp-json\/wp\/v2\/comments?post=35269"}],"version-history":[{"count":0,"href":"https:\/\/www.tolkienestate.com\/es\/wp-json\/wp\/v2\/pages\/35269\/revisions"}],"up":[{"embeddable":true,"href":"https:\/\/www.tolkienestate.com\/es\/wp-json\/wp\/v2\/pages\/33810"}],"wp:attachment":[{"href":"https:\/\/www.tolkienestate.com\/es\/wp-json\/wp\/v2\/media?parent=35269"}],"curies":[{"name":"wp","href":"https:\/\/api.w.org\/{rel}","templated":true}]}}