{"id":33853,"date":"2020-09-11T14:29:37","date_gmt":"2020-09-11T13:29:37","guid":{"rendered":"http:\/\/jrrtestate.wpengine.com\/ecriture\/the-children-of-hurin\/"},"modified":"2023-10-16T16:33:00","modified_gmt":"2023-10-16T15:33:00","slug":"les-enfants-de-hurin","status":"publish","type":"page","link":"https:\/\/www.tolkienestate.com\/fr\/ecriture\/les-enfants-de-hurin\/","title":{"rendered":"Les Enfants de H\u00farin"},"content":{"rendered":"<p>[et_pb_section fb_built=\u00a0\u00bb1&Prime; _builder_version=\u00a0\u00bb4.16&Prime; _module_preset=\u00a0\u00bbdefault\u00a0\u00bb background_color=\u00a0\u00bb#2f3534&Prime; custom_margin=\u00a0\u00bb||||false|false\u00a0\u00bb custom_padding=\u00a0\u00bb0px||0px||false|false\u00a0\u00bb animation_direction=\u00a0\u00bbtop\u00a0\u00bb saved_tabs=\u00a0\u00bball\u00a0\u00bb global_colors_info=\u00a0\u00bb{}\u00a0\u00bb][et_pb_row _builder_version=\u00a0\u00bb4.16&Prime; _module_preset=\u00a0\u00bbdefault\u00a0\u00bb custom_padding=\u00a0\u00bb20px||20px||false|false\u00a0\u00bb global_colors_info=\u00a0\u00bb{}\u00a0\u00bb][et_pb_column type=\u00a0\u00bb4_4&Prime; _builder_version=\u00a0\u00bb4.16&Prime; _module_preset=\u00a0\u00bbdefault\u00a0\u00bb global_colors_info=\u00a0\u00bb{}\u00a0\u00bb][et_pb_text module_class=\u00a0\u00bbyoastBC\u00a0\u00bb _builder_version=\u00a0\u00bb4.16&Prime; _module_preset=\u00a0\u00bbdefault\u00a0\u00bb text_font=\u00a0\u00bb|||on|||||\u00a0\u00bb text_text_color=\u00a0\u00bb#9f8d60&Prime; link_text_color=\u00a0\u00bb#9f8d60&Prime; text_orientation=\u00a0\u00bbcenter\u00a0\u00bb global_colors_info=\u00a0\u00bb{}\u00a0\u00bb]<span><span><a href=\"https:\/\/www.tolkienestate.com\/fr\/\">Home<\/a><\/span><\/span>[\/et_pb_text][\/et_pb_column][\/et_pb_row][\/et_pb_section][et_pb_section fb_built=\u00a0\u00bb1&Prime; custom_padding_last_edited=\u00a0\u00bbon|phone\u00a0\u00bb _builder_version=\u00a0\u00bb4.16&Prime; _module_preset=\u00a0\u00bbdefault\u00a0\u00bb background_color=\u00a0\u00bb#2f3534&Prime; use_background_color_gradient=\u00a0\u00bbon\u00a0\u00bb background_color_gradient_stops=\u00a0\u00bbrgba(0,0,0,0.23) 0%|rgba(0,0,0,0.24) 100%\u00a0\u00bb background_color_gradient_overlays_image=\u00a0\u00bbon\u00a0\u00bb background_color_gradient_start=\u00a0\u00bbrgba(0,0,0,0.23)\u00a0\u00bb background_color_gradient_end=\u00a0\u00bbrgba(0,0,0,0.24)\u00a0\u00bb background_image=\u00a0\u00bbhttps:\/\/www.tolkienestate.com\/wp-content\/uploads\/2020\/12\/stories-middle-earth-banner.png\u00a0\u00bb custom_padding=\u00a0\u00bb220px||220px||false|false\u00a0\u00bb custom_padding_tablet=\u00a0\u00bb\u00a0\u00bb custom_padding_phone=\u00a0\u00bb100px||100px||false|false\u00a0\u00bb locked=\u00a0\u00bboff\u00a0\u00bb global_colors_info=\u00a0\u00bb{}\u00a0\u00bb][et_pb_row _builder_version=\u00a0\u00bb4.16&Prime; _module_preset=\u00a0\u00bbdefault\u00a0\u00bb global_colors_info=\u00a0\u00bb{}\u00a0\u00bb][et_pb_column type=\u00a0\u00bb4_4&Prime; _builder_version=\u00a0\u00bb4.16&Prime; _module_preset=\u00a0\u00bbdefault\u00a0\u00bb global_colors_info=\u00a0\u00bb{}\u00a0\u00bb][et_pb_text _builder_version=\u00a0\u00bb4.16&Prime; _dynamic_attributes=\u00a0\u00bbcontent\u00a0\u00bb _module_preset=\u00a0\u00bbdefault\u00a0\u00bb header_text_align=\u00a0\u00bbcenter\u00a0\u00bb header_text_color=\u00a0\u00bb#ffffff\u00a0\u00bb header_font_size=\u00a0\u00bb60px\u00a0\u00bb header_letter_spacing=\u00a0\u00bb15px\u00a0\u00bb width=\u00a0\u00bb100%\u00a0\u00bb module_alignment=\u00a0\u00bbcenter\u00a0\u00bb header_font_size_tablet=\u00a0\u00bb40px\u00a0\u00bb header_font_size_phone=\u00a0\u00bb\u00a0\u00bb header_font_size_last_edited=\u00a0\u00bbon|phone\u00a0\u00bb header_letter_spacing_tablet=\u00a0\u00bb1px\u00a0\u00bb header_letter_spacing_phone=\u00a0\u00bb\u00a0\u00bb header_letter_spacing_last_edited=\u00a0\u00bbon|tablet\u00a0\u00bb global_colors_info=\u00a0\u00bb{}\u00a0\u00bb]@ET-DC@eyJkeW5hbWljIjp0cnVlLCJjb250ZW50IjoicG9zdF90aXRsZSIsInNldHRpbmdzIjp7ImJlZm9yZSI6IjxoMT4iLCJhZnRlciI6IjwvaDE+In19@[\/et_pb_text][\/et_pb_column][\/et_pb_row][\/et_pb_section][et_pb_section fb_built=\u00a0\u00bb1&Prime; _builder_version=\u00a0\u00bb4.16&Prime; _module_preset=\u00a0\u00bbdefault\u00a0\u00bb background_color=\u00a0\u00bb#f7f7f1&Prime; global_colors_info=\u00a0\u00bb{}\u00a0\u00bb][et_pb_row _builder_version=\u00a0\u00bb4.16&Prime; _module_preset=\u00a0\u00bbdefault\u00a0\u00bb global_colors_info=\u00a0\u00bb{}\u00a0\u00bb][et_pb_column type=\u00a0\u00bb4_4&Prime; _builder_version=\u00a0\u00bb4.16&Prime; _module_preset=\u00a0\u00bbdefault\u00a0\u00bb global_colors_info=\u00a0\u00bb{}\u00a0\u00bb][et_pb_text _builder_version=\u00a0\u00bb4.22.2&Prime; text_font_size=\u00a0\u00bb20px\u00a0\u00bb text_line_height=\u00a0\u00bb1.6em\u00a0\u00bb link_text_color=\u00a0\u00bb#9f8d60&Prime; width=\u00a0\u00bb66%\u00a0\u00bb module_alignment=\u00a0\u00bbcenter\u00a0\u00bb animation_style=\u00a0\u00bbfade\u00a0\u00bb animation_duration=\u00a0\u00bb1500ms\u00a0\u00bb hover_enabled=\u00a0\u00bb0&Prime; locked=\u00a0\u00bboff\u00a0\u00bb global_colors_info=\u00a0\u00bb{}\u00a0\u00bb sticky_enabled=\u00a0\u00bb0&Prime;]<\/p>\n<p>\u00ab\u202fIl y a des contes en Terre du Milieu qui se passent bien avant Le Seigneur des Anneaux\u2026 Dans cette \u00e9poque lointaine, Morgoth, le premier Seigneur Sombre, vivait dans la grande forteresse d\u2019Angband, l\u2019Enfer d\u2019Acier, dans le Nord ; et la trag\u00e9die de T\u00farin et de sa soeur Ni\u00ebnor se d\u00e9roula sous l\u2019ombre de la peur d\u2019Angband et de la guerre men\u00e9e par Morgoth contre les pays et villes secr\u00e8tes des Elfes. \u00bb<\/p>\n<p>Christopher Tolkien, introduction aux <em>Enfants de H\u00farin<\/em><\/p>\n<p>[\/et_pb_text][\/et_pb_column][\/et_pb_row][\/et_pb_section][et_pb_section fb_built=\u00a0\u00bb1&Prime; _builder_version=\u00a0\u00bb4.16&Prime; _module_preset=\u00a0\u00bbdefault\u00a0\u00bb global_colors_info=\u00a0\u00bb{}\u00a0\u00bb][et_pb_row _builder_version=\u00a0\u00bb4.16&Prime; locked=\u00a0\u00bboff\u00a0\u00bb global_colors_info=\u00a0\u00bb{}\u00a0\u00bb][et_pb_column type=\u00a0\u00bb4_4&Prime; _builder_version=\u00a0\u00bb4.16&Prime; global_colors_info=\u00a0\u00bb{}\u00a0\u00bb][et_pb_text _builder_version=\u00a0\u00bb4.16&Prime; _module_preset=\u00a0\u00bbdefault\u00a0\u00bb text_font_size=\u00a0\u00bb20px\u00a0\u00bb text_line_height=\u00a0\u00bb1.6em\u00a0\u00bb width=\u00a0\u00bb66%\u00a0\u00bb module_alignment=\u00a0\u00bbcenter\u00a0\u00bb animation_style=\u00a0\u00bbfade\u00a0\u00bb animation_duration=\u00a0\u00bb1500ms\u00a0\u00bb global_colors_info=\u00a0\u00bb{}\u00a0\u00bb]<\/p>\n<p>D\u00e8s 1916, J.R.R. Tolkien a commenc\u00e9 \u00e0 imaginer le monde de la Terre du Milieu et sa mythologie ; et jusqu\u2019\u00e0 sa mort en 1973, il n\u2019a jamais cess\u00e9 d\u2019\u00e9crire des histoires et des l\u00e9gendes li\u00e9es \u00e0 cet univers. De ce vaste Legendarium en \u00e9volution constante, un r\u00e9cit a \u00e9t\u00e9 publi\u00e9, comme une fen\u00eatre ouvrant sur un paysage en mouvement : il s\u2019agit du <em>Seigneur des Anneaux<\/em>.<\/p>\n<p>[\/et_pb_text][et_pb_text quote_border_weight=\u00a0\u00bb4px\u00a0\u00bb quote_border_color=\u00a0\u00bb#9f8d60&Prime; _builder_version=\u00a0\u00bb4.16&Prime; text_line_height=\u00a0\u00bb1.9em\u00a0\u00bb quote_font=\u00a0\u00bb||on||||||\u00a0\u00bb header_font=\u00a0\u00bb||||||||\u00a0\u00bb header_text_color=\u00a0\u00bb#000000&Prime; header_3_font=\u00a0\u00bbPT Serif|700|||||||\u00a0\u00bb header_3_text_color=\u00a0\u00bb#000000&Prime; width=\u00a0\u00bb66%\u00a0\u00bb module_alignment=\u00a0\u00bbcenter\u00a0\u00bb animation_style=\u00a0\u00bbfade\u00a0\u00bb animation_duration=\u00a0\u00bb1500ms\u00a0\u00bb global_colors_info=\u00a0\u00bb{}\u00a0\u00bb]<\/p>\n<p>Avant sa disparition, J.R.R. Tolkien a demand\u00e9 \u00e0 son troisi\u00e8me fils, Christopher Tolkien, de devenir son ex\u00e9cuteur litt\u00e9raire. Et la premi\u00e8re t\u00e2che de Christopher a consist\u00e9 \u00e0 mettre en ordre la quantit\u00e9 ph\u00e9nom\u00e9nale de papiers et documents r\u00e9dig\u00e9s par J.R.R. Tolkien tout au long de sa vie ; le premier livre posthume traitant de ce monde de la Terre du Milieu, <em>Le Silmarillion<\/em>, para\u00eet ainsi en 1977.<\/p>\n<p>Cet ouvrage propose dans une forme condens\u00e9e une esquisse de l&rsquo;histoire et de la mythologie de la Terre du Milieu, depuis sa cr\u00e9ation ; de ce fait m\u00eame, ses brefs chapitres donnent envie d\u2019en savoir plus sur la cr\u00e9ation de la Terre du Milieu, la naissance des Elfes et des Hommes, et sur nombre d\u2019autres histoires. Parmi celles-ci, l\u2019une des plus importantes demeure l\u2019histoire des <em>Enfants de H\u00farin<\/em>, et du destin tragique de T\u00farin Turambar.<\/p>\n<p>En poursuivant l&rsquo;\u00e9tude des archives laiss\u00e9es par son p\u00e8re, Christopher Tolkien \u00e9tablit en d\u00e9tail l\u2019histoire des textes \u00e9crits par J.R.R. Tolkien, ainsi que l\u2019\u00e9volution des conceptions de ces mythes et l\u00e9gendes tout au long de sa vie. L&rsquo;on retrouve cette \u00e9tude monumentale dans les <em>Contes inachev\u00e9s<\/em> (1980) et les 12 volumes de <em>L\u2019Histoire de la Terre du Milieu<\/em> (1983-1996). Ces livres contiennent de nombreux et souvent fascinants textes in\u00e9dits de J.R.R Tolkien, mais presque toujours et \u00e0 des degr\u00e9s divers sous une forme fragmentaire ou inachev\u00e9e.<\/p>\n<p>Dans la cr\u00e9ation de la Terre du Milieu, trois \u00ab Grands R\u00e9cits \u00bb ont acquis une importante consid\u00e9rable pour J.R.R. Tolkien : les histoires de <em>Beren &amp; L\u00fathien<\/em>, de <em>La Chute de Gondolin<\/em>, et <em>Les Enfants de H\u00farin<\/em>. Comme on pouvait s\u2019y attendre, ces trois r\u00e9cits existaient en plusieurs versions inachev\u00e9es, et portant la marque de tr\u00e8s nombreuses r\u00e9visions.<\/p>\n<p>Comme le couronnement de trente ann\u00e9es de travail sur les archives de son p\u00e8re, et en s&rsquo;appuyant sur les versions fragmentaires et condens\u00e9es de l\u2019histoire de T\u00farin des volumes de <em>L\u2019Histoire de la Terre du Milieu<\/em>, Christopher Tolkien a r\u00e9ussi \u00e0 en rassembler les nombreuses variantes, les tentatives inabouties, les esquisses, afin de produire une version compl\u00e8te, et ind\u00e9pendante. Elle ne contient aucun ajout, et s\u2019en tient \u00e0 l\u2019\u00e9criture originale de J.R.R. Tolkien.<\/p>\n<p>Ainsi, ce livre est destin\u00e9 \u00e0 la fois aux lecteurs connaissant bien Tolkien, comme une version nouvelle et compl\u00e8te de l\u2019histoire de T\u00farin ; et au lecteur moins familier des grands r\u00e9cits et de la mythologie qui se trouvent \u00e0 l\u2019arri\u00e8re-plan du <em>Seigneur des Anneaux<\/em>, comme un r\u00e9cit compl\u00e8tement nouveau ayant pour cadre la Terre du Milieu.<\/p>\n<p><em>Les Enfants de H\u00farin<\/em> entra\u00eene le lecteur dans un pass\u00e9 bien ant\u00e9rieur au <em>Seigneur des Anneaux<\/em>, dans une partie de la Terre du Milieu qui devait \u00eatre engloutie des milliers d\u2019ann\u00e9es avant m\u00eame que d\u00e9bute l\u2019histoire de l\u2019Anneau. A une \u00e9poque o\u00f9 l\u2019Ennemi \u00e9tait encore Morgoth, le Vala d\u00e9chu, et Sauron n\u2019\u00e9tait que son lieutenant.<\/p>\n<p>Ce romance de type h\u00e9ro\u00efque, raconte l\u2019histoire d\u2019un homme, H\u00farin, qui a os\u00e9 d\u00e9fier la puissance mal\u00e9fique de Morgoth et de sa famille au destin tragique. On suit les \u00e9preuves de son fils T\u00farin Turambar tout au long de son odyss\u00e9e dans les terres disparues du Beleriand.<\/p>\n<p>Le livre a \u00e9t\u00e9 publi\u00e9 en 2007, accompagn\u00e9 d&rsquo;illsutrations originales d&rsquo;Alan Lee ; il contient \u00e9galement une carte du Beleriand dessin\u00e9e par Christopher Tolkien, ainsi que ses notes de pr\u00e9sentation, dans les Appendices.<\/p>\n<p>[\/et_pb_text][\/et_pb_column][\/et_pb_row][\/et_pb_section]<\/p>\n","protected":false},"excerpt":{"rendered":"<p><span><span><a href=\"https:\/\/www.tolkienestate.com\/fr\/\">Home<\/a><\/span><\/span>\u00ab\u202fIl y a des contes en Terre du Milieu qui se passent bien avant Le Seigneur des Anneaux\u2026 Dans cette \u00e9poque lointaine, Morgoth, le premier Seigneur Sombre, vivait dans la grande forteresse d\u2019Angband, l\u2019Enfer d\u2019Acier, dans le Nord ; et la trag\u00e9die de T\u00farin et de sa soeur Ni\u00ebnor se d\u00e9roula sous l\u2019ombre de la [&hellip;]<\/p>\n","protected":false},"author":1,"featured_media":0,"parent":33808,"menu_order":0,"comment_status":"closed","ping_status":"closed","template":"","meta":{"_et_pb_use_builder":"on","_et_pb_old_content":"","_et_gb_content_width":"","footnotes":""},"class_list":["post-33853","page","type-page","status-publish","hentry"],"yoast_head":"<!-- This site is optimized with the Yoast SEO plugin v27.4 - https:\/\/yoast.com\/product\/yoast-seo-wordpress\/ -->\n<title>Les Enfants de H\u00farin - The Tolkien Estate<\/title>\n<meta name=\"robots\" content=\"index, follow, max-snippet:-1, max-image-preview:large, max-video-preview:-1\" \/>\n<link rel=\"canonical\" href=\"https:\/\/www.tolkienestate.com\/fr\/ecriture\/les-enfants-de-hurin\/\" \/>\n<meta property=\"og:locale\" content=\"fr_FR\" \/>\n<meta property=\"og:type\" content=\"article\" \/>\n<meta property=\"og:title\" content=\"Les Enfants de H\u00farin - The Tolkien Estate\" \/>\n<meta property=\"og:description\" content=\"\u00ab\u202fIl y a des contes en Terre du Milieu qui se passent bien avant Le Seigneur des Anneaux\u2026 Dans cette \u00e9poque lointaine, Morgoth, le premier Seigneur Sombre, vivait dans la grande forteresse d\u2019Angband, l\u2019Enfer d\u2019Acier, dans le Nord ; et la trag\u00e9die de T\u00farin et de sa soeur Ni\u00ebnor se d\u00e9roula sous l\u2019ombre de la [&hellip;]\" \/>\n<meta property=\"og:url\" content=\"https:\/\/www.tolkienestate.com\/fr\/ecriture\/les-enfants-de-hurin\/\" \/>\n<meta property=\"og:site_name\" content=\"The Tolkien Estate\" \/>\n<meta property=\"article:modified_time\" content=\"2023-10-16T15:33:00+00:00\" \/>\n<meta name=\"twitter:card\" content=\"summary_large_image\" \/>\n<meta name=\"twitter:label1\" content=\"Dur\u00e9e de lecture estim\u00e9e\" \/>\n\t<meta name=\"twitter:data1\" content=\"7 minutes\" \/>\n<script type=\"application\/ld+json\" class=\"yoast-schema-graph\">{\"@context\":\"https:\\\/\\\/schema.org\",\"@graph\":[{\"@type\":\"WebPage\",\"@id\":\"https:\\\/\\\/www.tolkienestate.com\\\/fr\\\/ecriture\\\/les-enfants-de-hurin\\\/\",\"url\":\"https:\\\/\\\/www.tolkienestate.com\\\/fr\\\/ecriture\\\/les-enfants-de-hurin\\\/\",\"name\":\"Les Enfants de H\u00farin - The Tolkien Estate\",\"isPartOf\":{\"@id\":\"https:\\\/\\\/www.tolkienestate.com\\\/#website\"},\"datePublished\":\"2020-09-11T13:29:37+00:00\",\"dateModified\":\"2023-10-16T15:33:00+00:00\",\"breadcrumb\":{\"@id\":\"https:\\\/\\\/www.tolkienestate.com\\\/fr\\\/ecriture\\\/les-enfants-de-hurin\\\/#breadcrumb\"},\"inLanguage\":\"fr-FR\",\"potentialAction\":[{\"@type\":\"ReadAction\",\"target\":[\"https:\\\/\\\/www.tolkienestate.com\\\/fr\\\/ecriture\\\/les-enfants-de-hurin\\\/\"]}]},{\"@type\":\"BreadcrumbList\",\"@id\":\"https:\\\/\\\/www.tolkienestate.com\\\/fr\\\/ecriture\\\/les-enfants-de-hurin\\\/#breadcrumb\",\"itemListElement\":[{\"@type\":\"ListItem\",\"position\":1,\"name\":\"Home\",\"item\":\"https:\\\/\\\/www.tolkienestate.com\\\/fr\\\/\"},{\"@type\":\"ListItem\",\"position\":2,\"name\":\"Ecriture\",\"item\":\"https:\\\/\\\/www.tolkienestate.com\\\/fr\\\/ecriture\\\/\"},{\"@type\":\"ListItem\",\"position\":3,\"name\":\"Les Enfants de H\u00farin\"}]},{\"@type\":\"WebSite\",\"@id\":\"https:\\\/\\\/www.tolkienestate.com\\\/#website\",\"url\":\"https:\\\/\\\/www.tolkienestate.com\\\/\",\"name\":\"The Tolkien Estate\",\"description\":\"\",\"potentialAction\":[{\"@type\":\"SearchAction\",\"target\":{\"@type\":\"EntryPoint\",\"urlTemplate\":\"https:\\\/\\\/www.tolkienestate.com\\\/?s={search_term_string}\"},\"query-input\":{\"@type\":\"PropertyValueSpecification\",\"valueRequired\":true,\"valueName\":\"search_term_string\"}}],\"inLanguage\":\"fr-FR\"}]}<\/script>\n<!-- \/ Yoast SEO plugin. -->","yoast_head_json":{"title":"Les Enfants de H\u00farin - The Tolkien Estate","robots":{"index":"index","follow":"follow","max-snippet":"max-snippet:-1","max-image-preview":"max-image-preview:large","max-video-preview":"max-video-preview:-1"},"canonical":"https:\/\/www.tolkienestate.com\/fr\/ecriture\/les-enfants-de-hurin\/","og_locale":"fr_FR","og_type":"article","og_title":"Les Enfants de H\u00farin - The Tolkien Estate","og_description":"\u00ab\u202fIl y a des contes en Terre du Milieu qui se passent bien avant Le Seigneur des Anneaux\u2026 Dans cette \u00e9poque lointaine, Morgoth, le premier Seigneur Sombre, vivait dans la grande forteresse d\u2019Angband, l\u2019Enfer d\u2019Acier, dans le Nord ; et la trag\u00e9die de T\u00farin et de sa soeur Ni\u00ebnor se d\u00e9roula sous l\u2019ombre de la [&hellip;]","og_url":"https:\/\/www.tolkienestate.com\/fr\/ecriture\/les-enfants-de-hurin\/","og_site_name":"The Tolkien Estate","article_modified_time":"2023-10-16T15:33:00+00:00","twitter_card":"summary_large_image","twitter_misc":{"Dur\u00e9e de lecture estim\u00e9e":"7 minutes"},"schema":{"@context":"https:\/\/schema.org","@graph":[{"@type":"WebPage","@id":"https:\/\/www.tolkienestate.com\/fr\/ecriture\/les-enfants-de-hurin\/","url":"https:\/\/www.tolkienestate.com\/fr\/ecriture\/les-enfants-de-hurin\/","name":"Les Enfants de H\u00farin - The Tolkien Estate","isPartOf":{"@id":"https:\/\/www.tolkienestate.com\/#website"},"datePublished":"2020-09-11T13:29:37+00:00","dateModified":"2023-10-16T15:33:00+00:00","breadcrumb":{"@id":"https:\/\/www.tolkienestate.com\/fr\/ecriture\/les-enfants-de-hurin\/#breadcrumb"},"inLanguage":"fr-FR","potentialAction":[{"@type":"ReadAction","target":["https:\/\/www.tolkienestate.com\/fr\/ecriture\/les-enfants-de-hurin\/"]}]},{"@type":"BreadcrumbList","@id":"https:\/\/www.tolkienestate.com\/fr\/ecriture\/les-enfants-de-hurin\/#breadcrumb","itemListElement":[{"@type":"ListItem","position":1,"name":"Home","item":"https:\/\/www.tolkienestate.com\/fr\/"},{"@type":"ListItem","position":2,"name":"Ecriture","item":"https:\/\/www.tolkienestate.com\/fr\/ecriture\/"},{"@type":"ListItem","position":3,"name":"Les Enfants de H\u00farin"}]},{"@type":"WebSite","@id":"https:\/\/www.tolkienestate.com\/#website","url":"https:\/\/www.tolkienestate.com\/","name":"The Tolkien Estate","description":"","potentialAction":[{"@type":"SearchAction","target":{"@type":"EntryPoint","urlTemplate":"https:\/\/www.tolkienestate.com\/?s={search_term_string}"},"query-input":{"@type":"PropertyValueSpecification","valueRequired":true,"valueName":"search_term_string"}}],"inLanguage":"fr-FR"}]}},"_links":{"self":[{"href":"https:\/\/www.tolkienestate.com\/fr\/wp-json\/wp\/v2\/pages\/33853","targetHints":{"allow":["GET"]}}],"collection":[{"href":"https:\/\/www.tolkienestate.com\/fr\/wp-json\/wp\/v2\/pages"}],"about":[{"href":"https:\/\/www.tolkienestate.com\/fr\/wp-json\/wp\/v2\/types\/page"}],"author":[{"embeddable":true,"href":"https:\/\/www.tolkienestate.com\/fr\/wp-json\/wp\/v2\/users\/1"}],"replies":[{"embeddable":true,"href":"https:\/\/www.tolkienestate.com\/fr\/wp-json\/wp\/v2\/comments?post=33853"}],"version-history":[{"count":0,"href":"https:\/\/www.tolkienestate.com\/fr\/wp-json\/wp\/v2\/pages\/33853\/revisions"}],"up":[{"embeddable":true,"href":"https:\/\/www.tolkienestate.com\/fr\/wp-json\/wp\/v2\/pages\/33808"}],"wp:attachment":[{"href":"https:\/\/www.tolkienestate.com\/fr\/wp-json\/wp\/v2\/media?parent=33853"}],"curies":[{"name":"wp","href":"https:\/\/api.w.org\/{rel}","templated":true}]}}