{"id":35234,"date":"2021-04-14T09:13:24","date_gmt":"2021-04-14T08:13:24","guid":{"rendered":"https:\/\/jrrtestate.wpengine.com\/ecriture\/maxime-hortense-pascal-reading-j-r-r-tolkien\/"},"modified":"2023-11-23T15:07:01","modified_gmt":"2023-11-23T15:07:01","slug":"lire-j-r-r-tolkien","status":"publish","type":"page","link":"https:\/\/www.tolkienestate.com\/fr\/ecriture\/lire-j-r-r-tolkien\/","title":{"rendered":"Maxime Hortense Pascal, Lire J.R.R. Tolkien"},"content":{"rendered":"<p>[et_pb_section fb_built=\u00a0\u00bb1&Prime; _builder_version=\u00a0\u00bb4.16&Prime; _module_preset=\u00a0\u00bbdefault\u00a0\u00bb background_color=\u00a0\u00bb#2f3534&Prime; custom_margin=\u00a0\u00bb||||false|false\u00a0\u00bb custom_padding=\u00a0\u00bb0px||0px||false|false\u00a0\u00bb animation_direction=\u00a0\u00bbtop\u00a0\u00bb border_width_bottom=\u00a0\u00bb1px\u00a0\u00bb border_color_bottom=\u00a0\u00bb#4e5956&Prime; saved_tabs=\u00a0\u00bball\u00a0\u00bb global_colors_info=\u00a0\u00bb{}\u00a0\u00bb][et_pb_row _builder_version=\u00a0\u00bb4.16&Prime; _module_preset=\u00a0\u00bbdefault\u00a0\u00bb custom_padding=\u00a0\u00bb20px||20px||false|false\u00a0\u00bb global_colors_info=\u00a0\u00bb{}\u00a0\u00bb][et_pb_column type=\u00a0\u00bb4_4&Prime; _builder_version=\u00a0\u00bb4.16&Prime; _module_preset=\u00a0\u00bbdefault\u00a0\u00bb global_colors_info=\u00a0\u00bb{}\u00a0\u00bb][et_pb_text module_class=\u00a0\u00bbyoastBC\u00a0\u00bb _builder_version=\u00a0\u00bb4.16&Prime; _module_preset=\u00a0\u00bbdefault\u00a0\u00bb text_font=\u00a0\u00bb|||on|||||\u00a0\u00bb text_text_color=\u00a0\u00bb#9f8d60&Prime; link_text_color=\u00a0\u00bb#9f8d60&Prime; text_orientation=\u00a0\u00bbcenter\u00a0\u00bb global_colors_info=\u00a0\u00bb{}\u00a0\u00bb]<span><span><a href=\"https:\/\/www.tolkienestate.com\/fr\/\">Home<\/a><\/span><\/span>[\/et_pb_text][\/et_pb_column][\/et_pb_row][\/et_pb_section][et_pb_section fb_built=\u00a0\u00bb1&Prime; custom_padding_last_edited=\u00a0\u00bbon|phone\u00a0\u00bb _builder_version=\u00a0\u00bb4.16&Prime; _module_preset=\u00a0\u00bbdefault\u00a0\u00bb background_color=\u00a0\u00bb#2f3534&Prime; background_enable_image=\u00a0\u00bboff\u00a0\u00bb custom_padding=\u00a0\u00bb100px||100px||false|false\u00a0\u00bb custom_padding_tablet=\u00a0\u00bb\u00a0\u00bb custom_padding_phone=\u00a0\u00bb100px||100px||false|false\u00a0\u00bb locked=\u00a0\u00bboff\u00a0\u00bb global_colors_info=\u00a0\u00bb{}\u00a0\u00bb][et_pb_row _builder_version=\u00a0\u00bb4.16&Prime; _module_preset=\u00a0\u00bbdefault\u00a0\u00bb global_colors_info=\u00a0\u00bb{}\u00a0\u00bb][et_pb_column type=\u00a0\u00bb4_4&Prime; _builder_version=\u00a0\u00bb4.16&Prime; _module_preset=\u00a0\u00bbdefault\u00a0\u00bb global_colors_info=\u00a0\u00bb{}\u00a0\u00bb][et_pb_text _builder_version=\u00a0\u00bb4.16&Prime; _dynamic_attributes=\u00a0\u00bbcontent\u00a0\u00bb _module_preset=\u00a0\u00bbdefault\u00a0\u00bb header_text_align=\u00a0\u00bbcenter\u00a0\u00bb header_text_color=\u00a0\u00bb#ffffff\u00a0\u00bb header_font_size=\u00a0\u00bb60px\u00a0\u00bb header_letter_spacing=\u00a0\u00bb15px\u00a0\u00bb module_alignment=\u00a0\u00bbcenter\u00a0\u00bb header_font_size_tablet=\u00a0\u00bb40px\u00a0\u00bb header_font_size_phone=\u00a0\u00bb\u00a0\u00bb header_font_size_last_edited=\u00a0\u00bbon|tablet\u00a0\u00bb header_letter_spacing_tablet=\u00a0\u00bb1px\u00a0\u00bb header_letter_spacing_phone=\u00a0\u00bb\u00a0\u00bb header_letter_spacing_last_edited=\u00a0\u00bbon|tablet\u00a0\u00bb global_colors_info=\u00a0\u00bb{}\u00a0\u00bb]@ET-DC@eyJkeW5hbWljIjp0cnVlLCJjb250ZW50IjoicG9zdF90aXRsZSIsInNldHRpbmdzIjp7ImJlZm9yZSI6IjxoMT4iLCJhZnRlciI6IjwvaDE+In19@[\/et_pb_text][\/et_pb_column][\/et_pb_row][\/et_pb_section][et_pb_section fb_built=\u00a0\u00bb1&Prime; _builder_version=\u00a0\u00bb4.16&Prime; _module_preset=\u00a0\u00bbdefault\u00a0\u00bb background_color=\u00a0\u00bb#f7f7f1&Prime; global_colors_info=\u00a0\u00bb{}\u00a0\u00bb][et_pb_row _builder_version=\u00a0\u00bb4.16&Prime; _module_preset=\u00a0\u00bbdefault\u00a0\u00bb global_colors_info=\u00a0\u00bb{}\u00a0\u00bb][et_pb_column type=\u00a0\u00bb4_4&Prime; _builder_version=\u00a0\u00bb4.16&Prime; _module_preset=\u00a0\u00bbdefault\u00a0\u00bb global_colors_info=\u00a0\u00bb{}\u00a0\u00bb][et_pb_text _builder_version=\u00a0\u00bb4.22.2&Prime; text_font_size=\u00a0\u00bb20px\u00a0\u00bb text_line_height=\u00a0\u00bb1.6em\u00a0\u00bb link_text_color=\u00a0\u00bb#9f8d60&Prime; width=\u00a0\u00bb66%\u00a0\u00bb width_tablet=\u00a0\u00bb100%\u00a0\u00bb width_phone=\u00a0\u00bb\u00a0\u00bb width_last_edited=\u00a0\u00bbon|tablet\u00a0\u00bb module_alignment=\u00a0\u00bbcenter\u00a0\u00bb animation_style=\u00a0\u00bbfade\u00a0\u00bb animation_duration=\u00a0\u00bb1500ms\u00a0\u00bb hover_enabled=\u00a0\u00bb0&Prime; locked=\u00a0\u00bboff\u00a0\u00bb global_colors_info=\u00a0\u00bb{}\u00a0\u00bb sticky_enabled=\u00a0\u00bb0&Prime;]<\/p>\n<p>Maxime Hortense Pascal, romancier et po\u00e8te, pr\u00e9sente une interpr\u00e9tation personnelle et po\u00e9tique de l\u2019effet profond de l\u2019\u0153uvre de J. R. R. Tolkien sur le lecteur ; mettant en lumi\u00e8re de mani\u00e8re indirecte le rapport des lecteurs \u00e0 l\u2019acte de lire, des \u00e9crivains \u00e0 l\u2019acte d\u2019\u00e9crire.<\/p>\n<p>[\/et_pb_text][\/et_pb_column][\/et_pb_row][\/et_pb_section][et_pb_section fb_built=\u00a0\u00bb1&Prime; _builder_version=\u00a0\u00bb4.16&Prime; _module_preset=\u00a0\u00bbdefault\u00a0\u00bb global_colors_info=\u00a0\u00bb{}\u00a0\u00bb][et_pb_row _builder_version=\u00a0\u00bb4.16&Prime; locked=\u00a0\u00bboff\u00a0\u00bb global_colors_info=\u00a0\u00bb{}\u00a0\u00bb][et_pb_column type=\u00a0\u00bb4_4&Prime; _builder_version=\u00a0\u00bb4.16&Prime; global_colors_info=\u00a0\u00bb{}\u00a0\u00bb][et_pb_text quote_border_weight=\u00a0\u00bb4px\u00a0\u00bb quote_border_color=\u00a0\u00bb#9f8d60&Prime; _builder_version=\u00a0\u00bb4.16&Prime; text_line_height=\u00a0\u00bb1.9em\u00a0\u00bb link_text_color=\u00a0\u00bb#9f8d60&Prime; quote_font=\u00a0\u00bb||on||||||\u00a0\u00bb header_font=\u00a0\u00bb||||||||\u00a0\u00bb header_text_color=\u00a0\u00bb#000000&Prime; header_3_font=\u00a0\u00bbPT Serif|700|||||||\u00a0\u00bb header_3_text_color=\u00a0\u00bb#000000&Prime; width=\u00a0\u00bb66%\u00a0\u00bb width_tablet=\u00a0\u00bb100%\u00a0\u00bb width_phone=\u00a0\u00bb\u00a0\u00bb width_last_edited=\u00a0\u00bbon|tablet\u00a0\u00bb module_alignment=\u00a0\u00bbcenter\u00a0\u00bb animation_style=\u00a0\u00bbfade\u00a0\u00bb animation_duration=\u00a0\u00bb1500ms\u00a0\u00bb global_colors_info=\u00a0\u00bb{}\u00a0\u00bb]<\/p>\n<p>Lire J.R.R. Tolkien, c\u2019est se mettre en mouvement.<br \/>C\u2019est vivre l\u2019exp\u00e9rience troublante d\u2019emprunter un chemin de traverse presque \u00e0 son insu, sans conna\u00eetre qu\u2019il est une route qui am\u00e8ne au loin ou au profond. Et sans doute les deux.<br \/>Les livres s\u2019ouvrent lentement.<br \/>Ils\u00a0 prennent le temps d\u2019arpenter les d\u00e9buts.<br \/>Comment cela a commenc\u00e9 ?<br \/>Il y eut un Premier.<br \/>Il donna la musique,<br \/>la lumi\u00e8re dans les joyaux,<br \/>dans les yeux des Premiers-N\u00e9s.<br \/>Un Hobbit fume une pipe dans son trou,<br \/>Les f\u00eates d\u2019anniversaires d\u00e9ploient malices et artifices&#8230;<\/p>\n<p>On croit lire, on croit pouvoir s\u2019installer, alors que des racines poussent d\u00e9j\u00e0, se soul\u00e8vent et bougent de toutes parts. Le vent dans la langue les anime, nous saisit, nous emporte.<br \/>Au d\u00e9part de la route, la premi\u00e8re collision est celle du langage. C\u2019est la premi\u00e8re mati\u00e8re, la rencontre imm\u00e9diate, l\u2019\u00e9nigme qui pr\u00e9c\u00e8de toutes les autres.<br \/>Dans la litt\u00e9rature de J.R.R. Tolkien, je n\u2019ai pas lu d\u2019histoire sem\u00e9e de h\u00e9ros.<br \/>J\u2019ai entendu sonner des noms.<br \/>Ces noms appellent \u00e0 l\u2019existence les protagonistes qui dressent une cosmogonie o\u00f9 s\u2019ouvre le d\u00e9roulement de leurs exploits, leurs tourments, leurs r\u00e9cits.<\/p>\n<p>L\u2019\u00e9criture est pos\u00e9e dans son axe cr\u00e9ateur essentiel : elle nomme, ensuite elle r\u00e9v\u00e8le.<\/p>\n<p>Donc, les noms. Deuxi\u00e8me \u00e9nigme.<br \/>Avant le personnage, sa pr\u00e9sence sonore.<br \/>Avant le Porteur de l\u2019Anneau, chacun est porteur de son nom, investi de la mesure et du pouvoir de d\u00e9plier une coh\u00e9rence propre dont les incidences contenues infl\u00e9chiront le cours de son devenir et le destin du monde. Qu\u2019il advienne une alt\u00e9ration, que l\u2019ombre l\u2019atteigne ou une lueur l\u2019\u00e9claire, le nom tombera, effac\u00e9, pour \u00eatre relev\u00e9 diff\u00e9rent, toujours au plus pr\u00e9cis.<\/p>\n<p>Dans cette \u0153uvre, les noms aussi sont en marche.<br \/>Qu\u2019ils aient fait irruption sur une feuille de papier, qu\u2019ils aient \u00e9t\u00e9 longuement m\u00fbris dans le terreau de l\u2019esprit ou travaill\u00e9s dans la forge des langages, les noms manifestent la verticalit\u00e9 du vrai. Leur justesse foudroie d\u2019\u00e9vidence l\u2019\u00e9criture de Tolkien. De tous, il \u00e9mane une harmonie linguistique d\u00e9nu\u00e9e d\u2019\u00e9quivoque.<br \/>Non d\u2019\u00e9vocation.<br \/>Leurs sonorit\u00e9s peuvent \u00eatre compos\u00e9es de bienveillance, de majest\u00e9, d\u2019ambig\u00fcit\u00e9s, de terreur. Ils \u00e9veillent une lecture sensorielle.<\/p>\n<p>Lire J.R.R.Tolkien, c\u2019est \u00eatre pris dans l\u2019apprentissage d\u2018\u00e9couter et de voir autrement.<br \/>Une note pour le c\u0153ur, une pour l\u2019\u00e9lan d\u2019aventure, une pour le myst\u00e8re, une autre pour les entrailles, la peur, le courage, la col\u00e8re, quelques-unes pour les larmes, d\u2019autres pour les pieds qui s\u2019en vont marcher.<\/p>\n<p>Harmonieuse ou bris\u00e9e, la musique, souterraine dans la langue, perdure. Ses soupirs, ses accords, ses dissonances soul\u00e8vent des images inhabituelles et pourtant famili\u00e8res. Le monde commence, la Catastrophe s\u2019\u00e9branle, aller et retour. La Catastrophe est perpendiculaire au monde. \u00c0 son point d\u2019impact, Tolkien a \u00e9crit.<br \/>Feuillets apr\u00e8s feuillets, ramilles apr\u00e8s branches, cailloux apr\u00e8s rochers, la m\u00e9moire po\u00e9tique de J.R.R. Tolkien s\u2019est souvenue du mythe, des chants archa\u00efques et les a renouvel\u00e9s par son \u00e9criture de source.<br \/>La beaut\u00e9 des Choses Simples, un seul ne peut la poss\u00e9der.<\/p>\n<p>Cette musique \u00e9parpill\u00e9e dans les langages amplifie les r\u00e9sonnances. Elle diss\u00e9mine ses \u00e9chos dans l\u2019intimit\u00e9 secr\u00e8te de chacun d\u2019eux. Rocailleux pour les Nains, t\u00e9nus pour les Successeurs, concass\u00e9s sous l\u2019ombre du Mordor, en mode majeur pour les Elfes. Toutes les variations sont soutenues par la basse continue du sentiment de nostalgie.<\/p>\n<p>Les langues elfiques se souviennent d\u2019un \u00c2ge d\u2019alliance entre le monde et les \u00eatres du monde. Elles vibrent et bruissent des souffles circulant dans les feuillages, elles courent sur les prairies, les voix des rivi\u00e8res, la respiration des rivages, l\u2019apn\u00e9e des cr\u00e9puscules et des silences d\u00e9ploy\u00e9s dans les lumi\u00e8res inalt\u00e9rables des \u00e9toiles.<br \/>Elles ne peuvent oublier les chansons des choses avant leurs chutes.<br \/>Les langues cr\u00e9\u00e9es par J.R.R. Tolkien sont les m\u00e9taphores spirituelles de la perte et du manque.<\/p>\n<p>Alors se mettre en route, \u00e0 une heure ordinaire d\u2019un jour sans importance.<br \/>L\u2019horizon est devant, c\u2019est une certitude.<br \/>L\u2019atteindre est sans question,<br \/>quand on sait d\u2019o\u00f9 l\u2019on part.<br \/>Ils le savent. Tous.<br \/>Ceux qui ont \u00e9t\u00e9 appel\u00e9s et vont fa\u00e7onner la travers\u00e9e des livres.<br \/>Les langages sont leurs fondations.<br \/>Les paysages dessinent leurs havres, leurs recours.<br \/>Les lign\u00e9es g\u00e9n\u00e9alogiques forment leurs premiers arbres.<br \/>La Terre est au Milieu.<br \/>Valinor est \u00e0 l\u2019Ouest.<br \/>Le Nord fut pour Morgoth, puis<br \/>L\u2019Est glissa sous les T\u00e9n\u00e8bres<br \/>Le Sud reste incertain.<br \/>G\u00e9ographie mobile o\u00f9 les Elfes se d\u00e9placent, fondent leurs lieux ressources, refluent et se replient. Leur fluidit\u00e9 est au c\u0153ur de la mati\u00e8re subtile des textes. C\u2019est ainsi qu\u2019ils respirent.<br \/>Tous les Orients sont inscrits, la marche peut commencer.<br \/>Un pas sur le sol, un pas vers l\u2019int\u00e9riorit\u00e9. Les sentiers cach\u00e9s n\u2019attendent qu\u2019\u00e0 \u00eatre parcourus. Il n\u2019y a de Qu\u00eate que de soi.<\/p>\n<p>Le monde a \u00e9t\u00e9 courb\u00e9.<br \/>Sa transversalit\u00e9 est demeur\u00e9e<br \/>intacte.<br \/>Par la gr\u00e2ce d\u2019une \u00e9criture pass\u00e9e sous l\u2019apparence banale de la r\u00e9alit\u00e9.<br \/>Entre les lignes, entre les mots, entre ombres et lumi\u00e8res, \u00e0 l\u2019aplomb d\u2019un nuage, sous le scintillement d\u2019une \u00e9toile, entre feuilles de papier et feuilles chut\u00e9es de la Vieille For\u00eat,\u00a0 la Route, qui a \u00e9t\u00e9 perdue, subsiste.<br \/>M\u00e9ridien secret,<br \/>Irriguant les pas des marcheurs,<br \/>Tous ceux qui cherchent, qui errent et ne s\u2019\u00e9garent plus.<\/p>\n<p>Il y avait un enfant.<br \/>Il se demandait ce qui vivait \u00e0 l\u2019int\u00e9rieur des noms ga\u00e9liques \u00e9crits sur les wagons sifflant la voix du chemin de fer.<br \/>Il y avait un jeune homme.<br \/>Il interrogeait les mots qui venaient des pages d\u2019un volume scandant une sagesse du nord. \u00a0<br \/>Puis il \u00e9couta tous les imperceptibles, les mots qui venaient \u00e0 lui remplis des sons plats de la brume, et les autres, empreints de l\u2019haleine d\u2019arbres tr\u00e8s anciens o\u00f9 se chuchotent les murmures fragment\u00e9s des royaumes perdus, la plainte des choses inconsol\u00e9es, la brisure des traces interrompues, les bribes presque inaudibles \u00e0 tout autre que J.R.R Tolkien se tenant veilleur attentif \u00e0 les recueillir tous, avec leurs cort\u00e8ges d\u2019histoires et de chants avan\u00e7ant autour d\u2019eux.<\/p>\n<p>Il y\u00a0 avait un homme<br \/>Il entendait le bruit de l\u2019absence<br \/>Il ne le remplissait pas<br \/>Il \u00e9coutait<br \/>Ce qui n\u2019avait pas \u00e9t\u00e9 dit<br \/>Et resterait inachev\u00e9<\/p>\n<p>[\/et_pb_text][\/et_pb_column][\/et_pb_row][\/et_pb_section]<\/p>\n","protected":false},"excerpt":{"rendered":"<p><span><span><a href=\"https:\/\/www.tolkienestate.com\/fr\/\">Home<\/a><\/span><\/span>Maxime Hortense Pascal, romancier et po\u00e8te, pr\u00e9sente une interpr\u00e9tation personnelle et po\u00e9tique de l\u2019effet profond de l\u2019\u0153uvre de J. R. R. Tolkien sur le lecteur ; mettant en lumi\u00e8re de mani\u00e8re indirecte le rapport des lecteurs \u00e0 l\u2019acte de lire, des \u00e9crivains \u00e0 l\u2019acte d\u2019\u00e9crire.Lire J.R.R. Tolkien, c\u2019est se mettre en mouvement.C\u2019est vivre l\u2019exp\u00e9rience troublante [&hellip;]<\/p>\n","protected":false},"author":1,"featured_media":0,"parent":33808,"menu_order":0,"comment_status":"closed","ping_status":"closed","template":"","meta":{"_et_pb_use_builder":"on","_et_pb_old_content":"","_et_gb_content_width":"","footnotes":""},"class_list":["post-35234","page","type-page","status-publish","hentry"],"yoast_head":"<!-- This site is optimized with the Yoast SEO plugin v27.3 - https:\/\/yoast.com\/product\/yoast-seo-wordpress\/ -->\n<title>Maxime Hortense Pascal, Lire J.R.R. Tolkien - The Tolkien Estate<\/title>\n<meta name=\"robots\" content=\"index, follow, max-snippet:-1, max-image-preview:large, max-video-preview:-1\" \/>\n<link rel=\"canonical\" href=\"https:\/\/www.tolkienestate.com\/fr\/ecriture\/lire-j-r-r-tolkien\/\" \/>\n<meta property=\"og:locale\" content=\"fr_FR\" \/>\n<meta property=\"og:type\" content=\"article\" \/>\n<meta property=\"og:title\" content=\"Maxime Hortense Pascal, Lire J.R.R. Tolkien - The Tolkien Estate\" \/>\n<meta property=\"og:description\" content=\"Maxime Hortense Pascal, romancier et po\u00e8te, pr\u00e9sente une interpr\u00e9tation personnelle et po\u00e9tique de l\u2019effet profond de l\u2019\u0153uvre de J. R. R. Tolkien sur le lecteur ; mettant en lumi\u00e8re de mani\u00e8re indirecte le rapport des lecteurs \u00e0 l\u2019acte de lire, des \u00e9crivains \u00e0 l\u2019acte d\u2019\u00e9crire.Lire J.R.R. Tolkien, c\u2019est se mettre en mouvement.C\u2019est vivre l\u2019exp\u00e9rience troublante [&hellip;]\" \/>\n<meta property=\"og:url\" content=\"https:\/\/www.tolkienestate.com\/fr\/ecriture\/lire-j-r-r-tolkien\/\" \/>\n<meta property=\"og:site_name\" content=\"The Tolkien Estate\" \/>\n<meta property=\"article:modified_time\" content=\"2023-11-23T15:07:01+00:00\" \/>\n<meta name=\"twitter:card\" content=\"summary_large_image\" \/>\n<meta name=\"twitter:label1\" content=\"Dur\u00e9e de lecture estim\u00e9e\" \/>\n\t<meta name=\"twitter:data1\" content=\"8 minutes\" \/>\n<script type=\"application\/ld+json\" class=\"yoast-schema-graph\">{\"@context\":\"https:\\\/\\\/schema.org\",\"@graph\":[{\"@type\":\"WebPage\",\"@id\":\"https:\\\/\\\/www.tolkienestate.com\\\/fr\\\/ecriture\\\/lire-j-r-r-tolkien\\\/\",\"url\":\"https:\\\/\\\/www.tolkienestate.com\\\/fr\\\/ecriture\\\/lire-j-r-r-tolkien\\\/\",\"name\":\"Maxime Hortense Pascal, Lire J.R.R. Tolkien - The Tolkien Estate\",\"isPartOf\":{\"@id\":\"https:\\\/\\\/www.tolkienestate.com\\\/#website\"},\"datePublished\":\"2021-04-14T08:13:24+00:00\",\"dateModified\":\"2023-11-23T15:07:01+00:00\",\"breadcrumb\":{\"@id\":\"https:\\\/\\\/www.tolkienestate.com\\\/fr\\\/ecriture\\\/lire-j-r-r-tolkien\\\/#breadcrumb\"},\"inLanguage\":\"fr-FR\",\"potentialAction\":[{\"@type\":\"ReadAction\",\"target\":[\"https:\\\/\\\/www.tolkienestate.com\\\/fr\\\/ecriture\\\/lire-j-r-r-tolkien\\\/\"]}]},{\"@type\":\"BreadcrumbList\",\"@id\":\"https:\\\/\\\/www.tolkienestate.com\\\/fr\\\/ecriture\\\/lire-j-r-r-tolkien\\\/#breadcrumb\",\"itemListElement\":[{\"@type\":\"ListItem\",\"position\":1,\"name\":\"Home\",\"item\":\"https:\\\/\\\/www.tolkienestate.com\\\/fr\\\/\"},{\"@type\":\"ListItem\",\"position\":2,\"name\":\"Ecriture\",\"item\":\"https:\\\/\\\/www.tolkienestate.com\\\/fr\\\/ecriture\\\/\"},{\"@type\":\"ListItem\",\"position\":3,\"name\":\"Maxime Hortense Pascal, Lire J.R.R. Tolkien\"}]},{\"@type\":\"WebSite\",\"@id\":\"https:\\\/\\\/www.tolkienestate.com\\\/#website\",\"url\":\"https:\\\/\\\/www.tolkienestate.com\\\/\",\"name\":\"The Tolkien Estate\",\"description\":\"\",\"potentialAction\":[{\"@type\":\"SearchAction\",\"target\":{\"@type\":\"EntryPoint\",\"urlTemplate\":\"https:\\\/\\\/www.tolkienestate.com\\\/?s={search_term_string}\"},\"query-input\":{\"@type\":\"PropertyValueSpecification\",\"valueRequired\":true,\"valueName\":\"search_term_string\"}}],\"inLanguage\":\"fr-FR\"}]}<\/script>\n<!-- \/ Yoast SEO plugin. -->","yoast_head_json":{"title":"Maxime Hortense Pascal, Lire J.R.R. Tolkien - The Tolkien Estate","robots":{"index":"index","follow":"follow","max-snippet":"max-snippet:-1","max-image-preview":"max-image-preview:large","max-video-preview":"max-video-preview:-1"},"canonical":"https:\/\/www.tolkienestate.com\/fr\/ecriture\/lire-j-r-r-tolkien\/","og_locale":"fr_FR","og_type":"article","og_title":"Maxime Hortense Pascal, Lire J.R.R. Tolkien - The Tolkien Estate","og_description":"Maxime Hortense Pascal, romancier et po\u00e8te, pr\u00e9sente une interpr\u00e9tation personnelle et po\u00e9tique de l\u2019effet profond de l\u2019\u0153uvre de J. R. R. Tolkien sur le lecteur ; mettant en lumi\u00e8re de mani\u00e8re indirecte le rapport des lecteurs \u00e0 l\u2019acte de lire, des \u00e9crivains \u00e0 l\u2019acte d\u2019\u00e9crire.Lire J.R.R. Tolkien, c\u2019est se mettre en mouvement.C\u2019est vivre l\u2019exp\u00e9rience troublante [&hellip;]","og_url":"https:\/\/www.tolkienestate.com\/fr\/ecriture\/lire-j-r-r-tolkien\/","og_site_name":"The Tolkien Estate","article_modified_time":"2023-11-23T15:07:01+00:00","twitter_card":"summary_large_image","twitter_misc":{"Dur\u00e9e de lecture estim\u00e9e":"8 minutes"},"schema":{"@context":"https:\/\/schema.org","@graph":[{"@type":"WebPage","@id":"https:\/\/www.tolkienestate.com\/fr\/ecriture\/lire-j-r-r-tolkien\/","url":"https:\/\/www.tolkienestate.com\/fr\/ecriture\/lire-j-r-r-tolkien\/","name":"Maxime Hortense Pascal, Lire J.R.R. Tolkien - The Tolkien Estate","isPartOf":{"@id":"https:\/\/www.tolkienestate.com\/#website"},"datePublished":"2021-04-14T08:13:24+00:00","dateModified":"2023-11-23T15:07:01+00:00","breadcrumb":{"@id":"https:\/\/www.tolkienestate.com\/fr\/ecriture\/lire-j-r-r-tolkien\/#breadcrumb"},"inLanguage":"fr-FR","potentialAction":[{"@type":"ReadAction","target":["https:\/\/www.tolkienestate.com\/fr\/ecriture\/lire-j-r-r-tolkien\/"]}]},{"@type":"BreadcrumbList","@id":"https:\/\/www.tolkienestate.com\/fr\/ecriture\/lire-j-r-r-tolkien\/#breadcrumb","itemListElement":[{"@type":"ListItem","position":1,"name":"Home","item":"https:\/\/www.tolkienestate.com\/fr\/"},{"@type":"ListItem","position":2,"name":"Ecriture","item":"https:\/\/www.tolkienestate.com\/fr\/ecriture\/"},{"@type":"ListItem","position":3,"name":"Maxime Hortense Pascal, Lire J.R.R. Tolkien"}]},{"@type":"WebSite","@id":"https:\/\/www.tolkienestate.com\/#website","url":"https:\/\/www.tolkienestate.com\/","name":"The Tolkien Estate","description":"","potentialAction":[{"@type":"SearchAction","target":{"@type":"EntryPoint","urlTemplate":"https:\/\/www.tolkienestate.com\/?s={search_term_string}"},"query-input":{"@type":"PropertyValueSpecification","valueRequired":true,"valueName":"search_term_string"}}],"inLanguage":"fr-FR"}]}},"_links":{"self":[{"href":"https:\/\/www.tolkienestate.com\/fr\/wp-json\/wp\/v2\/pages\/35234","targetHints":{"allow":["GET"]}}],"collection":[{"href":"https:\/\/www.tolkienestate.com\/fr\/wp-json\/wp\/v2\/pages"}],"about":[{"href":"https:\/\/www.tolkienestate.com\/fr\/wp-json\/wp\/v2\/types\/page"}],"author":[{"embeddable":true,"href":"https:\/\/www.tolkienestate.com\/fr\/wp-json\/wp\/v2\/users\/1"}],"replies":[{"embeddable":true,"href":"https:\/\/www.tolkienestate.com\/fr\/wp-json\/wp\/v2\/comments?post=35234"}],"version-history":[{"count":0,"href":"https:\/\/www.tolkienestate.com\/fr\/wp-json\/wp\/v2\/pages\/35234\/revisions"}],"up":[{"embeddable":true,"href":"https:\/\/www.tolkienestate.com\/fr\/wp-json\/wp\/v2\/pages\/33808"}],"wp:attachment":[{"href":"https:\/\/www.tolkienestate.com\/fr\/wp-json\/wp\/v2\/media?parent=35234"}],"curies":[{"name":"wp","href":"https:\/\/api.w.org\/{rel}","templated":true}]}}