{"id":35454,"date":"2020-11-26T19:09:03","date_gmt":"2020-11-26T19:09:03","guid":{"rendered":"https:\/\/jrrtestate.wpengine.com\/lettres\/letter-to-his-son-christopher-30-jan-1945\/"},"modified":"2023-11-27T23:07:41","modified_gmt":"2023-11-27T23:07:41","slug":"lettre-a-christopher-tolkien-son-fils-30-janvier-1945","status":"publish","type":"page","link":"https:\/\/www.tolkienestate.com\/fr\/lettres\/lettre-a-christopher-tolkien-son-fils-30-janvier-1945\/","title":{"rendered":"Lettre \u00e0 Christopher Tolkien, son fils, 30 Janvier 1945"},"content":{"rendered":"<p>[et_pb_section fb_built=\u00a0\u00bb1&Prime; _builder_version=\u00a0\u00bb4.16&Prime; _module_preset=\u00a0\u00bbdefault\u00a0\u00bb background_color=\u00a0\u00bb#2f3534&Prime; custom_margin=\u00a0\u00bb||||false|false\u00a0\u00bb custom_padding=\u00a0\u00bb0px||0px||false|false\u00a0\u00bb animation_direction=\u00a0\u00bbtop\u00a0\u00bb border_width_bottom=\u00a0\u00bb1px\u00a0\u00bb border_color_bottom=\u00a0\u00bb#4e5956&Prime; saved_tabs=\u00a0\u00bball\u00a0\u00bb global_colors_info=\u00a0\u00bb{}\u00a0\u00bb][et_pb_row _builder_version=\u00a0\u00bb4.16&Prime; _module_preset=\u00a0\u00bbdefault\u00a0\u00bb custom_padding=\u00a0\u00bb20px||20px||false|false\u00a0\u00bb global_colors_info=\u00a0\u00bb{}\u00a0\u00bb][et_pb_column type=\u00a0\u00bb4_4&Prime; _builder_version=\u00a0\u00bb4.16&Prime; _module_preset=\u00a0\u00bbdefault\u00a0\u00bb global_colors_info=\u00a0\u00bb{}\u00a0\u00bb][et_pb_text module_class=\u00a0\u00bbyoastBC\u00a0\u00bb _builder_version=\u00a0\u00bb4.16&Prime; _module_preset=\u00a0\u00bbdefault\u00a0\u00bb text_font=\u00a0\u00bb|||on|||||\u00a0\u00bb text_text_color=\u00a0\u00bb#9f8d60&Prime; link_text_color=\u00a0\u00bb#9f8d60&Prime; text_orientation=\u00a0\u00bbcenter\u00a0\u00bb global_colors_info=\u00a0\u00bb{}\u00a0\u00bb]<span><span><a href=\"https:\/\/www.tolkienestate.com\/fr\/\">Home<\/a><\/span><\/span>[\/et_pb_text][\/et_pb_column][\/et_pb_row][\/et_pb_section][et_pb_section fb_built=\u00a0\u00bb1&Prime; _builder_version=\u00a0\u00bb4.16&Prime; _module_preset=\u00a0\u00bbdefault\u00a0\u00bb background_color=\u00a0\u00bb#383e3c\u00a0\u00bb background_enable_image=\u00a0\u00bboff\u00a0\u00bb custom_padding=\u00a0\u00bb50px||50px||false|false\u00a0\u00bb global_colors_info=\u00a0\u00bb{}\u00a0\u00bb][et_pb_row _builder_version=\u00a0\u00bb4.16&Prime; _module_preset=\u00a0\u00bbdefault\u00a0\u00bb global_colors_info=\u00a0\u00bb{}\u00a0\u00bb][et_pb_column type=\u00a0\u00bb4_4&Prime; _builder_version=\u00a0\u00bb4.16&Prime; _module_preset=\u00a0\u00bbdefault\u00a0\u00bb global_colors_info=\u00a0\u00bb{}\u00a0\u00bb][et_pb_text _builder_version=\u00a0\u00bb4.16&Prime; _dynamic_attributes=\u00a0\u00bbcontent\u00a0\u00bb _module_preset=\u00a0\u00bbdefault\u00a0\u00bb header_text_align=\u00a0\u00bbcenter\u00a0\u00bb header_text_color=\u00a0\u00bb#ffffff\u00a0\u00bb header_font_size=\u00a0\u00bb60px\u00a0\u00bb header_letter_spacing=\u00a0\u00bb8px\u00a0\u00bb width=\u00a0\u00bb72%\u00a0\u00bb module_alignment=\u00a0\u00bbcenter\u00a0\u00bb header_font_size_tablet=\u00a0\u00bb40px\u00a0\u00bb header_font_size_phone=\u00a0\u00bb35px\u00a0\u00bb header_font_size_last_edited=\u00a0\u00bbon|tablet\u00a0\u00bb header_letter_spacing_tablet=\u00a0\u00bb1px\u00a0\u00bb header_letter_spacing_phone=\u00a0\u00bb\u00a0\u00bb header_letter_spacing_last_edited=\u00a0\u00bbon|tablet\u00a0\u00bb global_colors_info=\u00a0\u00bb{}\u00a0\u00bb]@ET-DC@eyJkeW5hbWljIjp0cnVlLCJjb250ZW50IjoicG9zdF90aXRsZSIsInNldHRpbmdzIjp7ImJlZm9yZSI6IjxoMT4iLCJhZnRlciI6IjwvaDE+In19@[\/et_pb_text][\/et_pb_column][\/et_pb_row][\/et_pb_section][et_pb_section fb_built=\u00a0\u00bb1&Prime; _builder_version=\u00a0\u00bb4.16&Prime; _module_preset=\u00a0\u00bbdefault\u00a0\u00bb background_color=\u00a0\u00bb#f7f7f1&Prime; global_colors_info=\u00a0\u00bb{}\u00a0\u00bb][et_pb_row _builder_version=\u00a0\u00bb4.16&Prime; _module_preset=\u00a0\u00bbdefault\u00a0\u00bb global_colors_info=\u00a0\u00bb{}\u00a0\u00bb][et_pb_column type=\u00a0\u00bb4_4&Prime; _builder_version=\u00a0\u00bb4.16&Prime; _module_preset=\u00a0\u00bbdefault\u00a0\u00bb global_colors_info=\u00a0\u00bb{}\u00a0\u00bb][et_pb_text _builder_version=\u00a0\u00bb4.22.2&Prime; text_font_size=\u00a0\u00bb20px\u00a0\u00bb text_line_height=\u00a0\u00bb1.6em\u00a0\u00bb link_text_color=\u00a0\u00bb#9f8d60&Prime; width=\u00a0\u00bb66%\u00a0\u00bb width_tablet=\u00a0\u00bb100%\u00a0\u00bb width_phone=\u00a0\u00bb\u00a0\u00bb width_last_edited=\u00a0\u00bbon|tablet\u00a0\u00bb module_alignment=\u00a0\u00bbcenter\u00a0\u00bb animation_style=\u00a0\u00bbfade\u00a0\u00bb animation_duration=\u00a0\u00bb1500ms\u00a0\u00bb locked=\u00a0\u00bboff\u00a0\u00bb global_colors_info=\u00a0\u00bb{}\u00a0\u00bb]<\/p>\n<p>\u00ab Donc la premi\u00e8re Guerre des Machines semble toucher \u00e0 son dernier chapitre, sans conclusion \u2014 en laissant, h\u00e9las, tout le monde plus pauvre, beaucoup dans le deuil ou bless\u00e9s, et des millions, morts ; et une seule chose triomphe : les Machines. \u00bb<\/p>\n<p>[\/et_pb_text][\/et_pb_column][\/et_pb_row][\/et_pb_section][et_pb_section fb_built=\u00a0\u00bb1&Prime; _builder_version=\u00a0\u00bb4.16&Prime; _module_preset=\u00a0\u00bbdefault\u00a0\u00bb global_colors_info=\u00a0\u00bb{}\u00a0\u00bb][et_pb_row _builder_version=\u00a0\u00bb4.16&Prime; locked=\u00a0\u00bboff\u00a0\u00bb global_colors_info=\u00a0\u00bb{}\u00a0\u00bb][et_pb_column type=\u00a0\u00bb4_4&Prime; _builder_version=\u00a0\u00bb4.16&Prime; global_colors_info=\u00a0\u00bb{}\u00a0\u00bb][et_pb_text quote_border_weight=\u00a0\u00bb4px\u00a0\u00bb quote_border_color=\u00a0\u00bb#9f8d60&Prime; _builder_version=\u00a0\u00bb4.22.2&Prime; text_line_height=\u00a0\u00bb1.9em\u00a0\u00bb quote_font=\u00a0\u00bb||on||||||\u00a0\u00bb header_font=\u00a0\u00bb||||||||\u00a0\u00bb header_text_color=\u00a0\u00bb#000000&Prime; header_3_font=\u00a0\u00bbPT Serif|700|||||||\u00a0\u00bb header_3_text_color=\u00a0\u00bb#000000&Prime; width=\u00a0\u00bb66%\u00a0\u00bb width_tablet=\u00a0\u00bb100%\u00a0\u00bb width_phone=\u00a0\u00bb\u00a0\u00bb width_last_edited=\u00a0\u00bbon|tablet\u00a0\u00bb module_alignment=\u00a0\u00bbcenter\u00a0\u00bb animation_style=\u00a0\u00bbfade\u00a0\u00bb animation_duration=\u00a0\u00bb1500ms\u00a0\u00bb global_colors_info=\u00a0\u00bb{}\u00a0\u00bb]<\/p>\n<p>Mon tr\u00e8s cher Chris,<\/p>\n<p>(\u2026)<br \/>Je suis tellement content que tu trouves<span>\u00a0<\/span><em>L\u2019Anneau<\/em><span>\u00a0<\/span>toujours aussi bon et que (apparemment) il parvienne \u00e0 faire ce qui est difficile dans un long r\u00e9cit\u00a0: maintenir une diff\u00e9rence de qualit\u00e9 et d\u2019atmosph\u00e8re entre les \u00e9v\u00e9nements qui pourraient sinon devenir facilement \u00ab\u00a0routiniers \u00bb. Pour ma part, ce qui m\u2019a probablement le plus \u00e9mu, c\u2019est le discours de Sam sur le tissu sans coutures des histoires, ainsi que la sc\u00e8ne o\u00f9 Frodo s\u2019endort contre lui, et la trag\u00e9die de Gollum, qui \u00e0 ce moment est \u00e0 un cheveu du repentir \u2013 n\u2019\u00e9tait cette rebuffade de Sam. Mais \u00ab\u00a0l\u2019\u00e9mouvant\u00a0\u00bb se trouve ici sur un plan diff\u00e9rent de<span>\u00a0<\/span><em>Celebrimbor<\/em>, etc. Il y a deux \u00e9motions totalement diff[\u00e9rentes]\u00a0: l\u2019une qui m\u2019\u00e9meut au plus haut point et que j\u2019\u00e9prouve quelque difficult\u00e9 \u00e0 \u00e9voquer \u2013 la sensation d\u00e9chirante du pass\u00e9 disparu (ce sont les mots de Gandalf au sujet du Palantir qui l\u2019expriment le mieux) ; l\u2019autre, une \u00e9motion plus \u00ab\u00a0ordinaire\u00a0\u00bb, le triomphe, le pathos, la trag\u00e9die li\u00e9e aux personnages. Celle-ci, j\u2019apprends \u00e0 l\u2019obtenir, au fur et \u00e0 mesure que j\u2019apprends \u00e0 conna\u00eetre mes cr\u00e9atures, mais elle ne se trouve pas aussi pr\u00e8s de mon c\u0153ur, et elle m\u2019est impos\u00e9e par le dilemme fondamental de la litt\u00e9rature\u00a0: une histoire doit \u00eatre racont\u00e9e, ou il n\u2019est pas d\u2019histoire, mais les histoires les plus \u00e9mouvantes sont celles que l\u2019on ne raconte pas. Je pense que<span>\u00a0<\/span><em>Celebrimbor<\/em><span>\u00a0<\/span>t\u2019\u00e9meut parce qu\u2019il v\u00e9hicule imm\u00e9diatement la sensation qu\u2019existent \u00e0 l\u2019infini des histoires<span>\u00a0<\/span><em>\u00e0 raconter<span>\u00a0<\/span><\/em>: des montagnes vues au loin, que l\u2019on n\u2019escaladera jamais, des arbres lointains (comme celui de Niggle) dont on ne s\u2019approchera jamais \u2013 ou qui ne seront plus que des \u00ab arbres proches \u00bb, si on le fait (sauf dans le Paradis ou dans la Paroisse de N.)<\/p>\n<p>Bon, je vais \u00eatre bient\u00f4t \u00e0 court de place, et il est en outre 9 h du soir, or j\u2019ai quelques lettres urgentes \u00e0 \u00e9crire, ainsi que 2 cours demain, et je dois donc songer \u00e0 tirer le rideau. Je lis avec avidit\u00e9 chaque d\u00e9tail de ta vie, les choses que tu vois et fais \u2013 et dont tu souffres, le Swing et le Boogie-Woogie entre autres. \u00c7a ne te sera pas un d\u00e9chirement de perdre cela (car c\u2019est essentiellement vulgaire, de la musique corrompue par la machine, r\u00e9sonnant dans des t\u00eates d\u00e9sol\u00e9es et affam\u00e9es), mais tu te rappelleras le reste, m\u00eame les orages et le veldt sec, et m\u00eame les odeurs du camp, lorsque tu rentreras dans cet autre pays. Je vois clairement aujourd\u2019hui dans ma m\u00e9moire, les vieilles tranch\u00e9es et les sordides baraques et les longues routes en Artois ; et j\u2019aimerais les revoir, si je le pouvais.<\/p>\n<p>J\u2019apprends la nouvelle \u00e0 l\u2019instant. Les Russes sont \u00e0 100 km de Berlin. On dirait qu\u2019un \u00e9v\u00e9n\u00e9ment d\u00e9cisif est sur le point de se produire. La destruction et les malheurs effroyables produits par cette guerre s\u2019aggravent d\u2019heure en heure\u00a0: la destruction de ce qui devrait \u00eatre (et l\u2019est effectivement) la richesse commune \u00e0 l\u2019Europe, et au monde, si l\u2019humanit\u00e9 n\u2019\u00e9tait pas aussi abrutie, richesse dont la perte nous affectera tous, vainqueurs ou non. Et pourtant les gens exultent en entendant parler des files interminables, de 60 km de long, des malheureux r\u00e9fugi\u00e9s, femmes et enfants affluant vers l\u2019ouest, mourant sur la route. Il semble ne plus y avoir aucun ressort de mis\u00e9ricorde ou de compassion, ni d\u2019imagination, en cette heure sombre et diabolique. Par cela, je ne veux pas dire que ce ne soit pas, dans la situation pr\u00e9sente \u2013 pour l\u2019essentiel (mais pas totalement) cr\u00e9\u00e9e par l\u2019Allemagne \u2013, n\u00e9cessaire et in\u00e9vitable. Mais pourquoi exulter ? Nous \u00e9tions cens\u00e9s avoir atteint un degr\u00e9 de civilisation dans lequel il pouvait encore \u00eatre n\u00e9cessaire d\u2019ex\u00e9cuter un criminel, mais non d\u2019exulter, ni de pendre femme et enfant \u00e0 c\u00f4t\u00e9 de lui tandis que la foule orque hue. La destruction de l\u2019Allemagne, f\u00fbt-elle 100 fois m\u00e9rit\u00e9e, est l\u2019une des plus effroyables catastrophes mondiales. Mais bon, toi ni moi n\u2019y pouvons rien. Ce qui devrait donner la mesure du degr\u00e9 de culpabilit\u00e9 que l\u2019on peut l\u00e9gitimement imputer \u00e0 tous ceux qui vivent dans un pays sans \u00eatre membres de son Gouvernement \u00e0 proprement parler. Donc la premi\u00e8re Guerre des Machines semble toucher \u00e0 son dernier chapitre, sans conclusion \u2013 en laissant, h\u00e9las, tout le monde plus pauvre, beaucoup dans le deuil ou bless\u00e9s, et des millions, morts ; et une seule chose qui triomphe\u00a0: les Machines. Puisque les serviteurs des Machines deviennent une classe privil\u00e9gi\u00e9e, les Machines vont \u00eatre infiniment plus puissantes. Que vont-elles faire ensuite ?<\/p>\n<p>Avec tout l\u2019amour de ton p\u00e8re<\/p>\n<p>[\/et_pb_text][\/et_pb_column][\/et_pb_row][\/et_pb_section]<\/p>\n","protected":false},"excerpt":{"rendered":"<p><span><span><a href=\"https:\/\/www.tolkienestate.com\/fr\/\">Home<\/a><\/span><\/span>\u00ab Donc la premi\u00e8re Guerre des Machines semble toucher \u00e0 son dernier chapitre, sans conclusion \u2014 en laissant, h\u00e9las, tout le monde plus pauvre, beaucoup dans le deuil ou bless\u00e9s, et des millions, morts ; et une seule chose triomphe : les Machines. \u00bbMon tr\u00e8s cher Chris, (\u2026)Je suis tellement content que tu trouves\u00a0L\u2019Anneau\u00a0toujours aussi [&hellip;]<\/p>\n","protected":false},"author":1,"featured_media":0,"parent":33980,"menu_order":0,"comment_status":"closed","ping_status":"closed","template":"","meta":{"_et_pb_use_builder":"on","_et_pb_old_content":"","_et_gb_content_width":"","footnotes":""},"class_list":["post-35454","page","type-page","status-publish","hentry"],"yoast_head":"<!-- This site is optimized with the Yoast SEO plugin v27.6 - https:\/\/yoast.com\/product\/yoast-seo-wordpress\/ -->\n<title>Lettre \u00e0 Christopher Tolkien, son fils, 30 Janvier 1945 - The Tolkien Estate<\/title>\n<meta name=\"robots\" content=\"index, follow, max-snippet:-1, max-image-preview:large, max-video-preview:-1\" \/>\n<link rel=\"canonical\" href=\"https:\/\/www.tolkienestate.com\/fr\/lettres\/lettre-a-christopher-tolkien-son-fils-30-janvier-1945\/\" \/>\n<meta property=\"og:locale\" content=\"fr_FR\" \/>\n<meta property=\"og:type\" content=\"article\" \/>\n<meta property=\"og:title\" content=\"Lettre \u00e0 Christopher Tolkien, son fils, 30 Janvier 1945 - The Tolkien Estate\" \/>\n<meta property=\"og:description\" content=\"\u00ab Donc la premi\u00e8re Guerre des Machines semble toucher \u00e0 son dernier chapitre, sans conclusion \u2014 en laissant, h\u00e9las, tout le monde plus pauvre, beaucoup dans le deuil ou bless\u00e9s, et des millions, morts ; et une seule chose triomphe : les Machines. \u00bbMon tr\u00e8s cher Chris, (\u2026)Je suis tellement content que tu trouves\u00a0L\u2019Anneau\u00a0toujours aussi [&hellip;]\" \/>\n<meta property=\"og:url\" content=\"https:\/\/www.tolkienestate.com\/fr\/lettres\/lettre-a-christopher-tolkien-son-fils-30-janvier-1945\/\" \/>\n<meta property=\"og:site_name\" content=\"The Tolkien Estate\" \/>\n<meta property=\"article:modified_time\" content=\"2023-11-27T23:07:41+00:00\" \/>\n<meta name=\"twitter:card\" content=\"summary_large_image\" \/>\n<meta name=\"twitter:label1\" content=\"Dur\u00e9e de lecture estim\u00e9e\" \/>\n\t<meta name=\"twitter:data1\" content=\"4 minutes\" \/>\n<script type=\"application\/ld+json\" class=\"yoast-schema-graph\">{\"@context\":\"https:\\\/\\\/schema.org\",\"@graph\":[{\"@type\":\"WebPage\",\"@id\":\"https:\\\/\\\/www.tolkienestate.com\\\/fr\\\/lettres\\\/lettre-a-christopher-tolkien-son-fils-30-janvier-1945\\\/\",\"url\":\"https:\\\/\\\/www.tolkienestate.com\\\/fr\\\/lettres\\\/lettre-a-christopher-tolkien-son-fils-30-janvier-1945\\\/\",\"name\":\"Lettre \u00e0 Christopher Tolkien, son fils, 30 Janvier 1945 - The Tolkien Estate\",\"isPartOf\":{\"@id\":\"https:\\\/\\\/www.tolkienestate.com\\\/#website\"},\"datePublished\":\"2020-11-26T19:09:03+00:00\",\"dateModified\":\"2023-11-27T23:07:41+00:00\",\"breadcrumb\":{\"@id\":\"https:\\\/\\\/www.tolkienestate.com\\\/fr\\\/lettres\\\/lettre-a-christopher-tolkien-son-fils-30-janvier-1945\\\/#breadcrumb\"},\"inLanguage\":\"fr-FR\",\"potentialAction\":[{\"@type\":\"ReadAction\",\"target\":[\"https:\\\/\\\/www.tolkienestate.com\\\/fr\\\/lettres\\\/lettre-a-christopher-tolkien-son-fils-30-janvier-1945\\\/\"]}]},{\"@type\":\"BreadcrumbList\",\"@id\":\"https:\\\/\\\/www.tolkienestate.com\\\/fr\\\/lettres\\\/lettre-a-christopher-tolkien-son-fils-30-janvier-1945\\\/#breadcrumb\",\"itemListElement\":[{\"@type\":\"ListItem\",\"position\":1,\"name\":\"Home\",\"item\":\"https:\\\/\\\/www.tolkienestate.com\\\/fr\\\/\"},{\"@type\":\"ListItem\",\"position\":2,\"name\":\"Lettres\",\"item\":\"https:\\\/\\\/www.tolkienestate.com\\\/fr\\\/lettres\\\/\"},{\"@type\":\"ListItem\",\"position\":3,\"name\":\"Lettre \u00e0 Christopher Tolkien, son fils, 30 Janvier 1945\"}]},{\"@type\":\"WebSite\",\"@id\":\"https:\\\/\\\/www.tolkienestate.com\\\/#website\",\"url\":\"https:\\\/\\\/www.tolkienestate.com\\\/\",\"name\":\"The Tolkien Estate\",\"description\":\"\",\"potentialAction\":[{\"@type\":\"SearchAction\",\"target\":{\"@type\":\"EntryPoint\",\"urlTemplate\":\"https:\\\/\\\/www.tolkienestate.com\\\/?s={search_term_string}\"},\"query-input\":{\"@type\":\"PropertyValueSpecification\",\"valueRequired\":true,\"valueName\":\"search_term_string\"}}],\"inLanguage\":\"fr-FR\"}]}<\/script>\n<!-- \/ Yoast SEO plugin. -->","yoast_head_json":{"title":"Lettre \u00e0 Christopher Tolkien, son fils, 30 Janvier 1945 - The Tolkien Estate","robots":{"index":"index","follow":"follow","max-snippet":"max-snippet:-1","max-image-preview":"max-image-preview:large","max-video-preview":"max-video-preview:-1"},"canonical":"https:\/\/www.tolkienestate.com\/fr\/lettres\/lettre-a-christopher-tolkien-son-fils-30-janvier-1945\/","og_locale":"fr_FR","og_type":"article","og_title":"Lettre \u00e0 Christopher Tolkien, son fils, 30 Janvier 1945 - The Tolkien Estate","og_description":"\u00ab Donc la premi\u00e8re Guerre des Machines semble toucher \u00e0 son dernier chapitre, sans conclusion \u2014 en laissant, h\u00e9las, tout le monde plus pauvre, beaucoup dans le deuil ou bless\u00e9s, et des millions, morts ; et une seule chose triomphe : les Machines. \u00bbMon tr\u00e8s cher Chris, (\u2026)Je suis tellement content que tu trouves\u00a0L\u2019Anneau\u00a0toujours aussi [&hellip;]","og_url":"https:\/\/www.tolkienestate.com\/fr\/lettres\/lettre-a-christopher-tolkien-son-fils-30-janvier-1945\/","og_site_name":"The Tolkien Estate","article_modified_time":"2023-11-27T23:07:41+00:00","twitter_card":"summary_large_image","twitter_misc":{"Dur\u00e9e de lecture estim\u00e9e":"4 minutes"},"schema":{"@context":"https:\/\/schema.org","@graph":[{"@type":"WebPage","@id":"https:\/\/www.tolkienestate.com\/fr\/lettres\/lettre-a-christopher-tolkien-son-fils-30-janvier-1945\/","url":"https:\/\/www.tolkienestate.com\/fr\/lettres\/lettre-a-christopher-tolkien-son-fils-30-janvier-1945\/","name":"Lettre \u00e0 Christopher Tolkien, son fils, 30 Janvier 1945 - The Tolkien Estate","isPartOf":{"@id":"https:\/\/www.tolkienestate.com\/#website"},"datePublished":"2020-11-26T19:09:03+00:00","dateModified":"2023-11-27T23:07:41+00:00","breadcrumb":{"@id":"https:\/\/www.tolkienestate.com\/fr\/lettres\/lettre-a-christopher-tolkien-son-fils-30-janvier-1945\/#breadcrumb"},"inLanguage":"fr-FR","potentialAction":[{"@type":"ReadAction","target":["https:\/\/www.tolkienestate.com\/fr\/lettres\/lettre-a-christopher-tolkien-son-fils-30-janvier-1945\/"]}]},{"@type":"BreadcrumbList","@id":"https:\/\/www.tolkienestate.com\/fr\/lettres\/lettre-a-christopher-tolkien-son-fils-30-janvier-1945\/#breadcrumb","itemListElement":[{"@type":"ListItem","position":1,"name":"Home","item":"https:\/\/www.tolkienestate.com\/fr\/"},{"@type":"ListItem","position":2,"name":"Lettres","item":"https:\/\/www.tolkienestate.com\/fr\/lettres\/"},{"@type":"ListItem","position":3,"name":"Lettre \u00e0 Christopher Tolkien, son fils, 30 Janvier 1945"}]},{"@type":"WebSite","@id":"https:\/\/www.tolkienestate.com\/#website","url":"https:\/\/www.tolkienestate.com\/","name":"The Tolkien Estate","description":"","potentialAction":[{"@type":"SearchAction","target":{"@type":"EntryPoint","urlTemplate":"https:\/\/www.tolkienestate.com\/?s={search_term_string}"},"query-input":{"@type":"PropertyValueSpecification","valueRequired":true,"valueName":"search_term_string"}}],"inLanguage":"fr-FR"}]}},"_links":{"self":[{"href":"https:\/\/www.tolkienestate.com\/fr\/wp-json\/wp\/v2\/pages\/35454","targetHints":{"allow":["GET"]}}],"collection":[{"href":"https:\/\/www.tolkienestate.com\/fr\/wp-json\/wp\/v2\/pages"}],"about":[{"href":"https:\/\/www.tolkienestate.com\/fr\/wp-json\/wp\/v2\/types\/page"}],"author":[{"embeddable":true,"href":"https:\/\/www.tolkienestate.com\/fr\/wp-json\/wp\/v2\/users\/1"}],"replies":[{"embeddable":true,"href":"https:\/\/www.tolkienestate.com\/fr\/wp-json\/wp\/v2\/comments?post=35454"}],"version-history":[{"count":0,"href":"https:\/\/www.tolkienestate.com\/fr\/wp-json\/wp\/v2\/pages\/35454\/revisions"}],"up":[{"embeddable":true,"href":"https:\/\/www.tolkienestate.com\/fr\/wp-json\/wp\/v2\/pages\/33980"}],"wp:attachment":[{"href":"https:\/\/www.tolkienestate.com\/fr\/wp-json\/wp\/v2\/media?parent=35454"}],"curies":[{"name":"wp","href":"https:\/\/api.w.org\/{rel}","templated":true}]}}