{"id":36792,"date":"2021-10-13T19:11:06","date_gmt":"2021-10-13T18:11:06","guid":{"rendered":"https:\/\/jrrtestate.wpengine.com\/lettres\/letter-to-stanley-unwin-his-publisher-16-dec-1937\/"},"modified":"2023-11-23T15:42:44","modified_gmt":"2023-11-23T15:42:44","slug":"lettre-a-stanley-unwin-son-editeur-16-decembre-1937","status":"publish","type":"page","link":"https:\/\/www.tolkienestate.com\/fr\/lettres\/lettre-a-stanley-unwin-son-editeur-16-decembre-1937\/","title":{"rendered":"Lettre \u00e0 Stanley Unwin, son \u00e9diteur ,16 d\u00e9cembre 1937"},"content":{"rendered":"<p>[et_pb_section fb_built=\u00a0\u00bb1&Prime; _builder_version=\u00a0\u00bb4.16&Prime; _module_preset=\u00a0\u00bbdefault\u00a0\u00bb background_color=\u00a0\u00bb#2f3534&Prime; custom_margin=\u00a0\u00bb||||false|false\u00a0\u00bb custom_padding=\u00a0\u00bb0px||0px||false|false\u00a0\u00bb animation_direction=\u00a0\u00bbtop\u00a0\u00bb border_width_bottom=\u00a0\u00bb1px\u00a0\u00bb border_color_bottom=\u00a0\u00bb#4e5956&Prime; saved_tabs=\u00a0\u00bball\u00a0\u00bb global_colors_info=\u00a0\u00bb{}\u00a0\u00bb][et_pb_row _builder_version=\u00a0\u00bb4.16&Prime; _module_preset=\u00a0\u00bbdefault\u00a0\u00bb custom_padding=\u00a0\u00bb20px||20px||false|false\u00a0\u00bb global_colors_info=\u00a0\u00bb{}\u00a0\u00bb][et_pb_column type=\u00a0\u00bb4_4&Prime; _builder_version=\u00a0\u00bb4.16&Prime; _module_preset=\u00a0\u00bbdefault\u00a0\u00bb global_colors_info=\u00a0\u00bb{}\u00a0\u00bb][et_pb_text module_class=\u00a0\u00bbyoastBC\u00a0\u00bb _builder_version=\u00a0\u00bb4.16&Prime; _module_preset=\u00a0\u00bbdefault\u00a0\u00bb text_font=\u00a0\u00bb|||on|||||\u00a0\u00bb text_text_color=\u00a0\u00bb#9f8d60&Prime; link_text_color=\u00a0\u00bb#9f8d60&Prime; text_orientation=\u00a0\u00bbcenter\u00a0\u00bb global_colors_info=\u00a0\u00bb{}\u00a0\u00bb]<span><span><a href=\"https:\/\/www.tolkienestate.com\/fr\/\">Home<\/a><\/span><\/span>[\/et_pb_text][\/et_pb_column][\/et_pb_row][\/et_pb_section][et_pb_section fb_built=\u00a0\u00bb1&Prime; _builder_version=\u00a0\u00bb4.16&Prime; _module_preset=\u00a0\u00bbdefault\u00a0\u00bb background_color=\u00a0\u00bb#383e3c\u00a0\u00bb background_enable_image=\u00a0\u00bboff\u00a0\u00bb custom_padding=\u00a0\u00bb50px||50px||false|false\u00a0\u00bb global_colors_info=\u00a0\u00bb{}\u00a0\u00bb][et_pb_row _builder_version=\u00a0\u00bb4.16&Prime; _module_preset=\u00a0\u00bbdefault\u00a0\u00bb global_colors_info=\u00a0\u00bb{}\u00a0\u00bb][et_pb_column type=\u00a0\u00bb4_4&Prime; _builder_version=\u00a0\u00bb4.16&Prime; _module_preset=\u00a0\u00bbdefault\u00a0\u00bb global_colors_info=\u00a0\u00bb{}\u00a0\u00bb][et_pb_text _builder_version=\u00a0\u00bb4.22.2&Prime; _dynamic_attributes=\u00a0\u00bbcontent\u00a0\u00bb _module_preset=\u00a0\u00bbdefault\u00a0\u00bb header_text_align=\u00a0\u00bbcenter\u00a0\u00bb header_text_color=\u00a0\u00bb#ffffff\u00a0\u00bb header_font_size=\u00a0\u00bb60px\u00a0\u00bb header_letter_spacing=\u00a0\u00bb8px\u00a0\u00bb width=\u00a0\u00bb72%\u00a0\u00bb module_alignment=\u00a0\u00bbcenter\u00a0\u00bb header_font_size_tablet=\u00a0\u00bb40px\u00a0\u00bb header_font_size_phone=\u00a0\u00bb\u00a0\u00bb header_font_size_last_edited=\u00a0\u00bbon|tablet\u00a0\u00bb header_letter_spacing_tablet=\u00a0\u00bb1px\u00a0\u00bb header_letter_spacing_phone=\u00a0\u00bb\u00a0\u00bb header_letter_spacing_last_edited=\u00a0\u00bbon|tablet\u00a0\u00bb global_colors_info=\u00a0\u00bb{}\u00a0\u00bb]@ET-DC@eyJkeW5hbWljIjp0cnVlLCJjb250ZW50IjoicG9zdF90aXRsZSIsInNldHRpbmdzIjp7ImJlZm9yZSI6IjxoMT4iLCJhZnRlciI6IjwvaDE+In19@[\/et_pb_text][\/et_pb_column][\/et_pb_row][\/et_pb_section][et_pb_section fb_built=\u00a0\u00bb1&Prime; _builder_version=\u00a0\u00bb4.16&Prime; _module_preset=\u00a0\u00bbdefault\u00a0\u00bb background_color=\u00a0\u00bb#f7f7f1&Prime; global_colors_info=\u00a0\u00bb{}\u00a0\u00bb][et_pb_row _builder_version=\u00a0\u00bb4.16&Prime; _module_preset=\u00a0\u00bbdefault\u00a0\u00bb global_colors_info=\u00a0\u00bb{}\u00a0\u00bb][et_pb_column type=\u00a0\u00bb4_4&Prime; _builder_version=\u00a0\u00bb4.16&Prime; _module_preset=\u00a0\u00bbdefault\u00a0\u00bb global_colors_info=\u00a0\u00bb{}\u00a0\u00bb][et_pb_text _builder_version=\u00a0\u00bb4.22.2&Prime; text_font_size=\u00a0\u00bb20px\u00a0\u00bb text_line_height=\u00a0\u00bb1.6em\u00a0\u00bb link_text_color=\u00a0\u00bb#9f8d60&Prime; width=\u00a0\u00bb66%\u00a0\u00bb width_tablet=\u00a0\u00bb100%\u00a0\u00bb width_phone=\u00a0\u00bb\u00a0\u00bb width_last_edited=\u00a0\u00bbon|tablet\u00a0\u00bb module_alignment=\u00a0\u00bbcenter\u00a0\u00bb hover_enabled=\u00a0\u00bb0&Prime; locked=\u00a0\u00bboff\u00a0\u00bb global_colors_info=\u00a0\u00bb{}\u00a0\u00bb sticky_enabled=\u00a0\u00bb0&Prime;]<\/p>\n<p>\u00ab M. Sacquet a commenc\u00e9 comme un r\u00e9cit comique au milieu de Nains conventionnels et inconsistants sortis d&rsquo;un conte de f\u00e9es de Grimm, et a \u00e9t\u00e9 attir\u00e9 jusqu&rsquo;au bord de cette mythologie &#8211; si bien que m\u00eame Sauron le terrible est apparu \u00e0 cet endroit. \u00bb<\/p>\n<p>[\/et_pb_text][\/et_pb_column][\/et_pb_row][\/et_pb_section][et_pb_section fb_built=\u00a0\u00bb1&Prime; _builder_version=\u00a0\u00bb4.16&Prime; _module_preset=\u00a0\u00bbdefault\u00a0\u00bb global_colors_info=\u00a0\u00bb{}\u00a0\u00bb][et_pb_row _builder_version=\u00a0\u00bb4.16&Prime; width=\u00a0\u00bb50%\u00a0\u00bb width_tablet=\u00a0\u00bb80%\u00a0\u00bb width_phone=\u00a0\u00bb\u00a0\u00bb width_last_edited=\u00a0\u00bbon|tablet\u00a0\u00bb locked=\u00a0\u00bboff\u00a0\u00bb global_colors_info=\u00a0\u00bb{}\u00a0\u00bb][et_pb_column type=\u00a0\u00bb4_4&Prime; _builder_version=\u00a0\u00bb4.16&Prime; global_colors_info=\u00a0\u00bb{}\u00a0\u00bb][et_pb_text _builder_version=\u00a0\u00bb4.22.2&Prime; text_line_height=\u00a0\u00bb1.9em\u00a0\u00bb quote_font=\u00a0\u00bb||||||||\u00a0\u00bb module_alignment=\u00a0\u00bbcenter\u00a0\u00bb global_colors_info=\u00a0\u00bb{}\u00a0\u00bb]<\/p>\n<p><span style=\"font-weight: 400;\">Cher Monsieur Unwin,<\/span><\/p>\n<p><span style=\"font-weight: 400;\">J&rsquo;ai \u00e9t\u00e9 malade et suis toujours un peu chancelant, et j&rsquo;ai eu d&rsquo;autres ennuis propres au commun des mortels, si bien que je n&rsquo;ai pas vu le temps passer : je n&rsquo;ai pratiquement rien accompli d&rsquo;aucune sorte depuis que nous nous sommes vus. La lettre du P\u00e8re No\u00ebl de 1937 n&rsquo;est pas encore \u00e9crite &#8230;\u00a0<\/span><\/p>\n<p><span style=\"font-weight: 400;\">Ma plus grande joie est d&rsquo;apprendre que le <em>Silmarillion<\/em> n&rsquo;est pas rejet\u00e9 avec m\u00e9pris. Je souffrais d&rsquo;un sentiment de peur et de perte, tout \u00e0 fait ridicule, depuis que j&rsquo;avais laiss\u00e9 partir ces absurdit\u00e9s qui me sont ch\u00e8res et personnelles ; et je pense que si elles vous avaient sembl\u00e9 absurdes, j&rsquo;en aurais \u00e9t\u00e9 vraiment accabl\u00e9. Je ne me soucie pas de la version en vers qui, malgr\u00e9 certains passages m\u00e9ritoires, pr\u00e9sente de graves d\u00e9fauts, car elle n&rsquo;est pour moi que la mati\u00e8re premi\u00e8re. Mais j&rsquo;esp\u00e8re d\u00e9sormais avoir un jour la chance, ou les moyens, de publier le <em>Silmarillion<\/em> ! Le commentaire de votre lecteur me procure beaucoup de joie. Je suis d\u00e9sol\u00e9 que les noms lui aient arrach\u00e9 les yeux &#8211; je crois personnellement (et ici je crois \u00eatre un bon juge) qu&rsquo;ils sont bons, et contribuent largement \u00e0 l&rsquo;effet. Ils sont coh\u00e9rents et logiques, et cr\u00e9\u00e9s \u00e0 partir de deux formules linguistiques apparent\u00e9es, si bien qu&rsquo;ils atteignent \u00e0 une r\u00e9alit\u00e9 pas enti\u00e8rement atteinte, \u00e0 mon sens, chez d&rsquo;autres inventeurs de noms (disons Swift ou Dunsany !). Inutile de dire qu&rsquo;ils ne sont pas celtiques ! Les r\u00e9cits non plus. Je connais en effet des choses celtiques (dont beaucoup dans leurs langues originales, l&rsquo;irlandais et le gallois), et ressens pour elles une certaine aversion : en grande partie \u00e0 cause de leur d\u00e9raison fondamentale. Elles ont de brillantes couleurs mais ressemblent \u00e0 un vitrail bris\u00e9 recompos\u00e9 au hasard. Elles sont effectivement \u00ab folles \u00bb, comme le dit votre lecteur &#8211; mais moi je ne pense pas \u00eatre fou. N\u00e9anmoins je lui suis tr\u00e8s reconnaissant de ses paroles, et savoir que le style sert bien mon dessein et m\u00eame prime sur la nomenclature m&rsquo;encourage particuli\u00e8rement.<\/span><\/p>\n<p>Je ne pensais pas que rien de ce que je vous ai d\u00e9pos\u00e9 ferait l&rsquo;affaire. Mais en revanche je voulais savoir si la moindre chose avait une quelconque valeur ext\u00e9rieure, autre que personnelle. Je pense qu&rsquo;il est clair que sans m\u00eame parler de cela, une suite \u00e0 <em>Bilbo le Hobbit<\/em>, ou un successeur, est requise. Je promets d&rsquo;y r\u00e9fl\u00e9chir avec attention. Mais je suis s\u00fbr que vous comprendrez si je vous dis que la construction d&rsquo;une mythologie \u00e9labor\u00e9e et coh\u00e9rente (et de deux langues) occupe plut\u00f4t l&rsquo;esprit, et que je porte les Silmarils dans mon c\u0153ur. Si bien que Dieu seul sait ce qui se passera. M. Sacquet a commenc\u00e9 comme un r\u00e9cit comique au milieu de Nains conventionnels et inconsistants sortis d&rsquo;un conte de f\u00e9es de Grimm, et a \u00e9t\u00e9 attir\u00e9 jusqu&rsquo;au bord de cette mythologie &#8211; si bien que m\u00eame Sauron le terrible est apparu \u00e0 cet endroit. Et qu peuvent faire de plus les Hobbits ? Ils peuvent \u00eatre comiques, mais leur c\u00f4t\u00e9 comique est polic\u00e9, \u00e0 moins d&rsquo;\u00eatre confront\u00e9 \u00e0 des choses plus essentielles. Mais les meilleures histoires concernant les Orques et les Dragons (\u00e0 mon avis) se sont d\u00e9roul\u00e9es avant leur \u00e9poque. Peut-\u00eatre une nouvelle direction (m\u00eame si elle est similaire) ? Pensez-vous que Tom Bombadil, l&rsquo;esprit de la campagne (en voie de disparition) d&rsquo;Oxford et du Berkshire, puisse \u00eatre \u00e9rig\u00e9 en h\u00e9ros d&rsquo;une histoire ? Ou bien est-il, comme je le soup\u00e7onne, totalement ench\u00e2ss\u00e9 dans les po\u00e8mes ci-joints ? N\u00e9anmoins, je pourrais \u00e9toffer son portrait.<\/p>\n<p>Quelle sont les quatre illustrations en couleur que vous utilisez ? Les cinq originaux ont-ils d\u00e9j\u00e0 \u00e9t\u00e9 retourn\u00e9s ? En reste-t-il un de disponible du dragon sur son tr\u00e9sor ? Je dois donner une conf\u00e9rence sur les <em>dragons<\/em> (au Mus\u00e9um d&rsquo;histoire naturelle) et ils veulent une illustration pour en faire une diapositive.<\/p>\n<p>Pourrais-je avoir quatre exemplaires suppl\u00e9mentaires de <em>Bilbo le Hobbit<\/em> au tarif r\u00e9serv\u00e9 \u00e0 l&rsquo;auteur, pour en faire des cadeaux de No\u00ebl ?<\/p>\n<p>Je me permets de vous souhaiter un <em>bon voyage<\/em> &#8211; et un retour sans encombre. Je suis cens\u00e9 passer sur la BBC le 14 janvier, mais je suppose que cela sera apr\u00e8s votre retour. Je serai impatient de vous revoir.<\/p>\n<p>Bien amicalement,<\/p>\n<p><span style=\"font-weight: 400;\">J.R.R. Tolkien<\/span><\/p>\n<p><span style=\"font-weight: 400;\">P.S. : J&rsquo;ai re\u00e7u plusieurs demandes, de la part d&rsquo;enfants et d&rsquo;adultes, concernant les runes, pour savoir si elles sont r\u00e9elles et peuvent \u00eatre lues. Certains enfants ont essay\u00e9 de les d\u00e9coder. Serait-ce une bonne chose de fournir un alphabet runique ? J&rsquo;ai d\u00fb en recopier un pour plusieurs personnes. Veuillez excuser le caract\u00e8re peu soign\u00e9 et d\u00e9cousu de cette lettre. Je ne me sens qu&rsquo;\u00e0 moiti\u00e9 vivant. JRRT.<\/span><\/p>\n<p>J&rsquo;ai bien re\u00e7u dans un courrier ult\u00e9rieur la <em>Geste<\/em> (en vers) ainsi que le <em>Silmarillion<\/em> et les fragments annexes.<\/p>\n<p>[\/et_pb_text][\/et_pb_column][\/et_pb_row][\/et_pb_section]<\/p>\n","protected":false},"excerpt":{"rendered":"<p><span><span><a href=\"https:\/\/www.tolkienestate.com\/fr\/\">Home<\/a><\/span><\/span>\u00ab M. Sacquet a commenc\u00e9 comme un r\u00e9cit comique au milieu de Nains conventionnels et inconsistants sortis d&rsquo;un conte de f\u00e9es de Grimm, et a \u00e9t\u00e9 attir\u00e9 jusqu&rsquo;au bord de cette mythologie &#8211; si bien que m\u00eame Sauron le terrible est apparu \u00e0 cet endroit. \u00bbCher Monsieur Unwin, J&rsquo;ai \u00e9t\u00e9 malade et suis toujours un [&hellip;]<\/p>\n","protected":false},"author":1,"featured_media":0,"parent":33980,"menu_order":0,"comment_status":"closed","ping_status":"closed","template":"","meta":{"_et_pb_use_builder":"on","_et_pb_old_content":"","_et_gb_content_width":"","footnotes":""},"class_list":["post-36792","page","type-page","status-publish","hentry"],"yoast_head":"<!-- This site is optimized with the Yoast SEO plugin v27.6 - https:\/\/yoast.com\/product\/yoast-seo-wordpress\/ -->\n<title>Lettre \u00e0 Stanley Unwin, son \u00e9diteur ,16 d\u00e9cembre 1937 - The Tolkien Estate<\/title>\n<meta name=\"robots\" content=\"index, follow, max-snippet:-1, max-image-preview:large, max-video-preview:-1\" \/>\n<link rel=\"canonical\" href=\"https:\/\/www.tolkienestate.com\/fr\/lettres\/lettre-a-stanley-unwin-son-editeur-16-decembre-1937\/\" \/>\n<meta property=\"og:locale\" content=\"fr_FR\" \/>\n<meta property=\"og:type\" content=\"article\" \/>\n<meta property=\"og:title\" content=\"Lettre \u00e0 Stanley Unwin, son \u00e9diteur ,16 d\u00e9cembre 1937 - The Tolkien Estate\" \/>\n<meta property=\"og:description\" content=\"\u00ab M. Sacquet a commenc\u00e9 comme un r\u00e9cit comique au milieu de Nains conventionnels et inconsistants sortis d&#039;un conte de f\u00e9es de Grimm, et a \u00e9t\u00e9 attir\u00e9 jusqu&#039;au bord de cette mythologie - si bien que m\u00eame Sauron le terrible est apparu \u00e0 cet endroit. \u00bbCher Monsieur Unwin, J&#039;ai \u00e9t\u00e9 malade et suis toujours un [&hellip;]\" \/>\n<meta property=\"og:url\" content=\"https:\/\/www.tolkienestate.com\/fr\/lettres\/lettre-a-stanley-unwin-son-editeur-16-decembre-1937\/\" \/>\n<meta property=\"og:site_name\" content=\"The Tolkien Estate\" \/>\n<meta property=\"article:modified_time\" content=\"2023-11-23T15:42:44+00:00\" \/>\n<meta name=\"twitter:card\" content=\"summary_large_image\" \/>\n<meta name=\"twitter:label1\" content=\"Dur\u00e9e de lecture estim\u00e9e\" \/>\n\t<meta name=\"twitter:data1\" content=\"6 minutes\" \/>\n<script type=\"application\/ld+json\" class=\"yoast-schema-graph\">{\"@context\":\"https:\\\/\\\/schema.org\",\"@graph\":[{\"@type\":\"WebPage\",\"@id\":\"https:\\\/\\\/www.tolkienestate.com\\\/fr\\\/lettres\\\/lettre-a-stanley-unwin-son-editeur-16-decembre-1937\\\/\",\"url\":\"https:\\\/\\\/www.tolkienestate.com\\\/fr\\\/lettres\\\/lettre-a-stanley-unwin-son-editeur-16-decembre-1937\\\/\",\"name\":\"Lettre \u00e0 Stanley Unwin, son \u00e9diteur ,16 d\u00e9cembre 1937 - The Tolkien Estate\",\"isPartOf\":{\"@id\":\"https:\\\/\\\/www.tolkienestate.com\\\/#website\"},\"datePublished\":\"2021-10-13T18:11:06+00:00\",\"dateModified\":\"2023-11-23T15:42:44+00:00\",\"breadcrumb\":{\"@id\":\"https:\\\/\\\/www.tolkienestate.com\\\/fr\\\/lettres\\\/lettre-a-stanley-unwin-son-editeur-16-decembre-1937\\\/#breadcrumb\"},\"inLanguage\":\"fr-FR\",\"potentialAction\":[{\"@type\":\"ReadAction\",\"target\":[\"https:\\\/\\\/www.tolkienestate.com\\\/fr\\\/lettres\\\/lettre-a-stanley-unwin-son-editeur-16-decembre-1937\\\/\"]}]},{\"@type\":\"BreadcrumbList\",\"@id\":\"https:\\\/\\\/www.tolkienestate.com\\\/fr\\\/lettres\\\/lettre-a-stanley-unwin-son-editeur-16-decembre-1937\\\/#breadcrumb\",\"itemListElement\":[{\"@type\":\"ListItem\",\"position\":1,\"name\":\"Home\",\"item\":\"https:\\\/\\\/www.tolkienestate.com\\\/fr\\\/\"},{\"@type\":\"ListItem\",\"position\":2,\"name\":\"Lettres\",\"item\":\"https:\\\/\\\/www.tolkienestate.com\\\/fr\\\/lettres\\\/\"},{\"@type\":\"ListItem\",\"position\":3,\"name\":\"Lettre \u00e0 Stanley Unwin, son \u00e9diteur ,16 d\u00e9cembre 1937\"}]},{\"@type\":\"WebSite\",\"@id\":\"https:\\\/\\\/www.tolkienestate.com\\\/#website\",\"url\":\"https:\\\/\\\/www.tolkienestate.com\\\/\",\"name\":\"The Tolkien Estate\",\"description\":\"\",\"potentialAction\":[{\"@type\":\"SearchAction\",\"target\":{\"@type\":\"EntryPoint\",\"urlTemplate\":\"https:\\\/\\\/www.tolkienestate.com\\\/?s={search_term_string}\"},\"query-input\":{\"@type\":\"PropertyValueSpecification\",\"valueRequired\":true,\"valueName\":\"search_term_string\"}}],\"inLanguage\":\"fr-FR\"}]}<\/script>\n<!-- \/ Yoast SEO plugin. -->","yoast_head_json":{"title":"Lettre \u00e0 Stanley Unwin, son \u00e9diteur ,16 d\u00e9cembre 1937 - The Tolkien Estate","robots":{"index":"index","follow":"follow","max-snippet":"max-snippet:-1","max-image-preview":"max-image-preview:large","max-video-preview":"max-video-preview:-1"},"canonical":"https:\/\/www.tolkienestate.com\/fr\/lettres\/lettre-a-stanley-unwin-son-editeur-16-decembre-1937\/","og_locale":"fr_FR","og_type":"article","og_title":"Lettre \u00e0 Stanley Unwin, son \u00e9diteur ,16 d\u00e9cembre 1937 - The Tolkien Estate","og_description":"\u00ab M. Sacquet a commenc\u00e9 comme un r\u00e9cit comique au milieu de Nains conventionnels et inconsistants sortis d'un conte de f\u00e9es de Grimm, et a \u00e9t\u00e9 attir\u00e9 jusqu'au bord de cette mythologie - si bien que m\u00eame Sauron le terrible est apparu \u00e0 cet endroit. \u00bbCher Monsieur Unwin, J'ai \u00e9t\u00e9 malade et suis toujours un [&hellip;]","og_url":"https:\/\/www.tolkienestate.com\/fr\/lettres\/lettre-a-stanley-unwin-son-editeur-16-decembre-1937\/","og_site_name":"The Tolkien Estate","article_modified_time":"2023-11-23T15:42:44+00:00","twitter_card":"summary_large_image","twitter_misc":{"Dur\u00e9e de lecture estim\u00e9e":"6 minutes"},"schema":{"@context":"https:\/\/schema.org","@graph":[{"@type":"WebPage","@id":"https:\/\/www.tolkienestate.com\/fr\/lettres\/lettre-a-stanley-unwin-son-editeur-16-decembre-1937\/","url":"https:\/\/www.tolkienestate.com\/fr\/lettres\/lettre-a-stanley-unwin-son-editeur-16-decembre-1937\/","name":"Lettre \u00e0 Stanley Unwin, son \u00e9diteur ,16 d\u00e9cembre 1937 - The Tolkien Estate","isPartOf":{"@id":"https:\/\/www.tolkienestate.com\/#website"},"datePublished":"2021-10-13T18:11:06+00:00","dateModified":"2023-11-23T15:42:44+00:00","breadcrumb":{"@id":"https:\/\/www.tolkienestate.com\/fr\/lettres\/lettre-a-stanley-unwin-son-editeur-16-decembre-1937\/#breadcrumb"},"inLanguage":"fr-FR","potentialAction":[{"@type":"ReadAction","target":["https:\/\/www.tolkienestate.com\/fr\/lettres\/lettre-a-stanley-unwin-son-editeur-16-decembre-1937\/"]}]},{"@type":"BreadcrumbList","@id":"https:\/\/www.tolkienestate.com\/fr\/lettres\/lettre-a-stanley-unwin-son-editeur-16-decembre-1937\/#breadcrumb","itemListElement":[{"@type":"ListItem","position":1,"name":"Home","item":"https:\/\/www.tolkienestate.com\/fr\/"},{"@type":"ListItem","position":2,"name":"Lettres","item":"https:\/\/www.tolkienestate.com\/fr\/lettres\/"},{"@type":"ListItem","position":3,"name":"Lettre \u00e0 Stanley Unwin, son \u00e9diteur ,16 d\u00e9cembre 1937"}]},{"@type":"WebSite","@id":"https:\/\/www.tolkienestate.com\/#website","url":"https:\/\/www.tolkienestate.com\/","name":"The Tolkien Estate","description":"","potentialAction":[{"@type":"SearchAction","target":{"@type":"EntryPoint","urlTemplate":"https:\/\/www.tolkienestate.com\/?s={search_term_string}"},"query-input":{"@type":"PropertyValueSpecification","valueRequired":true,"valueName":"search_term_string"}}],"inLanguage":"fr-FR"}]}},"_links":{"self":[{"href":"https:\/\/www.tolkienestate.com\/fr\/wp-json\/wp\/v2\/pages\/36792","targetHints":{"allow":["GET"]}}],"collection":[{"href":"https:\/\/www.tolkienestate.com\/fr\/wp-json\/wp\/v2\/pages"}],"about":[{"href":"https:\/\/www.tolkienestate.com\/fr\/wp-json\/wp\/v2\/types\/page"}],"author":[{"embeddable":true,"href":"https:\/\/www.tolkienestate.com\/fr\/wp-json\/wp\/v2\/users\/1"}],"replies":[{"embeddable":true,"href":"https:\/\/www.tolkienestate.com\/fr\/wp-json\/wp\/v2\/comments?post=36792"}],"version-history":[{"count":0,"href":"https:\/\/www.tolkienestate.com\/fr\/wp-json\/wp\/v2\/pages\/36792\/revisions"}],"up":[{"embeddable":true,"href":"https:\/\/www.tolkienestate.com\/fr\/wp-json\/wp\/v2\/pages\/33980"}],"wp:attachment":[{"href":"https:\/\/www.tolkienestate.com\/fr\/wp-json\/wp\/v2\/media?parent=36792"}],"curies":[{"name":"wp","href":"https:\/\/api.w.org\/{rel}","templated":true}]}}