{"id":36797,"date":"2021-10-13T19:28:48","date_gmt":"2021-10-13T18:28:48","guid":{"rendered":"https:\/\/jrrtestate.wpengine.com\/lettres\/michael-tolkien-1967-1968\/"},"modified":"2023-11-23T15:44:06","modified_gmt":"2023-11-23T15:44:06","slug":"lettre-a-michael-tolkien-sons-fils-1967-1968","status":"publish","type":"page","link":"https:\/\/www.tolkienestate.com\/fr\/lettres\/lettre-a-michael-tolkien-sons-fils-1967-1968\/","title":{"rendered":"Lettre \u00e0 Michael Tolkien, sons fils, 1967-1968"},"content":{"rendered":"<p>[et_pb_section fb_built=\u00a0\u00bb1&Prime; _builder_version=\u00a0\u00bb4.16&Prime; _module_preset=\u00a0\u00bbdefault\u00a0\u00bb background_color=\u00a0\u00bb#2f3534&Prime; custom_margin=\u00a0\u00bb||||false|false\u00a0\u00bb custom_padding=\u00a0\u00bb0px||0px||false|false\u00a0\u00bb animation_direction=\u00a0\u00bbtop\u00a0\u00bb border_width_bottom=\u00a0\u00bb1px\u00a0\u00bb border_color_bottom=\u00a0\u00bb#4e5956&Prime; saved_tabs=\u00a0\u00bball\u00a0\u00bb global_colors_info=\u00a0\u00bb{}\u00a0\u00bb][et_pb_row _builder_version=\u00a0\u00bb4.16&Prime; _module_preset=\u00a0\u00bbdefault\u00a0\u00bb custom_padding=\u00a0\u00bb20px||20px||false|false\u00a0\u00bb global_colors_info=\u00a0\u00bb{}\u00a0\u00bb][et_pb_column type=\u00a0\u00bb4_4&Prime; _builder_version=\u00a0\u00bb4.16&Prime; _module_preset=\u00a0\u00bbdefault\u00a0\u00bb global_colors_info=\u00a0\u00bb{}\u00a0\u00bb][et_pb_text module_class=\u00a0\u00bbyoastBC\u00a0\u00bb _builder_version=\u00a0\u00bb4.16&Prime; _module_preset=\u00a0\u00bbdefault\u00a0\u00bb text_font=\u00a0\u00bb|||on|||||\u00a0\u00bb text_text_color=\u00a0\u00bb#9f8d60&Prime; link_text_color=\u00a0\u00bb#9f8d60&Prime; text_orientation=\u00a0\u00bbcenter\u00a0\u00bb global_colors_info=\u00a0\u00bb{}\u00a0\u00bb]<span><span><a href=\"https:\/\/www.tolkienestate.com\/fr\/\">Home<\/a><\/span><\/span>[\/et_pb_text][\/et_pb_column][\/et_pb_row][\/et_pb_section][et_pb_section fb_built=\u00a0\u00bb1&Prime; _builder_version=\u00a0\u00bb4.16&Prime; _module_preset=\u00a0\u00bbdefault\u00a0\u00bb background_color=\u00a0\u00bb#383e3c\u00a0\u00bb background_enable_image=\u00a0\u00bboff\u00a0\u00bb custom_padding=\u00a0\u00bb50px||50px||false|false\u00a0\u00bb global_colors_info=\u00a0\u00bb{}\u00a0\u00bb][et_pb_row _builder_version=\u00a0\u00bb4.16&Prime; _module_preset=\u00a0\u00bbdefault\u00a0\u00bb global_colors_info=\u00a0\u00bb{}\u00a0\u00bb][et_pb_column type=\u00a0\u00bb4_4&Prime; _builder_version=\u00a0\u00bb4.16&Prime; _module_preset=\u00a0\u00bbdefault\u00a0\u00bb global_colors_info=\u00a0\u00bb{}\u00a0\u00bb][et_pb_text _builder_version=\u00a0\u00bb4.16&Prime; _dynamic_attributes=\u00a0\u00bbcontent\u00a0\u00bb _module_preset=\u00a0\u00bbdefault\u00a0\u00bb header_text_align=\u00a0\u00bbcenter\u00a0\u00bb header_text_color=\u00a0\u00bb#ffffff\u00a0\u00bb header_font_size=\u00a0\u00bb60px\u00a0\u00bb header_letter_spacing=\u00a0\u00bb8px\u00a0\u00bb width=\u00a0\u00bb72%\u00a0\u00bb module_alignment=\u00a0\u00bbcenter\u00a0\u00bb header_font_size_tablet=\u00a0\u00bb40px\u00a0\u00bb header_font_size_phone=\u00a0\u00bb\u00a0\u00bb header_font_size_last_edited=\u00a0\u00bbon|tablet\u00a0\u00bb header_letter_spacing_tablet=\u00a0\u00bb1px\u00a0\u00bb header_letter_spacing_phone=\u00a0\u00bb\u00a0\u00bb header_letter_spacing_last_edited=\u00a0\u00bbon|tablet\u00a0\u00bb global_colors_info=\u00a0\u00bb{}\u00a0\u00bb]@ET-DC@eyJkeW5hbWljIjp0cnVlLCJjb250ZW50IjoicG9zdF90aXRsZSIsInNldHRpbmdzIjp7ImJlZm9yZSI6IjxoMT4iLCJhZnRlciI6IjwvaDE+In19@[\/et_pb_text][\/et_pb_column][\/et_pb_row][\/et_pb_section][et_pb_section fb_built=\u00a0\u00bb1&Prime; _builder_version=\u00a0\u00bb4.16&Prime; _module_preset=\u00a0\u00bbdefault\u00a0\u00bb background_color=\u00a0\u00bb#f7f7f1&Prime; global_colors_info=\u00a0\u00bb{}\u00a0\u00bb][et_pb_row _builder_version=\u00a0\u00bb4.16&Prime; _module_preset=\u00a0\u00bbdefault\u00a0\u00bb global_colors_info=\u00a0\u00bb{}\u00a0\u00bb][et_pb_column type=\u00a0\u00bb4_4&Prime; _builder_version=\u00a0\u00bb4.16&Prime; _module_preset=\u00a0\u00bbdefault\u00a0\u00bb global_colors_info=\u00a0\u00bb{}\u00a0\u00bb][et_pb_text _builder_version=\u00a0\u00bb4.22.2&Prime; text_font_size=\u00a0\u00bb20px\u00a0\u00bb text_line_height=\u00a0\u00bb1.6em\u00a0\u00bb link_text_color=\u00a0\u00bb#9f8d60&Prime; width=\u00a0\u00bb66%\u00a0\u00bb width_tablet=\u00a0\u00bb100%\u00a0\u00bb width_phone=\u00a0\u00bb\u00a0\u00bb width_last_edited=\u00a0\u00bbon|tablet\u00a0\u00bb module_alignment=\u00a0\u00bbcenter\u00a0\u00bb locked=\u00a0\u00bboff\u00a0\u00bb global_colors_info=\u00a0\u00bb{}\u00a0\u00bb]<\/p>\n<p>\u00ab Le voyage du Hobbit (Bilbo) depuis Fondcombe jusqu&rsquo;\u00e0 l&rsquo;autre versant des Monts Brumeux, y compris la d\u00e9gringolade le long des pierres glissantes jusque dans le bois de pins, a pour origine mes aventures en 1911 \u00bb<\/p>\n<p>[\/et_pb_text][\/et_pb_column][\/et_pb_row][\/et_pb_section][et_pb_section fb_built=\u00a0\u00bb1&Prime; _builder_version=\u00a0\u00bb4.16&Prime; _module_preset=\u00a0\u00bbdefault\u00a0\u00bb global_colors_info=\u00a0\u00bb{}\u00a0\u00bb][et_pb_row _builder_version=\u00a0\u00bb4.16&Prime; width=\u00a0\u00bb50%\u00a0\u00bb width_tablet=\u00a0\u00bb80%\u00a0\u00bb width_phone=\u00a0\u00bb\u00a0\u00bb width_last_edited=\u00a0\u00bbon|tablet\u00a0\u00bb locked=\u00a0\u00bboff\u00a0\u00bb global_colors_info=\u00a0\u00bb{}\u00a0\u00bb][et_pb_column type=\u00a0\u00bb4_4&Prime; _builder_version=\u00a0\u00bb4.16&Prime; global_colors_info=\u00a0\u00bb{}\u00a0\u00bb][et_pb_text _builder_version=\u00a0\u00bb4.22.2&Prime; text_line_height=\u00a0\u00bb1.9em\u00a0\u00bb quote_font=\u00a0\u00bb||||||||\u00a0\u00bb module_alignment=\u00a0\u00bbcenter\u00a0\u00bb hover_enabled=\u00a0\u00bb0&Prime; global_colors_info=\u00a0\u00bb{}\u00a0\u00bb sticky_enabled=\u00a0\u00bb0&Prime;]<\/p>\n<p>Je suis &#8230; ravi que tu aies d\u00e9couvert la Suisse, et pr\u00e9cis\u00e9ment la r\u00e9gion que je connaissais le mieux autrefois, et qui me faisait une tr\u00e8s forte impression. Le voyage du Hobbit (Bilbo) depuis Fondcombe jusqu&rsquo;\u00e0 l&rsquo;autre versant des Monts Brumeux, y compris la d\u00e9gringolade le long des pierres glissants jusque dans le bois de pins, a pour origine mes aventures en 1911 &#8211; <em>l&rsquo;annus mirabilis<\/em> ensoleill\u00e9 au cours duquel il n&rsquo;y eut pratiquement pas de pluie entre avril et fin octobre, sauf la veille et le matin du couronnement de George V. (Adfuit Omen!)<\/p>\n<p>Les exp\u00e9ditions, pour l&rsquo;essentiel \u00e0 pied, de notre groupe de 12 ne forment plus une suite nette dans mon esprit, mais il reste de nombreuses images vivaces aussi nettes qu&rsquo;hier (c&rsquo;est-\u00e0-dire aussi nettes que deviennent les souvenirs les plus anciens d&rsquo;un vieil homme). Nous sommes partis \u00e0 pied en portant d&rsquo;\u00e9normes sacs pratiquement depuis Interlaken, pour l&rsquo;essentiel par des chemins de montagne, jusqu&rsquo;\u00e0 Lauterbrunnen, puis M\u00fcrren et finalement jusqu&rsquo;au sommet du Lauterbrunnenthal, sauvage et plein de moraines. Nous &#8211; les hommes &#8211; avons dormi \u00e0 la dure, souvent dans des greniers \u00e0 foin our dans des \u00e9tables, car nous suivions la carte en \u00e9vitant les routes et n&rsquo;avions jamais de r\u00e9servations, et apr\u00e8s un petit d\u00e9jeuner frugal nous mangions en plein air &#8211; avec des ustensiles de cuisine et du \u00ab spridvin \u00bb (comme le membre francophone de notre groupe, sans instruction, le disait et l&rsquo;\u00e9crivait pour d\u00e9signer l&rsquo;\u00ab alcool \u00e0 br\u00fbler \u00bb) en quantit\u00e9. Nous avons d\u00fb ensuite aller vers l&rsquo;est, en passant les deux Scheidegge jusqu&rsquo;\u00e0 Grindelwald, laissant Eiger et M\u00f6nch \u00e0 notre droite, pour enfin atteindre Meiringen. J&rsquo;ai quitt\u00e9 la vue de la <em>Jungfrau<\/em> avec un profond regret : une neige \u00e9ternelle, qui semblait se d\u00e9couper comme grav\u00e9e sur un soleil \u00e9ternel, et le <em>Silberhorn<\/em> aigu sur un bleu sombre &#8211; la <em>Corne d&rsquo;Argent<\/em> (<em>Celebdil<\/em>) de mes r\u00eaves. Nous avons ensuite travers\u00e9 la Passe de Grimsell jusqu&rsquo;\u00e0 une grand-route poussi\u00e9reuse, longeant le Rh\u00f4ne, sur laquelle roulaient encore des \u00ab diligences \u00bb &#8211; mais elles n&rsquo;\u00e9taient pas pour nous. Nous avons rejoint Brigue \u00e0 pied, dont le\u00a0 souvenir n&rsquo;est que de bruit : il y avait alors un r\u00e9seau de trams qui donnaient l&rsquo;impression de crisser 20 heures par jour au minimum. Apr\u00e8s une nuit dans ces conditions, nous avons grimp\u00e9 quelques centaines de m\u00e8tres jusqu&rsquo;\u00e0 un village situ\u00e9 au pied du glacier d&rsquo;Aletsch, o\u00f9 nous avons pass\u00e9 quelques nuits dans une auberge-chalet, sous un toit et dans des lits (ou plut\u00f4t sous les lits, le <em>bett<\/em> \u00e9tant un sac informe sous lequel on se pelotonnait). Je me souviens encore de plusieurs p\u00e9rip\u00e9ties ! L&rsquo;une : aller \u00e0 confesse en latin ; une autre moins digne \u00e9tait l&rsquo;invention d&rsquo;une m\u00e9thode pour s&rsquo;occuper de nos amis les faucheux en faisant couler de la cire chaude des chandelles sur leurs gros corps (ce que les servantes n&rsquo;approuvaient pas) ; ainsi que la pratique du jeu du castor, qui m&rsquo;avait toujours fascin\u00e9. Lieu formidable pour ce jeu, car \u00e0 cette altitude beaucoup d&rsquo;eau descendait en ruisselets, avec une abondance de mat\u00e9riau pour faire un barrage, pierres, bruy\u00e8re, herbe et boue. Nous avons rapidement obtenu un beau petit \u00ab \u00e9tang \u00bb (contenant au moins 900 litres, je dirai). Puis les affres de la faim ont commenc\u00e9 \u00e0 nous tourmenter, et l&rsquo;un des Hobbits du groupe (il est toujours en vie) a cri\u00e9 \u00ab On mange ! \u00bb et cass\u00e9 le barrage \u00e0 coups d&rsquo;alpenstock. L&rsquo;eau a d\u00e9val\u00e9 le flanc de la colline, et nous nous sommes alors aper\u00e7us que nous avions bloqu\u00e9 un cours d&rsquo;eau qui d&rsquo;ordinaire descendait nourrir les citernes et r\u00e9servoirs situ\u00e9s derri\u00e8re l&rsquo;auberge. \u00c0 ce moment-l\u00e0, une vieille dame est sortie en trottinant avec un seau pour prendre de l&rsquo;eau, et elle a \u00e9t\u00e9 accueillie par une vague d&rsquo;eau \u00e9cumante. Elle a l\u00e2ch\u00e9 son seau et s&rsquo;est enfuie en appelant tous les saints \u00e0 son aide. Nous sommes rest\u00e9s plus silencieux que des \u00ab hommes des tourbi\u00e8res \u00bb pendant quelques minutes, pour finir par rentrer en faisant un d\u00e9tour et nous pr\u00e9senter, pas tr\u00e8s propres (mais ce fut chez nous une habitude pendant tout le voyage) et tr\u00e8s innocemment au \u00ab d\u00e9jeuner \u00bb. Un autre jour nous sommes partis pour une longue ascension du glacier d&rsquo;Aletsch avec des guides &#8211; et j&rsquo;ai failli mourir. Nous avions des guides, mais soit leur exp\u00e9rience a \u00e9t\u00e9 prise en d\u00e9faut par les effets de la chaleur estivale, soit ils n&rsquo;ont pas fait tr\u00e8s attention, soit nous sommes partis trop tard. Quoi qu&rsquo;il en soit, vers midi nous nous \u00e9tirions en file indienne le long d&rsquo;un sentier \u00e9troit, avec \u00e0 notre droite une pente enneig\u00e9e qui montait jusqu&rsquo;\u00e0 l&rsquo;horizon, et \u00e0 notre gauche un ravin \u00e0 pic. L&rsquo;\u00e9t\u00e9 avait cette ann\u00e9e-l\u00e0 fait fondre beaucoup de neige, et les pierres et les rochers \u00e9taient \u00e0 nu, qui d&rsquo;ordinaire (j&rsquo;imagine) \u00e9taient recouverts. La chaleur du jour continuait \u00e0 faire fondre la neige, et nous nous sommes inqui\u00e9t\u00e9s de voir nombre d&rsquo;entre eux commencer \u00e0 d\u00e9valer la pente, de plus en plus vite : depuis la taille d&rsquo;une orange jusqu&rsquo;\u00e0 celle d&rsquo;un gros ballon de football, et certains bien plus gros encore. Ils coupaient notre route \u00e0 toute vitesse et plongeaient dans le ravin. \u00ab On nous pilonne, mesdames et messieurs. \u00bb Les rochers commen\u00e7aient \u00e0 descendre lentement, et suivaient en g\u00e9n\u00e9ral une ligne droite, mais le sentier \u00e9tait accident\u00e9 et il fallait aussi regarder o\u00f9 l&rsquo;on mettait les pieds. Je me rappelle que la personne du groupe qui \u00e9tait juste devant moi (une ma\u00eetresse d&rsquo;\u00e9cole \u00e2g\u00e9e) a soudain pouss\u00e9 un petit cri en faisant un bond en avant, au moment o\u00f9 un gros bloc de rocher passait entre nous deux. \u00c0 trente centim\u00e8tres tout au plus de mes genoux peureux. Apr\u00e8s cela, nous sommes all\u00e9s dans le Valais, et mes souvenirs sont moins pr\u00e9cis ; bien que je me rappelle notre arriv\u00e9e, tout d\u00e9braill\u00e9s, un soir \u00e0 Zermatt et les regards jet\u00e9s par les dames de la bourgeoisie fran\u00e7aise, avec leurs faces-\u00e0-main. Nous sommes mont\u00e9s avec des guides jusqu&rsquo;\u00e0 [une] cabane du Club Alpin, encord\u00e9s (sans quoi je serais tomb\u00e9 dans une crevasse), et je me souviens de la blancheur \u00e9blouissante du massif d\u00e9sert de neige qui nous s\u00e9parait de la corne noire du Cervin, situ\u00e9 \u00e0 quelques kilom\u00e8tres.<\/p>\n<p>[\/et_pb_text][\/et_pb_column][\/et_pb_row][\/et_pb_section]<\/p>\n","protected":false},"excerpt":{"rendered":"<p><span><span><a href=\"https:\/\/www.tolkienestate.com\/fr\/\">Home<\/a><\/span><\/span>\u00ab Le voyage du Hobbit (Bilbo) depuis Fondcombe jusqu&rsquo;\u00e0 l&rsquo;autre versant des Monts Brumeux, y compris la d\u00e9gringolade le long des pierres glissantes jusque dans le bois de pins, a pour origine mes aventures en 1911 \u00bbJe suis &#8230; ravi que tu aies d\u00e9couvert la Suisse, et pr\u00e9cis\u00e9ment la r\u00e9gion que je connaissais le mieux [&hellip;]<\/p>\n","protected":false},"author":1,"featured_media":0,"parent":33980,"menu_order":0,"comment_status":"closed","ping_status":"closed","template":"","meta":{"_et_pb_use_builder":"on","_et_pb_old_content":"","_et_gb_content_width":"","footnotes":""},"class_list":["post-36797","page","type-page","status-publish","hentry"],"yoast_head":"<!-- This site is optimized with the Yoast SEO plugin v27.5 - https:\/\/yoast.com\/product\/yoast-seo-wordpress\/ -->\n<title>Lettre \u00e0 Michael Tolkien, sons fils, 1967-1968 - The Tolkien Estate<\/title>\n<meta name=\"robots\" content=\"index, follow, max-snippet:-1, max-image-preview:large, max-video-preview:-1\" \/>\n<link rel=\"canonical\" href=\"https:\/\/www.tolkienestate.com\/fr\/lettres\/lettre-a-michael-tolkien-sons-fils-1967-1968\/\" \/>\n<meta property=\"og:locale\" content=\"fr_FR\" \/>\n<meta property=\"og:type\" content=\"article\" \/>\n<meta property=\"og:title\" content=\"Lettre \u00e0 Michael Tolkien, sons fils, 1967-1968 - The Tolkien Estate\" \/>\n<meta property=\"og:description\" content=\"\u00ab Le voyage du Hobbit (Bilbo) depuis Fondcombe jusqu&#039;\u00e0 l&#039;autre versant des Monts Brumeux, y compris la d\u00e9gringolade le long des pierres glissantes jusque dans le bois de pins, a pour origine mes aventures en 1911 \u00bbJe suis ... ravi que tu aies d\u00e9couvert la Suisse, et pr\u00e9cis\u00e9ment la r\u00e9gion que je connaissais le mieux [&hellip;]\" \/>\n<meta property=\"og:url\" content=\"https:\/\/www.tolkienestate.com\/fr\/lettres\/lettre-a-michael-tolkien-sons-fils-1967-1968\/\" \/>\n<meta property=\"og:site_name\" content=\"The Tolkien Estate\" \/>\n<meta property=\"article:modified_time\" content=\"2023-11-23T15:44:06+00:00\" \/>\n<meta name=\"twitter:card\" content=\"summary_large_image\" \/>\n<meta name=\"twitter:label1\" content=\"Dur\u00e9e de lecture estim\u00e9e\" \/>\n\t<meta name=\"twitter:data1\" content=\"8 minutes\" \/>\n<script type=\"application\/ld+json\" class=\"yoast-schema-graph\">{\"@context\":\"https:\\\/\\\/schema.org\",\"@graph\":[{\"@type\":\"WebPage\",\"@id\":\"https:\\\/\\\/www.tolkienestate.com\\\/fr\\\/lettres\\\/lettre-a-michael-tolkien-sons-fils-1967-1968\\\/\",\"url\":\"https:\\\/\\\/www.tolkienestate.com\\\/fr\\\/lettres\\\/lettre-a-michael-tolkien-sons-fils-1967-1968\\\/\",\"name\":\"Lettre \u00e0 Michael Tolkien, sons fils, 1967-1968 - The Tolkien Estate\",\"isPartOf\":{\"@id\":\"https:\\\/\\\/www.tolkienestate.com\\\/#website\"},\"datePublished\":\"2021-10-13T18:28:48+00:00\",\"dateModified\":\"2023-11-23T15:44:06+00:00\",\"breadcrumb\":{\"@id\":\"https:\\\/\\\/www.tolkienestate.com\\\/fr\\\/lettres\\\/lettre-a-michael-tolkien-sons-fils-1967-1968\\\/#breadcrumb\"},\"inLanguage\":\"fr-FR\",\"potentialAction\":[{\"@type\":\"ReadAction\",\"target\":[\"https:\\\/\\\/www.tolkienestate.com\\\/fr\\\/lettres\\\/lettre-a-michael-tolkien-sons-fils-1967-1968\\\/\"]}]},{\"@type\":\"BreadcrumbList\",\"@id\":\"https:\\\/\\\/www.tolkienestate.com\\\/fr\\\/lettres\\\/lettre-a-michael-tolkien-sons-fils-1967-1968\\\/#breadcrumb\",\"itemListElement\":[{\"@type\":\"ListItem\",\"position\":1,\"name\":\"Home\",\"item\":\"https:\\\/\\\/www.tolkienestate.com\\\/fr\\\/\"},{\"@type\":\"ListItem\",\"position\":2,\"name\":\"Lettres\",\"item\":\"https:\\\/\\\/www.tolkienestate.com\\\/fr\\\/lettres\\\/\"},{\"@type\":\"ListItem\",\"position\":3,\"name\":\"Lettre \u00e0 Michael Tolkien, sons fils, 1967-1968\"}]},{\"@type\":\"WebSite\",\"@id\":\"https:\\\/\\\/www.tolkienestate.com\\\/#website\",\"url\":\"https:\\\/\\\/www.tolkienestate.com\\\/\",\"name\":\"The Tolkien Estate\",\"description\":\"\",\"potentialAction\":[{\"@type\":\"SearchAction\",\"target\":{\"@type\":\"EntryPoint\",\"urlTemplate\":\"https:\\\/\\\/www.tolkienestate.com\\\/?s={search_term_string}\"},\"query-input\":{\"@type\":\"PropertyValueSpecification\",\"valueRequired\":true,\"valueName\":\"search_term_string\"}}],\"inLanguage\":\"fr-FR\"}]}<\/script>\n<!-- \/ Yoast SEO plugin. -->","yoast_head_json":{"title":"Lettre \u00e0 Michael Tolkien, sons fils, 1967-1968 - The Tolkien Estate","robots":{"index":"index","follow":"follow","max-snippet":"max-snippet:-1","max-image-preview":"max-image-preview:large","max-video-preview":"max-video-preview:-1"},"canonical":"https:\/\/www.tolkienestate.com\/fr\/lettres\/lettre-a-michael-tolkien-sons-fils-1967-1968\/","og_locale":"fr_FR","og_type":"article","og_title":"Lettre \u00e0 Michael Tolkien, sons fils, 1967-1968 - The Tolkien Estate","og_description":"\u00ab Le voyage du Hobbit (Bilbo) depuis Fondcombe jusqu'\u00e0 l'autre versant des Monts Brumeux, y compris la d\u00e9gringolade le long des pierres glissantes jusque dans le bois de pins, a pour origine mes aventures en 1911 \u00bbJe suis ... ravi que tu aies d\u00e9couvert la Suisse, et pr\u00e9cis\u00e9ment la r\u00e9gion que je connaissais le mieux [&hellip;]","og_url":"https:\/\/www.tolkienestate.com\/fr\/lettres\/lettre-a-michael-tolkien-sons-fils-1967-1968\/","og_site_name":"The Tolkien Estate","article_modified_time":"2023-11-23T15:44:06+00:00","twitter_card":"summary_large_image","twitter_misc":{"Dur\u00e9e de lecture estim\u00e9e":"8 minutes"},"schema":{"@context":"https:\/\/schema.org","@graph":[{"@type":"WebPage","@id":"https:\/\/www.tolkienestate.com\/fr\/lettres\/lettre-a-michael-tolkien-sons-fils-1967-1968\/","url":"https:\/\/www.tolkienestate.com\/fr\/lettres\/lettre-a-michael-tolkien-sons-fils-1967-1968\/","name":"Lettre \u00e0 Michael Tolkien, sons fils, 1967-1968 - The Tolkien Estate","isPartOf":{"@id":"https:\/\/www.tolkienestate.com\/#website"},"datePublished":"2021-10-13T18:28:48+00:00","dateModified":"2023-11-23T15:44:06+00:00","breadcrumb":{"@id":"https:\/\/www.tolkienestate.com\/fr\/lettres\/lettre-a-michael-tolkien-sons-fils-1967-1968\/#breadcrumb"},"inLanguage":"fr-FR","potentialAction":[{"@type":"ReadAction","target":["https:\/\/www.tolkienestate.com\/fr\/lettres\/lettre-a-michael-tolkien-sons-fils-1967-1968\/"]}]},{"@type":"BreadcrumbList","@id":"https:\/\/www.tolkienestate.com\/fr\/lettres\/lettre-a-michael-tolkien-sons-fils-1967-1968\/#breadcrumb","itemListElement":[{"@type":"ListItem","position":1,"name":"Home","item":"https:\/\/www.tolkienestate.com\/fr\/"},{"@type":"ListItem","position":2,"name":"Lettres","item":"https:\/\/www.tolkienestate.com\/fr\/lettres\/"},{"@type":"ListItem","position":3,"name":"Lettre \u00e0 Michael Tolkien, sons fils, 1967-1968"}]},{"@type":"WebSite","@id":"https:\/\/www.tolkienestate.com\/#website","url":"https:\/\/www.tolkienestate.com\/","name":"The Tolkien Estate","description":"","potentialAction":[{"@type":"SearchAction","target":{"@type":"EntryPoint","urlTemplate":"https:\/\/www.tolkienestate.com\/?s={search_term_string}"},"query-input":{"@type":"PropertyValueSpecification","valueRequired":true,"valueName":"search_term_string"}}],"inLanguage":"fr-FR"}]}},"_links":{"self":[{"href":"https:\/\/www.tolkienestate.com\/fr\/wp-json\/wp\/v2\/pages\/36797","targetHints":{"allow":["GET"]}}],"collection":[{"href":"https:\/\/www.tolkienestate.com\/fr\/wp-json\/wp\/v2\/pages"}],"about":[{"href":"https:\/\/www.tolkienestate.com\/fr\/wp-json\/wp\/v2\/types\/page"}],"author":[{"embeddable":true,"href":"https:\/\/www.tolkienestate.com\/fr\/wp-json\/wp\/v2\/users\/1"}],"replies":[{"embeddable":true,"href":"https:\/\/www.tolkienestate.com\/fr\/wp-json\/wp\/v2\/comments?post=36797"}],"version-history":[{"count":0,"href":"https:\/\/www.tolkienestate.com\/fr\/wp-json\/wp\/v2\/pages\/36797\/revisions"}],"up":[{"embeddable":true,"href":"https:\/\/www.tolkienestate.com\/fr\/wp-json\/wp\/v2\/pages\/33980"}],"wp:attachment":[{"href":"https:\/\/www.tolkienestate.com\/fr\/wp-json\/wp\/v2\/media?parent=36797"}],"curies":[{"name":"wp","href":"https:\/\/api.w.org\/{rel}","templated":true}]}}