{"id":36801,"date":"2021-10-13T19:23:48","date_gmt":"2021-10-13T18:23:48","guid":{"rendered":"https:\/\/jrrtestate.wpengine.com\/lettres\/priscilla-tolkien-26-nov-1963\/"},"modified":"2023-11-23T15:44:21","modified_gmt":"2023-11-23T15:44:21","slug":"lettre-a-priscilla-tolkien-sa-fille-26-novembre-1963","status":"publish","type":"page","link":"https:\/\/www.tolkienestate.com\/fr\/lettres\/lettre-a-priscilla-tolkien-sa-fille-26-novembre-1963\/","title":{"rendered":"Lettre \u00e0 Priscilla Tolkien, sa fille, 26 novembre 1963"},"content":{"rendered":"<p>[et_pb_section fb_built=\u00a0\u00bb1&Prime; _builder_version=\u00a0\u00bb4.16&Prime; _module_preset=\u00a0\u00bbdefault\u00a0\u00bb background_color=\u00a0\u00bb#2f3534&Prime; custom_margin=\u00a0\u00bb||||false|false\u00a0\u00bb custom_padding=\u00a0\u00bb0px||0px||false|false\u00a0\u00bb animation_direction=\u00a0\u00bbtop\u00a0\u00bb border_width_bottom=\u00a0\u00bb1px\u00a0\u00bb border_color_bottom=\u00a0\u00bb#4e5956&Prime; saved_tabs=\u00a0\u00bball\u00a0\u00bb global_colors_info=\u00a0\u00bb{}\u00a0\u00bb][et_pb_row _builder_version=\u00a0\u00bb4.16&Prime; _module_preset=\u00a0\u00bbdefault\u00a0\u00bb custom_padding=\u00a0\u00bb20px||20px||false|false\u00a0\u00bb global_colors_info=\u00a0\u00bb{}\u00a0\u00bb][et_pb_column type=\u00a0\u00bb4_4&Prime; _builder_version=\u00a0\u00bb4.16&Prime; _module_preset=\u00a0\u00bbdefault\u00a0\u00bb global_colors_info=\u00a0\u00bb{}\u00a0\u00bb][et_pb_text module_class=\u00a0\u00bbyoastBC\u00a0\u00bb _builder_version=\u00a0\u00bb4.16&Prime; _module_preset=\u00a0\u00bbdefault\u00a0\u00bb text_font=\u00a0\u00bb|||on|||||\u00a0\u00bb text_text_color=\u00a0\u00bb#9f8d60&Prime; link_text_color=\u00a0\u00bb#9f8d60&Prime; text_orientation=\u00a0\u00bbcenter\u00a0\u00bb global_colors_info=\u00a0\u00bb{}\u00a0\u00bb]<span><span><a href=\"https:\/\/www.tolkienestate.com\/fr\/\">Home<\/a><\/span><\/span>[\/et_pb_text][\/et_pb_column][\/et_pb_row][\/et_pb_section][et_pb_section fb_built=\u00a0\u00bb1&Prime; _builder_version=\u00a0\u00bb4.16&Prime; _module_preset=\u00a0\u00bbdefault\u00a0\u00bb background_color=\u00a0\u00bb#383e3c\u00a0\u00bb background_enable_image=\u00a0\u00bboff\u00a0\u00bb custom_padding=\u00a0\u00bb50px||50px||false|false\u00a0\u00bb global_colors_info=\u00a0\u00bb{}\u00a0\u00bb][et_pb_row _builder_version=\u00a0\u00bb4.16&Prime; _module_preset=\u00a0\u00bbdefault\u00a0\u00bb global_colors_info=\u00a0\u00bb{}\u00a0\u00bb][et_pb_column type=\u00a0\u00bb4_4&Prime; _builder_version=\u00a0\u00bb4.16&Prime; _module_preset=\u00a0\u00bbdefault\u00a0\u00bb global_colors_info=\u00a0\u00bb{}\u00a0\u00bb][et_pb_text _builder_version=\u00a0\u00bb4.16&Prime; _dynamic_attributes=\u00a0\u00bbcontent\u00a0\u00bb _module_preset=\u00a0\u00bbdefault\u00a0\u00bb header_text_align=\u00a0\u00bbcenter\u00a0\u00bb header_text_color=\u00a0\u00bb#ffffff\u00a0\u00bb header_font_size=\u00a0\u00bb60px\u00a0\u00bb header_letter_spacing=\u00a0\u00bb8px\u00a0\u00bb width=\u00a0\u00bb72%\u00a0\u00bb module_alignment=\u00a0\u00bbcenter\u00a0\u00bb header_font_size_tablet=\u00a0\u00bb40px\u00a0\u00bb header_font_size_phone=\u00a0\u00bb\u00a0\u00bb header_font_size_last_edited=\u00a0\u00bbon|tablet\u00a0\u00bb header_letter_spacing_tablet=\u00a0\u00bb1px\u00a0\u00bb header_letter_spacing_phone=\u00a0\u00bb\u00a0\u00bb header_letter_spacing_last_edited=\u00a0\u00bbon|tablet\u00a0\u00bb global_colors_info=\u00a0\u00bb{}\u00a0\u00bb]@ET-DC@eyJkeW5hbWljIjp0cnVlLCJjb250ZW50IjoicG9zdF90aXRsZSIsInNldHRpbmdzIjp7ImJlZm9yZSI6IjxoMT4iLCJhZnRlciI6IjwvaDE+In19@[\/et_pb_text][\/et_pb_column][\/et_pb_row][\/et_pb_section][et_pb_section fb_built=\u00a0\u00bb1&Prime; _builder_version=\u00a0\u00bb4.16&Prime; _module_preset=\u00a0\u00bbdefault\u00a0\u00bb background_color=\u00a0\u00bb#f7f7f1&Prime; global_colors_info=\u00a0\u00bb{}\u00a0\u00bb][et_pb_row _builder_version=\u00a0\u00bb4.16&Prime; _module_preset=\u00a0\u00bbdefault\u00a0\u00bb global_colors_info=\u00a0\u00bb{}\u00a0\u00bb][et_pb_column type=\u00a0\u00bb4_4&Prime; _builder_version=\u00a0\u00bb4.16&Prime; _module_preset=\u00a0\u00bbdefault\u00a0\u00bb global_colors_info=\u00a0\u00bb{}\u00a0\u00bb][et_pb_text _builder_version=\u00a0\u00bb4.22.2&Prime; text_font_size=\u00a0\u00bb20px\u00a0\u00bb text_line_height=\u00a0\u00bb1.6em\u00a0\u00bb link_text_color=\u00a0\u00bb#9f8d60&Prime; width=\u00a0\u00bb66%\u00a0\u00bb width_tablet=\u00a0\u00bb100%\u00a0\u00bb width_phone=\u00a0\u00bb\u00a0\u00bb width_last_edited=\u00a0\u00bbon|tablet\u00a0\u00bb module_alignment=\u00a0\u00bbcenter\u00a0\u00bb hover_enabled=\u00a0\u00bb0&Prime; locked=\u00a0\u00bboff\u00a0\u00bb global_colors_info=\u00a0\u00bb{}\u00a0\u00bb sticky_enabled=\u00a0\u00bb0&Prime;]<\/p>\n<p>\u00ab ceci est comme un coup de hache port\u00e9 aux racines. \u00bb<\/p>\n<p>[\/et_pb_text][\/et_pb_column][\/et_pb_row][\/et_pb_section][et_pb_section fb_built=\u00a0\u00bb1&Prime; _builder_version=\u00a0\u00bb4.16&Prime; _module_preset=\u00a0\u00bbdefault\u00a0\u00bb global_colors_info=\u00a0\u00bb{}\u00a0\u00bb][et_pb_row _builder_version=\u00a0\u00bb4.16&Prime; width=\u00a0\u00bb50%\u00a0\u00bb width_tablet=\u00a0\u00bb80%\u00a0\u00bb width_phone=\u00a0\u00bb\u00a0\u00bb width_last_edited=\u00a0\u00bbon|tablet\u00a0\u00bb locked=\u00a0\u00bboff\u00a0\u00bb global_colors_info=\u00a0\u00bb{}\u00a0\u00bb][et_pb_column type=\u00a0\u00bb4_4&Prime; _builder_version=\u00a0\u00bb4.16&Prime; global_colors_info=\u00a0\u00bb{}\u00a0\u00bb][et_pb_text _builder_version=\u00a0\u00bb4.22.2&Prime; text_line_height=\u00a0\u00bb1.9em\u00a0\u00bb quote_font=\u00a0\u00bb||||||||\u00a0\u00bb module_alignment=\u00a0\u00bbcenter\u00a0\u00bb hover_enabled=\u00a0\u00bb0&Prime; global_colors_info=\u00a0\u00bb{}\u00a0\u00bb sticky_enabled=\u00a0\u00bb0&Prime;]<\/p>\n<p>Ma tr\u00e8s ch\u00e8re petite,<\/p>\n<p>Je remercie tant pour ta lettre &#8230; Pour le moment, j&rsquo;ai \u00e9prouv\u00e9 des sentiments normaux chez un homme de mon \u00e2ge &#8211; comme un vieil arbre qui perd toutes ses feuilles une par une : mais ceci est comme un coup de hache port\u00e9 aux racines. C&rsquo;est si triste que nous nous soyons tellement \u00e9loign\u00e9s ces derni\u00e8res ann\u00e9es ; mais l&rsquo;\u00e9poque de notre \u00e9troite communion vivait encore dans nos souvenirs \u00e0 nous deux. J&rsquo;ai fait dire une messe ce matin, et y ai assist\u00e9, en servant ; et Havard et Dundas Grant \u00e9taient pr\u00e9sents. Les obs\u00e8ques \u00e0 Holy Trinity, l&rsquo;\u00e9glise de Headington Quarry \u00e0 laquelle allait Jack, ont \u00e9t\u00e9 calmes et seuls y ont assist\u00e9 les proches et quelques personnes de Magdalen [College], dont le <em>President<\/em> [Pr\u00e9sident]. C&rsquo;est Austin Farrer qui a lu le sermon. La tombe se trouve sous un m\u00e9l\u00e8ze dans un coin du cimeti\u00e8re. Douglas (Gresham) \u00e9tait le seul de la \u00ab famille \u00bb dans l&rsquo;assistance. Warnie n&rsquo;\u00e9tait h\u00e9las ! pa l\u00e0. J&rsquo;ai vu Owen Barfield, George Sayer et John Lawlor (un bon point pour lui), entre autres. Chris[topher] \u00e9tait avec nous. Il y aura une messe de souvenir officielle samedi \u00e0 14 h 15 \u00e0 Magdalen.<\/p>\n<p>C&rsquo;est vraiment tr\u00e8s gentil \u00e0 toi d&rsquo;avoir \u00e9crit, ma ch\u00e9rie &#8230;<\/p>\n<p>Que Dieu te b\u00e9nisse,\u00a0<\/p>\n<p>Papa<\/p>\n<p>[\/et_pb_text][\/et_pb_column][\/et_pb_row][\/et_pb_section]<\/p>\n","protected":false},"excerpt":{"rendered":"<p><span><span><a href=\"https:\/\/www.tolkienestate.com\/fr\/\">Home<\/a><\/span><\/span>\u00ab ceci est comme un coup de hache port\u00e9 aux racines. \u00bbMa tr\u00e8s ch\u00e8re petite, Je remercie tant pour ta lettre &#8230; Pour le moment, j&rsquo;ai \u00e9prouv\u00e9 des sentiments normaux chez un homme de mon \u00e2ge &#8211; comme un vieil arbre qui perd toutes ses feuilles une par une : mais ceci est comme un [&hellip;]<\/p>\n","protected":false},"author":1,"featured_media":0,"parent":33980,"menu_order":0,"comment_status":"closed","ping_status":"closed","template":"","meta":{"_et_pb_use_builder":"on","_et_pb_old_content":"","_et_gb_content_width":"","footnotes":""},"class_list":["post-36801","page","type-page","status-publish","hentry"],"yoast_head":"<!-- This site is optimized with the Yoast SEO plugin v27.5 - https:\/\/yoast.com\/product\/yoast-seo-wordpress\/ -->\n<title>Lettre \u00e0 Priscilla Tolkien, sa fille, 26 novembre 1963 - The Tolkien Estate<\/title>\n<meta name=\"robots\" content=\"index, follow, max-snippet:-1, max-image-preview:large, max-video-preview:-1\" \/>\n<link rel=\"canonical\" href=\"https:\/\/www.tolkienestate.com\/fr\/lettres\/lettre-a-priscilla-tolkien-sa-fille-26-novembre-1963\/\" \/>\n<meta property=\"og:locale\" content=\"fr_FR\" \/>\n<meta property=\"og:type\" content=\"article\" \/>\n<meta property=\"og:title\" content=\"Lettre \u00e0 Priscilla Tolkien, sa fille, 26 novembre 1963 - The Tolkien Estate\" \/>\n<meta property=\"og:description\" content=\"\u00ab ceci est comme un coup de hache port\u00e9 aux racines. \u00bbMa tr\u00e8s ch\u00e8re petite, Je remercie tant pour ta lettre ... Pour le moment, j&#039;ai \u00e9prouv\u00e9 des sentiments normaux chez un homme de mon \u00e2ge - comme un vieil arbre qui perd toutes ses feuilles une par une : mais ceci est comme un [&hellip;]\" \/>\n<meta property=\"og:url\" content=\"https:\/\/www.tolkienestate.com\/fr\/lettres\/lettre-a-priscilla-tolkien-sa-fille-26-novembre-1963\/\" \/>\n<meta property=\"og:site_name\" content=\"The Tolkien Estate\" \/>\n<meta property=\"article:modified_time\" content=\"2023-11-23T15:44:21+00:00\" \/>\n<meta name=\"twitter:card\" content=\"summary_large_image\" \/>\n<meta name=\"twitter:label1\" content=\"Dur\u00e9e de lecture estim\u00e9e\" \/>\n\t<meta name=\"twitter:data1\" content=\"3 minutes\" \/>\n<script type=\"application\/ld+json\" class=\"yoast-schema-graph\">{\"@context\":\"https:\\\/\\\/schema.org\",\"@graph\":[{\"@type\":\"WebPage\",\"@id\":\"https:\\\/\\\/www.tolkienestate.com\\\/fr\\\/lettres\\\/lettre-a-priscilla-tolkien-sa-fille-26-novembre-1963\\\/\",\"url\":\"https:\\\/\\\/www.tolkienestate.com\\\/fr\\\/lettres\\\/lettre-a-priscilla-tolkien-sa-fille-26-novembre-1963\\\/\",\"name\":\"Lettre \u00e0 Priscilla Tolkien, sa fille, 26 novembre 1963 - The Tolkien Estate\",\"isPartOf\":{\"@id\":\"https:\\\/\\\/www.tolkienestate.com\\\/#website\"},\"datePublished\":\"2021-10-13T18:23:48+00:00\",\"dateModified\":\"2023-11-23T15:44:21+00:00\",\"breadcrumb\":{\"@id\":\"https:\\\/\\\/www.tolkienestate.com\\\/fr\\\/lettres\\\/lettre-a-priscilla-tolkien-sa-fille-26-novembre-1963\\\/#breadcrumb\"},\"inLanguage\":\"fr-FR\",\"potentialAction\":[{\"@type\":\"ReadAction\",\"target\":[\"https:\\\/\\\/www.tolkienestate.com\\\/fr\\\/lettres\\\/lettre-a-priscilla-tolkien-sa-fille-26-novembre-1963\\\/\"]}]},{\"@type\":\"BreadcrumbList\",\"@id\":\"https:\\\/\\\/www.tolkienestate.com\\\/fr\\\/lettres\\\/lettre-a-priscilla-tolkien-sa-fille-26-novembre-1963\\\/#breadcrumb\",\"itemListElement\":[{\"@type\":\"ListItem\",\"position\":1,\"name\":\"Home\",\"item\":\"https:\\\/\\\/www.tolkienestate.com\\\/fr\\\/\"},{\"@type\":\"ListItem\",\"position\":2,\"name\":\"Lettres\",\"item\":\"https:\\\/\\\/www.tolkienestate.com\\\/fr\\\/lettres\\\/\"},{\"@type\":\"ListItem\",\"position\":3,\"name\":\"Lettre \u00e0 Priscilla Tolkien, sa fille, 26 novembre 1963\"}]},{\"@type\":\"WebSite\",\"@id\":\"https:\\\/\\\/www.tolkienestate.com\\\/#website\",\"url\":\"https:\\\/\\\/www.tolkienestate.com\\\/\",\"name\":\"The Tolkien Estate\",\"description\":\"\",\"potentialAction\":[{\"@type\":\"SearchAction\",\"target\":{\"@type\":\"EntryPoint\",\"urlTemplate\":\"https:\\\/\\\/www.tolkienestate.com\\\/?s={search_term_string}\"},\"query-input\":{\"@type\":\"PropertyValueSpecification\",\"valueRequired\":true,\"valueName\":\"search_term_string\"}}],\"inLanguage\":\"fr-FR\"}]}<\/script>\n<!-- \/ Yoast SEO plugin. -->","yoast_head_json":{"title":"Lettre \u00e0 Priscilla Tolkien, sa fille, 26 novembre 1963 - The Tolkien Estate","robots":{"index":"index","follow":"follow","max-snippet":"max-snippet:-1","max-image-preview":"max-image-preview:large","max-video-preview":"max-video-preview:-1"},"canonical":"https:\/\/www.tolkienestate.com\/fr\/lettres\/lettre-a-priscilla-tolkien-sa-fille-26-novembre-1963\/","og_locale":"fr_FR","og_type":"article","og_title":"Lettre \u00e0 Priscilla Tolkien, sa fille, 26 novembre 1963 - The Tolkien Estate","og_description":"\u00ab ceci est comme un coup de hache port\u00e9 aux racines. \u00bbMa tr\u00e8s ch\u00e8re petite, Je remercie tant pour ta lettre ... Pour le moment, j'ai \u00e9prouv\u00e9 des sentiments normaux chez un homme de mon \u00e2ge - comme un vieil arbre qui perd toutes ses feuilles une par une : mais ceci est comme un [&hellip;]","og_url":"https:\/\/www.tolkienestate.com\/fr\/lettres\/lettre-a-priscilla-tolkien-sa-fille-26-novembre-1963\/","og_site_name":"The Tolkien Estate","article_modified_time":"2023-11-23T15:44:21+00:00","twitter_card":"summary_large_image","twitter_misc":{"Dur\u00e9e de lecture estim\u00e9e":"3 minutes"},"schema":{"@context":"https:\/\/schema.org","@graph":[{"@type":"WebPage","@id":"https:\/\/www.tolkienestate.com\/fr\/lettres\/lettre-a-priscilla-tolkien-sa-fille-26-novembre-1963\/","url":"https:\/\/www.tolkienestate.com\/fr\/lettres\/lettre-a-priscilla-tolkien-sa-fille-26-novembre-1963\/","name":"Lettre \u00e0 Priscilla Tolkien, sa fille, 26 novembre 1963 - The Tolkien Estate","isPartOf":{"@id":"https:\/\/www.tolkienestate.com\/#website"},"datePublished":"2021-10-13T18:23:48+00:00","dateModified":"2023-11-23T15:44:21+00:00","breadcrumb":{"@id":"https:\/\/www.tolkienestate.com\/fr\/lettres\/lettre-a-priscilla-tolkien-sa-fille-26-novembre-1963\/#breadcrumb"},"inLanguage":"fr-FR","potentialAction":[{"@type":"ReadAction","target":["https:\/\/www.tolkienestate.com\/fr\/lettres\/lettre-a-priscilla-tolkien-sa-fille-26-novembre-1963\/"]}]},{"@type":"BreadcrumbList","@id":"https:\/\/www.tolkienestate.com\/fr\/lettres\/lettre-a-priscilla-tolkien-sa-fille-26-novembre-1963\/#breadcrumb","itemListElement":[{"@type":"ListItem","position":1,"name":"Home","item":"https:\/\/www.tolkienestate.com\/fr\/"},{"@type":"ListItem","position":2,"name":"Lettres","item":"https:\/\/www.tolkienestate.com\/fr\/lettres\/"},{"@type":"ListItem","position":3,"name":"Lettre \u00e0 Priscilla Tolkien, sa fille, 26 novembre 1963"}]},{"@type":"WebSite","@id":"https:\/\/www.tolkienestate.com\/#website","url":"https:\/\/www.tolkienestate.com\/","name":"The Tolkien Estate","description":"","potentialAction":[{"@type":"SearchAction","target":{"@type":"EntryPoint","urlTemplate":"https:\/\/www.tolkienestate.com\/?s={search_term_string}"},"query-input":{"@type":"PropertyValueSpecification","valueRequired":true,"valueName":"search_term_string"}}],"inLanguage":"fr-FR"}]}},"_links":{"self":[{"href":"https:\/\/www.tolkienestate.com\/fr\/wp-json\/wp\/v2\/pages\/36801","targetHints":{"allow":["GET"]}}],"collection":[{"href":"https:\/\/www.tolkienestate.com\/fr\/wp-json\/wp\/v2\/pages"}],"about":[{"href":"https:\/\/www.tolkienestate.com\/fr\/wp-json\/wp\/v2\/types\/page"}],"author":[{"embeddable":true,"href":"https:\/\/www.tolkienestate.com\/fr\/wp-json\/wp\/v2\/users\/1"}],"replies":[{"embeddable":true,"href":"https:\/\/www.tolkienestate.com\/fr\/wp-json\/wp\/v2\/comments?post=36801"}],"version-history":[{"count":0,"href":"https:\/\/www.tolkienestate.com\/fr\/wp-json\/wp\/v2\/pages\/36801\/revisions"}],"up":[{"embeddable":true,"href":"https:\/\/www.tolkienestate.com\/fr\/wp-json\/wp\/v2\/pages\/33980"}],"wp:attachment":[{"href":"https:\/\/www.tolkienestate.com\/fr\/wp-json\/wp\/v2\/media?parent=36801"}],"curies":[{"name":"wp","href":"https:\/\/api.w.org\/{rel}","templated":true}]}}